{"id":4219,"date":"2022-06-08T22:25:59","date_gmt":"2022-06-08T19:25:59","guid":{"rendered":"https:\/\/beebipai.ee\/?post_type=product&#038;p=4219"},"modified":"2023-05-02T20:01:08","modified_gmt":"2023-05-02T17:01:08","slug":"gabriella-rasedate-sukkpuksid-aloe-vera-ekstraktiga-20den","status":"publish","type":"product","link":"https:\/\/beebipai.ee\/en\/product\/gabriella-rasedate-sukkpuksid-aloe-vera-ekstraktiga-20den\/","title":{"rendered":"Gabriella maternity tights with Aloe Vera extract, 20den"},"content":{"rendered":"<div data-elementor-type=\"wp-post\" data-elementor-id=\"4219\" class=\"elementor elementor-4219\">\n\t\t\t\t\t\t<section class=\"elementor-section elementor-top-section elementor-element elementor-element-9a9ecbf elementor-section-boxed elementor-section-height-default elementor-section-height-default\" data-id=\"9a9ecbf\" data-element_type=\"section\" data-e-type=\"section\">\n\t\t\t\t\t\t<div class=\"elementor-container elementor-column-gap-default\">\n\t\t\t\t\t<div class=\"elementor-column elementor-col-50 elementor-top-column elementor-element elementor-element-781e516\" data-id=\"781e516\" data-element_type=\"column\" data-e-type=\"column\">\n\t\t\t<div class=\"elementor-widget-wrap elementor-element-populated\">\n\t\t\t\t\t\t<div class=\"elementor-element elementor-element-062b4e4 elementor-widget elementor-widget-heading\" data-id=\"062b4e4\" data-element_type=\"widget\" data-e-type=\"widget\" data-widget_type=\"heading.default\">\n\t\t\t\t<div class=\"elementor-widget-container\">\n\t\t\t\t\t<h2 class=\"elementor-heading-title elementor-size-default\">Gabriella maternity tights with Aloe Vera extract<\/h2>\t\t\t\t<\/div>\n\t\t\t\t<\/div>\n\t\t\t\t<div class=\"elementor-element elementor-element-5085fdc elementor-widget elementor-widget-text-editor\" data-id=\"5085fdc\" data-element_type=\"widget\" data-e-type=\"widget\" data-widget_type=\"text-editor.default\">\n\t\t\t\t<div class=\"elementor-widget-container\">\n\t\t\t\t\t\t\t\t\t<p>Gabriella's maternity tights are made for pregnancy with a special panty part that adapts to the rapidly changing body shape. The extra reinforcement on the back and the anti-pressure belt make it especially comfortable to wear during pregnancy. The tights are made of higher quality yarn, which makes them beautiful and durable. Flat seams do not gouge or hurt. The pants have cotton fabric between the legs and reinforced toe parts. Aloe Vera extract makes tights softer and more comfortable. Brings freshness, elegance and lightness to wear. Aloe Vera also has an antibacterial effect. Thanks to the special format for pregnancy, the tights do not sag or roll down from the stomach.<\/p><p>In order for tights to remain healthy and beautiful for a long time, it is important to take care of them. To maintain the bright color, shape and appearance, wash the tights either:<\/p><ul><li>hand wash with mild detergent in warm water and rinse with cold water. It is recommended not to twist the tights.<\/li><li>in the washing machine using a gentle, 30-degree washing program. It would be important here to put the tights in a special laundry bag to prevent them from stretching out. In the absence of a laundry bag, you can use, for example, a pillowcase. Also dose detergents correctly. Too much detergent or rinse aid can leave white spots on the tights.<\/li><\/ul>\t\t\t\t\t\t\t\t<\/div>\n\t\t\t\t<\/div>\n\t\t\t\t\t<\/div>\n\t\t<\/div>\n\t\t\t\t<div class=\"elementor-column elementor-col-50 elementor-top-column elementor-element elementor-element-81e162c\" data-id=\"81e162c\" data-element_type=\"column\" data-e-type=\"column\">\n\t\t\t<div class=\"elementor-widget-wrap elementor-element-populated\">\n\t\t\t\t\t\t<div class=\"elementor-element elementor-element-73def00 elementor-widget elementor-widget-image\" data-id=\"73def00\" data-element_type=\"widget\" data-e-type=\"widget\" data-widget_type=\"image.default\">\n\t\t\t\t<div class=\"elementor-widget-container\">\n\t\t\t\t\t\t\t\t\t\t\t\t\t\t\t<img fetchpriority=\"high\" decoding=\"async\" width=\"768\" height=\"768\" src=\"https:\/\/beebipai.ee\/wp-content\/uploads\/2022\/06\/Gabriella-Mamma-40den1-Copy-768x768.png\" class=\"attachment-medium_large size-medium_large wp-image-4202\" alt=\"\" srcset=\"https:\/\/beebipai.ee\/wp-content\/uploads\/2022\/06\/Gabriella-Mamma-40den1-Copy-768x768.png 768w, https:\/\/beebipai.ee\/wp-content\/uploads\/2022\/06\/Gabriella-Mamma-40den1-Copy-e1654717306281-300x300.png 300w, https:\/\/beebipai.ee\/wp-content\/uploads\/2022\/06\/Gabriella-Mamma-40den1-Copy-e1654717306281-150x150.png 150w, https:\/\/beebipai.ee\/wp-content\/uploads\/2022\/06\/Gabriella-Mamma-40den1-Copy-e1654717306281-12x12.png 12w, https:\/\/beebipai.ee\/wp-content\/uploads\/2022\/06\/Gabriella-Mamma-40den1-Copy-600x600.png 600w, https:\/\/beebipai.ee\/wp-content\/uploads\/2022\/06\/Gabriella-Mamma-40den1-Copy-e1654717306281-100x100.png 100w, https:\/\/beebipai.ee\/wp-content\/uploads\/2022\/06\/Gabriella-Mamma-40den1-Copy-e1654717306281.png 400w\" sizes=\"(max-width: 768px) 100vw, 768px\" \/>\t\t\t\t\t\t\t\t\t\t\t\t\t\t\t<\/div>\n\t\t\t\t<\/div>\n\t\t\t\t\t<\/div>\n\t\t<\/div>\n\t\t\t\t\t<\/div>\n\t\t<\/section>\n\t\t\t\t<\/div>","protected":false},"excerpt":{"rendered":"<p>Gabriella's maternity tights adapt perfectly to the growing belly. They offer comfort and ease of wearing throughout pregnancy. They support the stomach and back. Enriched with Aloe Vera extract.<\/p>","protected":false},"featured_media":4230,"template":"","meta":{"_monsterinsights_skip_tracking":false,"_monsterinsights_sitenote_active":false,"_monsterinsights_sitenote_note":"","_monsterinsights_sitenote_category":0,"site-sidebar-layout":"no-sidebar","site-content-layout":"page-builder","ast-site-content-layout":"default","site-content-style":"default","site-sidebar-style":"default","ast-global-header-display":"","ast-banner-title-visibility":"","ast-main-header-display":"","ast-hfb-above-header-display":"","ast-hfb-below-header-display":"","ast-hfb-mobile-header-display":"","site-post-title":"disabled","ast-breadcrumbs-content":"","ast-featured-img":"disabled","footer-sml-layout":"","ast-disable-related-posts":"","theme-transparent-header-meta":"default","adv-header-id-meta":"","stick-header-meta":"","header-above-stick-meta":"","header-main-stick-meta":"","header-below-stick-meta":"","astra-migrate-meta-layouts":"default","ast-page-background-enabled":"default","ast-page-background-meta":{"desktop":{"background-color":"","background-image":"","background-repeat":"repeat","background-position":"center center","background-size":"auto","background-attachment":"scroll","background-type":"","background-media":"","overlay-type":"","overlay-color":"","overlay-opacity":"","overlay-gradient":""},"tablet":{"background-color":"","background-image":"","background-repeat":"repeat","background-position":"center center","background-size":"auto","background-attachment":"scroll","background-type":"","background-media":"","overlay-type":"","overlay-color":"","overlay-opacity":"","overlay-gradient":""},"mobile":{"background-color":"","background-image":"","background-repeat":"repeat","background-position":"center center","background-size":"auto","background-attachment":"scroll","background-type":"","background-media":"","overlay-type":"","overlay-color":"","overlay-opacity":"","overlay-gradient":""}},"ast-content-background-meta":{"desktop":{"background-color":"var(--ast-global-color-5)","background-image":"","background-repeat":"repeat","background-position":"center center","background-size":"auto","background-attachment":"scroll","background-type":"","background-media":"","overlay-type":"","overlay-color":"","overlay-opacity":"","overlay-gradient":""},"tablet":{"background-color":"var(--ast-global-color-5)","background-image":"","background-repeat":"repeat","background-position":"center center","background-size":"auto","background-attachment":"scroll","background-type":"","background-media":"","overlay-type":"","overlay-color":"","overlay-opacity":"","overlay-gradient":""},"mobile":{"background-color":"var(--ast-global-color-5)","background-image":"","background-repeat":"repeat","background-position":"center center","background-size":"auto","background-attachment":"scroll","background-type":"","background-media":"","overlay-type":"","overlay-color":"","overlay-opacity":"","overlay-gradient":""}}},"product_brand":[],"product_cat":[22,130],"product_tag":[],"class_list":{"0":"post-4219","1":"product","2":"type-product","3":"status-publish","4":"has-post-thumbnail","6":"product_cat-emale","7":"product_cat-sukkpuksid-polvikud-sokid","8":"desktop-align-left","9":"tablet-align-left","10":"mobile-align-left","12":"first","13":"instock","14":"taxable","15":"shipping-taxable","16":"purchasable","17":"product-type-variable"},"yoast_head":"<!-- This site is optimized with the Yoast SEO plugin v27.4 - https:\/\/yoast.com\/product\/yoast-seo-wordpress\/ -->\n<title>Gabriella rasedate sukkp\u00fcksid Aloe Vera ekstraktiga, 20den - Beebipai<\/title>\n<meta name=\"description\" content=\"Gabriella rasedate sukkp\u00fcksid on mugavad ja praktilised raseduse ajaks. Toetavad k\u00f5htu. Vaata toodet Gabriella rasedate sukkp\u00fcksid!\" \/>\n<meta name=\"robots\" content=\"index, follow, max-snippet:-1, max-image-preview:large, max-video-preview:-1\" \/>\n<link rel=\"canonical\" href=\"https:\/\/beebipai.ee\/en\/product\/gabriella-rasedate-sukkpuksid-aloe-vera-ekstraktiga-20den\/\" \/>\n<meta property=\"og:locale\" content=\"en_US\" \/>\n<meta property=\"og:type\" content=\"article\" \/>\n<meta property=\"og:title\" content=\"Gabriella rasedate sukkp\u00fcksid Aloe Vera ekstraktiga, 20den - Beebipai\" \/>\n<meta property=\"og:description\" content=\"Gabriella rasedate sukkp\u00fcksid on mugavad ja praktilised raseduse ajaks. Toetavad k\u00f5htu. Vaata toodet Gabriella rasedate sukkp\u00fcksid!\" \/>\n<meta property=\"og:url\" content=\"https:\/\/beebipai.ee\/en\/product\/gabriella-rasedate-sukkpuksid-aloe-vera-ekstraktiga-20den\/\" \/>\n<meta property=\"og:site_name\" content=\"Beebipai\" \/>\n<meta property=\"article:modified_time\" content=\"2023-05-02T17:01:08+00:00\" \/>\n<meta property=\"og:image\" content=\"https:\/\/beebipai.ee\/wp-content\/uploads\/2022\/06\/Gabriella-mamma-20den5.jpg\" \/>\n\t<meta property=\"og:image:width\" content=\"900\" \/>\n\t<meta property=\"og:image:height\" content=\"900\" \/>\n\t<meta property=\"og:image:type\" content=\"image\/jpeg\" \/>\n<meta name=\"twitter:card\" content=\"summary_large_image\" \/>\n<meta name=\"twitter:label1\" content=\"Est. reading time\" \/>\n\t<meta name=\"twitter:data1\" content=\"2 minutes\" \/>\n<script type=\"application\/ld+json\" class=\"yoast-schema-graph\">{\"@context\":\"https:\\\/\\\/schema.org\",\"@graph\":[{\"@type\":\"WebPage\",\"@id\":\"https:\\\/\\\/beebipai.ee\\\/en\\\/product\\\/gabriella-rasedate-sukkpuksid-aloe-vera-ekstraktiga-20den\\\/\",\"url\":\"https:\\\/\\\/beebipai.ee\\\/en\\\/product\\\/gabriella-rasedate-sukkpuksid-aloe-vera-ekstraktiga-20den\\\/\",\"name\":\"Gabriella rasedate sukkp\u00fcksid Aloe Vera ekstraktiga, 20den - Beebipai\",\"isPartOf\":{\"@id\":\"https:\\\/\\\/beebipai.ee\\\/en\\\/#website\"},\"primaryImageOfPage\":{\"@id\":\"https:\\\/\\\/beebipai.ee\\\/en\\\/product\\\/gabriella-rasedate-sukkpuksid-aloe-vera-ekstraktiga-20den\\\/#primaryimage\"},\"image\":{\"@id\":\"https:\\\/\\\/beebipai.ee\\\/en\\\/product\\\/gabriella-rasedate-sukkpuksid-aloe-vera-ekstraktiga-20den\\\/#primaryimage\"},\"thumbnailUrl\":\"https:\\\/\\\/beebipai.ee\\\/wp-content\\\/uploads\\\/2022\\\/06\\\/Gabriella-mamma-20den5.jpg\",\"datePublished\":\"2022-06-08T19:25:59+00:00\",\"dateModified\":\"2023-05-02T17:01:08+00:00\",\"description\":\"Gabriella rasedate sukkp\u00fcksid on mugavad ja praktilised raseduse ajaks. Toetavad k\u00f5htu. Vaata toodet Gabriella rasedate sukkp\u00fcksid!\",\"breadcrumb\":{\"@id\":\"https:\\\/\\\/beebipai.ee\\\/en\\\/product\\\/gabriella-rasedate-sukkpuksid-aloe-vera-ekstraktiga-20den\\\/#breadcrumb\"},\"inLanguage\":\"en-US\",\"potentialAction\":[{\"@type\":\"ReadAction\",\"target\":[\"https:\\\/\\\/beebipai.ee\\\/en\\\/product\\\/gabriella-rasedate-sukkpuksid-aloe-vera-ekstraktiga-20den\\\/\"]}]},{\"@type\":\"ImageObject\",\"inLanguage\":\"en-US\",\"@id\":\"https:\\\/\\\/beebipai.ee\\\/en\\\/product\\\/gabriella-rasedate-sukkpuksid-aloe-vera-ekstraktiga-20den\\\/#primaryimage\",\"url\":\"https:\\\/\\\/beebipai.ee\\\/wp-content\\\/uploads\\\/2022\\\/06\\\/Gabriella-mamma-20den5.jpg\",\"contentUrl\":\"https:\\\/\\\/beebipai.ee\\\/wp-content\\\/uploads\\\/2022\\\/06\\\/Gabriella-mamma-20den5.jpg\",\"width\":900,\"height\":900},{\"@type\":\"BreadcrumbList\",\"@id\":\"https:\\\/\\\/beebipai.ee\\\/en\\\/product\\\/gabriella-rasedate-sukkpuksid-aloe-vera-ekstraktiga-20den\\\/#breadcrumb\",\"itemListElement\":[{\"@type\":\"ListItem\",\"position\":1,\"name\":\"Home\",\"item\":\"https:\\\/\\\/beebipai.ee\\\/\"},{\"@type\":\"ListItem\",\"position\":2,\"name\":\"Pood\",\"item\":\"https:\\\/\\\/beebipai.ee\\\/store\\\/\"},{\"@type\":\"ListItem\",\"position\":3,\"name\":\"Gabriella rasedate sukkp\u00fcksid Aloe Vera ekstraktiga, 20den\"}]},{\"@type\":\"WebSite\",\"@id\":\"https:\\\/\\\/beebipai.ee\\\/en\\\/#website\",\"url\":\"https:\\\/\\\/beebipai.ee\\\/en\\\/\",\"name\":\"Beebipai\",\"description\":\"Rasedate ja beebide veebipood\",\"potentialAction\":[{\"@type\":\"SearchAction\",\"target\":{\"@type\":\"EntryPoint\",\"urlTemplate\":\"https:\\\/\\\/beebipai.ee\\\/en\\\/?s={search_term_string}\"},\"query-input\":{\"@type\":\"PropertyValueSpecification\",\"valueRequired\":true,\"valueName\":\"search_term_string\"}}],\"inLanguage\":\"en-US\"}]}<\/script>\n<!-- \/ Yoast SEO plugin. -->","yoast_head_json":{"title":"Gabriella rasedate sukkp\u00fcksid Aloe Vera ekstraktiga, 20den - Beebipai","description":"Gabriella rasedate sukkp\u00fcksid on mugavad ja praktilised raseduse ajaks. Toetavad k\u00f5htu. Vaata toodet Gabriella rasedate sukkp\u00fcksid!","robots":{"index":"index","follow":"follow","max-snippet":"max-snippet:-1","max-image-preview":"max-image-preview:large","max-video-preview":"max-video-preview:-1"},"canonical":"https:\/\/beebipai.ee\/en\/product\/gabriella-rasedate-sukkpuksid-aloe-vera-ekstraktiga-20den\/","og_locale":"en_US","og_type":"article","og_title":"Gabriella rasedate sukkp\u00fcksid Aloe Vera ekstraktiga, 20den - Beebipai","og_description":"Gabriella rasedate sukkp\u00fcksid on mugavad ja praktilised raseduse ajaks. Toetavad k\u00f5htu. Vaata toodet Gabriella rasedate sukkp\u00fcksid!","og_url":"https:\/\/beebipai.ee\/en\/product\/gabriella-rasedate-sukkpuksid-aloe-vera-ekstraktiga-20den\/","og_site_name":"Beebipai","article_modified_time":"2023-05-02T17:01:08+00:00","og_image":[{"width":900,"height":900,"url":"https:\/\/beebipai.ee\/wp-content\/uploads\/2022\/06\/Gabriella-mamma-20den5.jpg","type":"image\/jpeg"}],"twitter_card":"summary_large_image","twitter_misc":{"Est. reading time":"2 minutes"},"schema":{"@context":"https:\/\/schema.org","@graph":[{"@type":"WebPage","@id":"https:\/\/beebipai.ee\/en\/product\/gabriella-rasedate-sukkpuksid-aloe-vera-ekstraktiga-20den\/","url":"https:\/\/beebipai.ee\/en\/product\/gabriella-rasedate-sukkpuksid-aloe-vera-ekstraktiga-20den\/","name":"Gabriella rasedate sukkp\u00fcksid Aloe Vera ekstraktiga, 20den - Beebipai","isPartOf":{"@id":"https:\/\/beebipai.ee\/en\/#website"},"primaryImageOfPage":{"@id":"https:\/\/beebipai.ee\/en\/product\/gabriella-rasedate-sukkpuksid-aloe-vera-ekstraktiga-20den\/#primaryimage"},"image":{"@id":"https:\/\/beebipai.ee\/en\/product\/gabriella-rasedate-sukkpuksid-aloe-vera-ekstraktiga-20den\/#primaryimage"},"thumbnailUrl":"https:\/\/beebipai.ee\/wp-content\/uploads\/2022\/06\/Gabriella-mamma-20den5.jpg","datePublished":"2022-06-08T19:25:59+00:00","dateModified":"2023-05-02T17:01:08+00:00","description":"Gabriella rasedate sukkp\u00fcksid on mugavad ja praktilised raseduse ajaks. Toetavad k\u00f5htu. Vaata toodet Gabriella rasedate sukkp\u00fcksid!","breadcrumb":{"@id":"https:\/\/beebipai.ee\/en\/product\/gabriella-rasedate-sukkpuksid-aloe-vera-ekstraktiga-20den\/#breadcrumb"},"inLanguage":"en-US","potentialAction":[{"@type":"ReadAction","target":["https:\/\/beebipai.ee\/en\/product\/gabriella-rasedate-sukkpuksid-aloe-vera-ekstraktiga-20den\/"]}]},{"@type":"ImageObject","inLanguage":"en-US","@id":"https:\/\/beebipai.ee\/en\/product\/gabriella-rasedate-sukkpuksid-aloe-vera-ekstraktiga-20den\/#primaryimage","url":"https:\/\/beebipai.ee\/wp-content\/uploads\/2022\/06\/Gabriella-mamma-20den5.jpg","contentUrl":"https:\/\/beebipai.ee\/wp-content\/uploads\/2022\/06\/Gabriella-mamma-20den5.jpg","width":900,"height":900},{"@type":"BreadcrumbList","@id":"https:\/\/beebipai.ee\/en\/product\/gabriella-rasedate-sukkpuksid-aloe-vera-ekstraktiga-20den\/#breadcrumb","itemListElement":[{"@type":"ListItem","position":1,"name":"Home","item":"https:\/\/beebipai.ee\/"},{"@type":"ListItem","position":2,"name":"Pood","item":"https:\/\/beebipai.ee\/store\/"},{"@type":"ListItem","position":3,"name":"Gabriella rasedate sukkp\u00fcksid Aloe Vera ekstraktiga, 20den"}]},{"@type":"WebSite","@id":"https:\/\/beebipai.ee\/en\/#website","url":"https:\/\/beebipai.ee\/en\/","name":"Beebipai","description":"Rasedate ja beebide veebipood","potentialAction":[{"@type":"SearchAction","target":{"@type":"EntryPoint","urlTemplate":"https:\/\/beebipai.ee\/en\/?s={search_term_string}"},"query-input":{"@type":"PropertyValueSpecification","valueRequired":true,"valueName":"search_term_string"}}],"inLanguage":"en-US"}]}},"_links":{"self":[{"href":"https:\/\/beebipai.ee\/en\/wp-json\/wp\/v2\/product\/4219","targetHints":{"allow":["GET"]}}],"collection":[{"href":"https:\/\/beebipai.ee\/en\/wp-json\/wp\/v2\/product"}],"about":[{"href":"https:\/\/beebipai.ee\/en\/wp-json\/wp\/v2\/types\/product"}],"version-history":[{"count":5,"href":"https:\/\/beebipai.ee\/en\/wp-json\/wp\/v2\/product\/4219\/revisions"}],"predecessor-version":[{"id":8265,"href":"https:\/\/beebipai.ee\/en\/wp-json\/wp\/v2\/product\/4219\/revisions\/8265"}],"wp:featuredmedia":[{"embeddable":true,"href":"https:\/\/beebipai.ee\/en\/wp-json\/wp\/v2\/media\/4230"}],"wp:attachment":[{"href":"https:\/\/beebipai.ee\/en\/wp-json\/wp\/v2\/media?parent=4219"}],"wp:term":[{"taxonomy":"product_brand","embeddable":true,"href":"https:\/\/beebipai.ee\/en\/wp-json\/wp\/v2\/product_brand?post=4219"},{"taxonomy":"product_cat","embeddable":true,"href":"https:\/\/beebipai.ee\/en\/wp-json\/wp\/v2\/product_cat?post=4219"},{"taxonomy":"product_tag","embeddable":true,"href":"https:\/\/beebipai.ee\/en\/wp-json\/wp\/v2\/product_tag?post=4219"}],"curies":[{"name":"wp","href":"https:\/\/api.w.org\/{rel}","templated":true}]}}