{"id":3830,"date":"2022-05-28T17:05:37","date_gmt":"2022-05-28T14:05:37","guid":{"rendered":"https:\/\/beebipai.ee\/?post_type=product&#038;p=3830"},"modified":"2026-02-11T14:15:16","modified_gmt":"2026-02-11T12:15:16","slug":"faith-in-nature-looduslik-dusigeel-kookosoliga-400ml","status":"publish","type":"product","link":"https:\/\/beebipai.ee\/en\/product\/faith-in-nature-looduslik-dusigeel-kookosoliga-400ml\/","title":{"rendered":"Faith in Nature natural shower gel with coconut oil, 400ml"},"content":{"rendered":"<div data-elementor-type=\"wp-post\" data-elementor-id=\"3830\" class=\"elementor elementor-3830\">\n\t\t\t\t\t\t<section class=\"elementor-section elementor-top-section elementor-element elementor-element-0124d23 elementor-section-boxed elementor-section-height-default elementor-section-height-default\" data-id=\"0124d23\" data-element_type=\"section\" data-e-type=\"section\">\n\t\t\t\t\t\t<div class=\"elementor-container elementor-column-gap-default\">\n\t\t\t\t\t<div class=\"elementor-column elementor-col-50 elementor-top-column elementor-element elementor-element-1ce8879\" data-id=\"1ce8879\" data-element_type=\"column\" data-e-type=\"column\">\n\t\t\t<div class=\"elementor-widget-wrap elementor-element-populated\">\n\t\t\t\t\t\t<div class=\"elementor-element elementor-element-ad85999 elementor-widget elementor-widget-heading\" data-id=\"ad85999\" data-element_type=\"widget\" data-e-type=\"widget\" data-widget_type=\"heading.default\">\n\t\t\t\t<div class=\"elementor-widget-container\">\n\t\t\t\t\t<h2 class=\"elementor-heading-title elementor-size-default\">Faith in Nature natural shower gel with organic coconut oil<\/h2>\t\t\t\t<\/div>\n\t\t\t\t<\/div>\n\t\t\t\t<div class=\"elementor-element elementor-element-3728cd8 elementor-widget elementor-widget-text-editor\" data-id=\"3728cd8\" data-element_type=\"widget\" data-e-type=\"widget\" data-widget_type=\"text-editor.default\">\n\t\t\t\t<div class=\"elementor-widget-container\">\n\t\t\t\t\t\t\t\t\t<p>In the body takes place during pregnancy, many changes. And although these changes are very positive for a growing baby, but not always for pregnant lady. There are women who\u00b4s skin shines during pregnancy and everything is better than in the past, but is also a women who surprise of the skin during pregnancy and not in the positive way. Oily skin, itchy skin, stretch marks, acne, dry skin - they can during pregnancy to come as a large surprise instead of beautiful and glowing skin. Blame is in this pregnancy offered hormonal changes.<\/p><p>If your skin has unexpected changes, then other times it will be enough a very simple remedy. To replace conventional care products to natural and organic ones. More cautiously should be choosed all the other skin care products aswell, like creams and oils<\/p><p>Skin care products during pregnancy should be natural and not contain parabens, SLS (Sodium Lauryl Sulfate), benzylperoxide, hydroquinone, salicylic acid, tetracycline, and retinoids.<\/p><div class=\"elementor-column elementor-col-50 elementor-top-column elementor-element elementor-element-fbdf767\" data-id=\"fbdf767\" data-element_type=\"column\"><div class=\"elementor-widget-wrap elementor-element-populated\"><div class=\"elementor-element elementor-element-cd6a10c elementor-widget elementor-widget-text-editor\" data-id=\"cd6a10c\" data-element_type=\"widget\" data-widget_type=\"text-editor.default\"><div class=\"elementor-widget-container\">\u00a0<\/div><\/div><\/div><\/div>\t\t\t\t\t\t\t\t<\/div>\n\t\t\t\t<\/div>\n\t\t\t\t\t<\/div>\n\t\t<\/div>\n\t\t\t\t<div class=\"elementor-column elementor-col-50 elementor-top-column elementor-element elementor-element-20979c7\" data-id=\"20979c7\" data-element_type=\"column\" data-e-type=\"column\">\n\t\t\t<div class=\"elementor-widget-wrap elementor-element-populated\">\n\t\t\t\t\t\t<div class=\"elementor-element elementor-element-3bf024f elementor-widget elementor-widget-image\" data-id=\"3bf024f\" data-element_type=\"widget\" data-e-type=\"widget\" data-widget_type=\"image.default\">\n\t\t\t\t<div class=\"elementor-widget-container\">\n\t\t\t\t\t\t\t\t\t\t\t\t\t\t\t<img fetchpriority=\"high\" decoding=\"async\" width=\"1024\" height=\"576\" src=\"https:\/\/beebipai.ee\/wp-content\/uploads\/2022\/05\/Faith-in-nature-looduslik-dusigeel-1024x576.jpg\" class=\"attachment-large size-large wp-image-3797\" alt=\"\" srcset=\"https:\/\/beebipai.ee\/wp-content\/uploads\/2022\/05\/Faith-in-nature-looduslik-dusigeel-1024x576.jpg 1024w, https:\/\/beebipai.ee\/wp-content\/uploads\/2022\/05\/Faith-in-nature-looduslik-dusigeel-e1653747293860-300x169.jpg 300w, https:\/\/beebipai.ee\/wp-content\/uploads\/2022\/05\/Faith-in-nature-looduslik-dusigeel-768x432.jpg 768w, https:\/\/beebipai.ee\/wp-content\/uploads\/2022\/05\/Faith-in-nature-looduslik-dusigeel-e1653747293860-18x10.jpg 18w, https:\/\/beebipai.ee\/wp-content\/uploads\/2022\/05\/Faith-in-nature-looduslik-dusigeel-600x338.jpg 600w, https:\/\/beebipai.ee\/wp-content\/uploads\/2022\/05\/Faith-in-nature-looduslik-dusigeel-e1653747293860.jpg 400w\" sizes=\"(max-width: 1024px) 100vw, 1024px\" \/>\t\t\t\t\t\t\t\t\t\t\t\t\t\t\t<\/div>\n\t\t\t\t<\/div>\n\t\t\t\t\t<\/div>\n\t\t<\/div>\n\t\t\t\t\t<\/div>\n\t\t<\/section>\n\t\t\t\t<section class=\"elementor-section elementor-top-section elementor-element elementor-element-dec8a2a elementor-section-boxed elementor-section-height-default elementor-section-height-default\" data-id=\"dec8a2a\" data-element_type=\"section\" data-e-type=\"section\">\n\t\t\t\t\t\t<div class=\"elementor-container elementor-column-gap-default\">\n\t\t\t\t\t<div class=\"elementor-column elementor-col-50 elementor-top-column elementor-element elementor-element-c337165\" data-id=\"c337165\" data-element_type=\"column\" data-e-type=\"column\">\n\t\t\t<div class=\"elementor-widget-wrap elementor-element-populated\">\n\t\t\t\t\t\t<div class=\"elementor-element elementor-element-8e171ec elementor-widget elementor-widget-text-editor\" data-id=\"8e171ec\" data-element_type=\"widget\" data-e-type=\"widget\" data-widget_type=\"text-editor.default\">\n\t\t\t\t<div class=\"elementor-widget-container\">\n\t\t\t\t\t\t\t\t\t<p>Faith in Nature natural vegan shower gel with coconut oil cleanses the skin gently and naturally, without breaking the skin's own natural protective layer. Coconut oil has excellent moisturizing and nourishing properties, leaving the skin very soft, smooth and moistured. The fragrance is tropical coconut.<\/p><p>Using as a body wash apply product to a humid skin or to washrag. Using as a bath bubble add product to running water<\/p><p>The product does not contain parabens or SLS compounds. Bath gel scent comes from 100% natural perfume from. The product is also suitable for vegans to.<\/p><p>Product packaging is made of recycled materials as a contribution to the ecological footprint.<\/p>\t\t\t\t\t\t\t\t<\/div>\n\t\t\t\t<\/div>\n\t\t\t\t\t<\/div>\n\t\t<\/div>\n\t\t\t\t<div class=\"elementor-column elementor-col-50 elementor-top-column elementor-element elementor-element-4abea0a\" data-id=\"4abea0a\" data-element_type=\"column\" data-e-type=\"column\">\n\t\t\t<div class=\"elementor-widget-wrap elementor-element-populated\">\n\t\t\t\t\t\t<div class=\"elementor-element elementor-element-167091f elementor-widget elementor-widget-image\" data-id=\"167091f\" data-element_type=\"widget\" data-e-type=\"widget\" data-widget_type=\"image.default\">\n\t\t\t\t<div class=\"elementor-widget-container\">\n\t\t\t\t\t\t\t\t\t\t\t\t\t\t\t<img decoding=\"async\" width=\"480\" height=\"480\" src=\"https:\/\/beebipai.ee\/wp-content\/uploads\/2022\/05\/Faith-in-nature-looduslik-palsam-kookosega.jpg\" class=\"attachment-large size-large wp-image-3789\" alt=\"\" srcset=\"https:\/\/beebipai.ee\/wp-content\/uploads\/2022\/05\/Faith-in-nature-looduslik-palsam-kookosega.jpg 480w, https:\/\/beebipai.ee\/wp-content\/uploads\/2022\/05\/Faith-in-nature-looduslik-palsam-kookosega-300x300.jpg 300w, https:\/\/beebipai.ee\/wp-content\/uploads\/2022\/05\/Faith-in-nature-looduslik-palsam-kookosega-150x150.jpg 150w, https:\/\/beebipai.ee\/wp-content\/uploads\/2022\/05\/Faith-in-nature-looduslik-palsam-kookosega-12x12.jpg 12w, https:\/\/beebipai.ee\/wp-content\/uploads\/2022\/05\/Faith-in-nature-looduslik-palsam-kookosega-100x100.jpg 100w\" sizes=\"(max-width: 480px) 100vw, 480px\" \/>\t\t\t\t\t\t\t\t\t\t\t\t\t\t\t<\/div>\n\t\t\t\t<\/div>\n\t\t\t\t\t<\/div>\n\t\t<\/div>\n\t\t\t\t\t<\/div>\n\t\t<\/section>\n\t\t\t\t<\/div>","protected":false},"excerpt":{"rendered":"<p>Faith in Nature natural vegan shower gel with organic coconut oil softens and moisturizes skin deeply. The effect on skin is calming and balancing.<\/p>\n<p>Suitable for everyday use from the age of 3, as well as during pregnancy and lactation<\/p>\n<p>99% of the ingredients are natural, 100% biodegradable<\/p>\n<p>Produced In England<\/p>","protected":false},"featured_media":3831,"template":"","meta":{"_monsterinsights_skip_tracking":false,"_monsterinsights_sitenote_active":false,"_monsterinsights_sitenote_note":"","_monsterinsights_sitenote_category":0,"site-sidebar-layout":"no-sidebar","site-content-layout":"page-builder","ast-site-content-layout":"full-width-container","site-content-style":"unboxed","site-sidebar-style":"unboxed","ast-global-header-display":"","ast-banner-title-visibility":"","ast-main-header-display":"","ast-hfb-above-header-display":"","ast-hfb-below-header-display":"","ast-hfb-mobile-header-display":"","site-post-title":"disabled","ast-breadcrumbs-content":"","ast-featured-img":"disabled","footer-sml-layout":"","ast-disable-related-posts":"","theme-transparent-header-meta":"default","adv-header-id-meta":"","stick-header-meta":"","header-above-stick-meta":"","header-main-stick-meta":"","header-below-stick-meta":"","astra-migrate-meta-layouts":"set","ast-page-background-enabled":"default","ast-page-background-meta":{"desktop":{"background-color":"","background-image":"","background-repeat":"repeat","background-position":"center center","background-size":"auto","background-attachment":"scroll","background-type":"","background-media":"","overlay-type":"","overlay-color":"","overlay-opacity":"","overlay-gradient":""},"tablet":{"background-color":"","background-image":"","background-repeat":"repeat","background-position":"center center","background-size":"auto","background-attachment":"scroll","background-type":"","background-media":"","overlay-type":"","overlay-color":"","overlay-opacity":"","overlay-gradient":""},"mobile":{"background-color":"","background-image":"","background-repeat":"repeat","background-position":"center center","background-size":"auto","background-attachment":"scroll","background-type":"","background-media":"","overlay-type":"","overlay-color":"","overlay-opacity":"","overlay-gradient":""}},"ast-content-background-meta":{"desktop":{"background-color":"var(--ast-global-color-5)","background-image":"","background-repeat":"repeat","background-position":"center center","background-size":"auto","background-attachment":"scroll","background-type":"","background-media":"","overlay-type":"","overlay-color":"","overlay-opacity":"","overlay-gradient":""},"tablet":{"background-color":"var(--ast-global-color-5)","background-image":"","background-repeat":"repeat","background-position":"center center","background-size":"auto","background-attachment":"scroll","background-type":"","background-media":"","overlay-type":"","overlay-color":"","overlay-opacity":"","overlay-gradient":""},"mobile":{"background-color":"var(--ast-global-color-5)","background-image":"","background-repeat":"repeat","background-position":"center center","background-size":"auto","background-attachment":"scroll","background-type":"","background-media":"","overlay-type":"","overlay-color":"","overlay-opacity":"","overlay-gradient":""}}},"product_brand":[],"product_cat":[112,22],"product_tag":[],"class_list":{"0":"post-3830","1":"product","2":"type-product","3":"status-publish","4":"has-post-thumbnail","6":"product_cat-dusigeelid-sampoonid-palsamid","7":"product_cat-emale","8":"desktop-align-left","9":"tablet-align-left","10":"mobile-align-left","12":"first","13":"instock","14":"sale","15":"taxable","16":"shipping-taxable","17":"purchasable","18":"product-type-simple"},"yoast_head":"<!-- This site is optimized with the Yoast SEO plugin v27.4 - https:\/\/yoast.com\/product\/yoast-seo-wordpress\/ -->\n<title>Faith in Nature looduslik du\u0161igeel kookos\u00f5liga, 400ml - Beebipai<\/title>\n<meta name=\"description\" content=\"Faith in Nature looduslik du\u0161igeel kookos\u00f5liga rasedatele. Pehmendab ja niisutab nahka. Vaata toodet Faith in Nature looduslik du\u0161igeel kookos\u00f5liga!\" \/>\n<meta name=\"robots\" content=\"index, follow, max-snippet:-1, max-image-preview:large, max-video-preview:-1\" \/>\n<link rel=\"canonical\" href=\"https:\/\/beebipai.ee\/en\/product\/faith-in-nature-looduslik-dusigeel-kookosoliga-400ml\/\" \/>\n<meta property=\"og:locale\" content=\"en_US\" \/>\n<meta property=\"og:type\" content=\"article\" \/>\n<meta property=\"og:title\" content=\"Faith in Nature looduslik du\u0161igeel kookos\u00f5liga, 400ml - Beebipai\" \/>\n<meta property=\"og:description\" content=\"Faith in Nature looduslik du\u0161igeel kookos\u00f5liga rasedatele. Pehmendab ja niisutab nahka. Vaata toodet Faith in Nature looduslik du\u0161igeel kookos\u00f5liga!\" \/>\n<meta property=\"og:url\" content=\"https:\/\/beebipai.ee\/en\/product\/faith-in-nature-looduslik-dusigeel-kookosoliga-400ml\/\" \/>\n<meta property=\"og:site_name\" content=\"Beebipai\" \/>\n<meta property=\"article:modified_time\" content=\"2026-02-11T12:15:16+00:00\" \/>\n<meta property=\"og:image\" content=\"https:\/\/beebipai.ee\/wp-content\/uploads\/2022\/05\/Faith-in-Nature-looduslik-dusigeel-kookosoliga.jpg\" \/>\n\t<meta property=\"og:image:width\" content=\"355\" \/>\n\t<meta property=\"og:image:height\" content=\"355\" \/>\n\t<meta property=\"og:image:type\" content=\"image\/jpeg\" \/>\n<meta name=\"twitter:card\" content=\"summary_large_image\" \/>\n<meta name=\"twitter:label1\" content=\"Est. reading time\" \/>\n\t<meta name=\"twitter:data1\" content=\"1 minute\" \/>\n<script type=\"application\/ld+json\" class=\"yoast-schema-graph\">{\"@context\":\"https:\\\/\\\/schema.org\",\"@graph\":[{\"@type\":\"WebPage\",\"@id\":\"https:\\\/\\\/beebipai.ee\\\/product\\\/faith-in-nature-looduslik-dusigeel-kookosoliga-400ml\\\/\",\"url\":\"https:\\\/\\\/beebipai.ee\\\/product\\\/faith-in-nature-looduslik-dusigeel-kookosoliga-400ml\\\/\",\"name\":\"Faith in Nature looduslik du\u0161igeel kookos\u00f5liga, 400ml - Beebipai\",\"isPartOf\":{\"@id\":\"https:\\\/\\\/beebipai.ee\\\/en\\\/#website\"},\"primaryImageOfPage\":{\"@id\":\"https:\\\/\\\/beebipai.ee\\\/product\\\/faith-in-nature-looduslik-dusigeel-kookosoliga-400ml\\\/#primaryimage\"},\"image\":{\"@id\":\"https:\\\/\\\/beebipai.ee\\\/product\\\/faith-in-nature-looduslik-dusigeel-kookosoliga-400ml\\\/#primaryimage\"},\"thumbnailUrl\":\"https:\\\/\\\/beebipai.ee\\\/wp-content\\\/uploads\\\/2022\\\/05\\\/Faith-in-Nature-looduslik-dusigeel-kookosoliga.jpg\",\"datePublished\":\"2022-05-28T14:05:37+00:00\",\"dateModified\":\"2026-02-11T12:15:16+00:00\",\"description\":\"Faith in Nature looduslik du\u0161igeel kookos\u00f5liga rasedatele. Pehmendab ja niisutab nahka. Vaata toodet Faith in Nature looduslik du\u0161igeel kookos\u00f5liga!\",\"breadcrumb\":{\"@id\":\"https:\\\/\\\/beebipai.ee\\\/product\\\/faith-in-nature-looduslik-dusigeel-kookosoliga-400ml\\\/#breadcrumb\"},\"inLanguage\":\"en-US\",\"potentialAction\":[{\"@type\":\"ReadAction\",\"target\":[\"https:\\\/\\\/beebipai.ee\\\/product\\\/faith-in-nature-looduslik-dusigeel-kookosoliga-400ml\\\/\"]}]},{\"@type\":\"ImageObject\",\"inLanguage\":\"en-US\",\"@id\":\"https:\\\/\\\/beebipai.ee\\\/product\\\/faith-in-nature-looduslik-dusigeel-kookosoliga-400ml\\\/#primaryimage\",\"url\":\"https:\\\/\\\/beebipai.ee\\\/wp-content\\\/uploads\\\/2022\\\/05\\\/Faith-in-Nature-looduslik-dusigeel-kookosoliga.jpg\",\"contentUrl\":\"https:\\\/\\\/beebipai.ee\\\/wp-content\\\/uploads\\\/2022\\\/05\\\/Faith-in-Nature-looduslik-dusigeel-kookosoliga.jpg\",\"width\":355,\"height\":355},{\"@type\":\"BreadcrumbList\",\"@id\":\"https:\\\/\\\/beebipai.ee\\\/product\\\/faith-in-nature-looduslik-dusigeel-kookosoliga-400ml\\\/#breadcrumb\",\"itemListElement\":[{\"@type\":\"ListItem\",\"position\":1,\"name\":\"Home\",\"item\":\"https:\\\/\\\/beebipai.ee\\\/\"},{\"@type\":\"ListItem\",\"position\":2,\"name\":\"Pood\",\"item\":\"https:\\\/\\\/beebipai.ee\\\/store\\\/\"},{\"@type\":\"ListItem\",\"position\":3,\"name\":\"Faith in Nature looduslik du\u0161igeel kookos\u00f5liga, 400ml\"}]},{\"@type\":\"WebSite\",\"@id\":\"https:\\\/\\\/beebipai.ee\\\/en\\\/#website\",\"url\":\"https:\\\/\\\/beebipai.ee\\\/en\\\/\",\"name\":\"Beebipai\",\"description\":\"Rasedate ja beebide veebipood\",\"potentialAction\":[{\"@type\":\"SearchAction\",\"target\":{\"@type\":\"EntryPoint\",\"urlTemplate\":\"https:\\\/\\\/beebipai.ee\\\/en\\\/?s={search_term_string}\"},\"query-input\":{\"@type\":\"PropertyValueSpecification\",\"valueRequired\":true,\"valueName\":\"search_term_string\"}}],\"inLanguage\":\"en-US\"}]}<\/script>\n<!-- \/ Yoast SEO plugin. -->","yoast_head_json":{"title":"Faith in Nature looduslik du\u0161igeel kookos\u00f5liga, 400ml - Beebipai","description":"Faith in Nature looduslik du\u0161igeel kookos\u00f5liga rasedatele. Pehmendab ja niisutab nahka. Vaata toodet Faith in Nature looduslik du\u0161igeel kookos\u00f5liga!","robots":{"index":"index","follow":"follow","max-snippet":"max-snippet:-1","max-image-preview":"max-image-preview:large","max-video-preview":"max-video-preview:-1"},"canonical":"https:\/\/beebipai.ee\/en\/product\/faith-in-nature-looduslik-dusigeel-kookosoliga-400ml\/","og_locale":"en_US","og_type":"article","og_title":"Faith in Nature looduslik du\u0161igeel kookos\u00f5liga, 400ml - Beebipai","og_description":"Faith in Nature looduslik du\u0161igeel kookos\u00f5liga rasedatele. Pehmendab ja niisutab nahka. Vaata toodet Faith in Nature looduslik du\u0161igeel kookos\u00f5liga!","og_url":"https:\/\/beebipai.ee\/en\/product\/faith-in-nature-looduslik-dusigeel-kookosoliga-400ml\/","og_site_name":"Beebipai","article_modified_time":"2026-02-11T12:15:16+00:00","og_image":[{"width":355,"height":355,"url":"https:\/\/beebipai.ee\/wp-content\/uploads\/2022\/05\/Faith-in-Nature-looduslik-dusigeel-kookosoliga.jpg","type":"image\/jpeg"}],"twitter_card":"summary_large_image","twitter_misc":{"Est. reading time":"1 minute"},"schema":{"@context":"https:\/\/schema.org","@graph":[{"@type":"WebPage","@id":"https:\/\/beebipai.ee\/product\/faith-in-nature-looduslik-dusigeel-kookosoliga-400ml\/","url":"https:\/\/beebipai.ee\/product\/faith-in-nature-looduslik-dusigeel-kookosoliga-400ml\/","name":"Faith in Nature looduslik du\u0161igeel kookos\u00f5liga, 400ml - Beebipai","isPartOf":{"@id":"https:\/\/beebipai.ee\/en\/#website"},"primaryImageOfPage":{"@id":"https:\/\/beebipai.ee\/product\/faith-in-nature-looduslik-dusigeel-kookosoliga-400ml\/#primaryimage"},"image":{"@id":"https:\/\/beebipai.ee\/product\/faith-in-nature-looduslik-dusigeel-kookosoliga-400ml\/#primaryimage"},"thumbnailUrl":"https:\/\/beebipai.ee\/wp-content\/uploads\/2022\/05\/Faith-in-Nature-looduslik-dusigeel-kookosoliga.jpg","datePublished":"2022-05-28T14:05:37+00:00","dateModified":"2026-02-11T12:15:16+00:00","description":"Faith in Nature looduslik du\u0161igeel kookos\u00f5liga rasedatele. Pehmendab ja niisutab nahka. Vaata toodet Faith in Nature looduslik du\u0161igeel kookos\u00f5liga!","breadcrumb":{"@id":"https:\/\/beebipai.ee\/product\/faith-in-nature-looduslik-dusigeel-kookosoliga-400ml\/#breadcrumb"},"inLanguage":"en-US","potentialAction":[{"@type":"ReadAction","target":["https:\/\/beebipai.ee\/product\/faith-in-nature-looduslik-dusigeel-kookosoliga-400ml\/"]}]},{"@type":"ImageObject","inLanguage":"en-US","@id":"https:\/\/beebipai.ee\/product\/faith-in-nature-looduslik-dusigeel-kookosoliga-400ml\/#primaryimage","url":"https:\/\/beebipai.ee\/wp-content\/uploads\/2022\/05\/Faith-in-Nature-looduslik-dusigeel-kookosoliga.jpg","contentUrl":"https:\/\/beebipai.ee\/wp-content\/uploads\/2022\/05\/Faith-in-Nature-looduslik-dusigeel-kookosoliga.jpg","width":355,"height":355},{"@type":"BreadcrumbList","@id":"https:\/\/beebipai.ee\/product\/faith-in-nature-looduslik-dusigeel-kookosoliga-400ml\/#breadcrumb","itemListElement":[{"@type":"ListItem","position":1,"name":"Home","item":"https:\/\/beebipai.ee\/"},{"@type":"ListItem","position":2,"name":"Pood","item":"https:\/\/beebipai.ee\/store\/"},{"@type":"ListItem","position":3,"name":"Faith in Nature looduslik du\u0161igeel kookos\u00f5liga, 400ml"}]},{"@type":"WebSite","@id":"https:\/\/beebipai.ee\/en\/#website","url":"https:\/\/beebipai.ee\/en\/","name":"Beebipai","description":"Rasedate ja beebide veebipood","potentialAction":[{"@type":"SearchAction","target":{"@type":"EntryPoint","urlTemplate":"https:\/\/beebipai.ee\/en\/?s={search_term_string}"},"query-input":{"@type":"PropertyValueSpecification","valueRequired":true,"valueName":"search_term_string"}}],"inLanguage":"en-US"}]}},"_links":{"self":[{"href":"https:\/\/beebipai.ee\/en\/wp-json\/wp\/v2\/product\/3830","targetHints":{"allow":["GET"]}}],"collection":[{"href":"https:\/\/beebipai.ee\/en\/wp-json\/wp\/v2\/product"}],"about":[{"href":"https:\/\/beebipai.ee\/en\/wp-json\/wp\/v2\/types\/product"}],"version-history":[{"count":5,"href":"https:\/\/beebipai.ee\/en\/wp-json\/wp\/v2\/product\/3830\/revisions"}],"predecessor-version":[{"id":13448,"href":"https:\/\/beebipai.ee\/en\/wp-json\/wp\/v2\/product\/3830\/revisions\/13448"}],"wp:featuredmedia":[{"embeddable":true,"href":"https:\/\/beebipai.ee\/en\/wp-json\/wp\/v2\/media\/3831"}],"wp:attachment":[{"href":"https:\/\/beebipai.ee\/en\/wp-json\/wp\/v2\/media?parent=3830"}],"wp:term":[{"taxonomy":"product_brand","embeddable":true,"href":"https:\/\/beebipai.ee\/en\/wp-json\/wp\/v2\/product_brand?post=3830"},{"taxonomy":"product_cat","embeddable":true,"href":"https:\/\/beebipai.ee\/en\/wp-json\/wp\/v2\/product_cat?post=3830"},{"taxonomy":"product_tag","embeddable":true,"href":"https:\/\/beebipai.ee\/en\/wp-json\/wp\/v2\/product_tag?post=3830"}],"curies":[{"name":"wp","href":"https:\/\/api.w.org\/{rel}","templated":true}]}}