{"id":3735,"date":"2022-05-27T10:25:21","date_gmt":"2022-05-27T07:25:21","guid":{"rendered":"https:\/\/beebipai.ee\/?post_type=product&#038;p=3735"},"modified":"2022-10-01T12:49:46","modified_gmt":"2022-10-01T09:49:46","slug":"neobulle-orgaaniline-venitusarme-parandav-oli-9ml","status":"publish","type":"product","link":"https:\/\/beebipai.ee\/en\/product\/neobulle-orgaaniline-venitusarme-parandav-oli-9ml\/","title":{"rendered":"Neobulle organic stretch mark repair oil, 9ml"},"content":{"rendered":"<div data-elementor-type=\"wp-post\" data-elementor-id=\"3735\" class=\"elementor elementor-3735\">\n\t\t\t\t\t\t<section class=\"elementor-section elementor-top-section elementor-element elementor-element-8699906 elementor-section-boxed elementor-section-height-default elementor-section-height-default\" data-id=\"8699906\" data-element_type=\"section\" data-e-type=\"section\">\n\t\t\t\t\t\t<div class=\"elementor-container elementor-column-gap-default\">\n\t\t\t\t\t<div class=\"elementor-column elementor-col-50 elementor-top-column elementor-element elementor-element-3e89682\" data-id=\"3e89682\" data-element_type=\"column\" data-e-type=\"column\">\n\t\t\t<div class=\"elementor-widget-wrap elementor-element-populated\">\n\t\t\t\t\t\t<div class=\"elementor-element elementor-element-a5552b4 elementor-widget elementor-widget-heading\" data-id=\"a5552b4\" data-element_type=\"widget\" data-e-type=\"widget\" data-widget_type=\"heading.default\">\n\t\t\t\t<div class=\"elementor-widget-container\">\n\t\t\t\t\t<h2 class=\"elementor-heading-title elementor-size-default\">Organic Stretch Marks Remedy<\/h2>\t\t\t\t<\/div>\n\t\t\t\t<\/div>\n\t\t\t\t<div class=\"elementor-element elementor-element-b27b6c3 elementor-widget elementor-widget-text-editor\" data-id=\"b27b6c3\" data-element_type=\"widget\" data-e-type=\"widget\" data-widget_type=\"text-editor.default\">\n\t\t\t\t<div class=\"elementor-widget-container\">\n\t\t\t\t\t\t\t\t\t<p>Stretch marks, or stretch marks, are caused by excessive stretching and tearing of collagen fibers in the deeper layer of the skin. They initially appear on the outer surface of the skin as dark pink\/purple lines of varying width. Over time, they become a little narrower and brighter.<\/p><p>Stretch marks occur during the rapid growth and development of the body. The most typical time for the appearance of stretch marks is the teenage years and babyhood. The genetic factor also plays a very large role in the formation of stretch marks. Most often, stretch marks appear in areas with more fatty tissue such as buttocks, thighs, stomach, breasts.<\/p><p>Stretch marks do not affect a person's physical health or ability to cope in any way. However, the problem is cosmetic, and for many women it affects mental health and balance, self-esteem to a great extent, and promotes the development of a negative self-image.\u00a0<\/p><p>You can reduce the risk of stretch marks yourself by eating a balanced and healthy diet, consuming enough fluids, keeping your weight within acceptable limits, and providing your skin with adequate and regular hydration with anti-stretch mark care products.<\/p>\t\t\t\t\t\t\t\t<\/div>\n\t\t\t\t<\/div>\n\t\t\t\t\t<\/div>\n\t\t<\/div>\n\t\t\t\t<div class=\"elementor-column elementor-col-50 elementor-top-column elementor-element elementor-element-38dc2d0\" data-id=\"38dc2d0\" data-element_type=\"column\" data-e-type=\"column\">\n\t\t\t<div class=\"elementor-widget-wrap elementor-element-populated\">\n\t\t\t\t\t\t<div class=\"elementor-element elementor-element-431b6cf elementor-widget elementor-widget-image\" data-id=\"431b6cf\" data-element_type=\"widget\" data-e-type=\"widget\" data-widget_type=\"image.default\">\n\t\t\t\t<div class=\"elementor-widget-container\">\n\t\t\t\t\t\t\t\t\t\t\t\t\t\t\t<img fetchpriority=\"high\" decoding=\"async\" width=\"400\" height=\"292\" src=\"https:\/\/beebipai.ee\/wp-content\/uploads\/2022\/05\/Neobulle-orgaaniline-venituarme-parandav-oli2-e1653636454945.jpg\" class=\"attachment-large size-large wp-image-3736\" alt=\"\" srcset=\"https:\/\/beebipai.ee\/wp-content\/uploads\/2022\/05\/Neobulle-orgaaniline-venituarme-parandav-oli2-e1653636454945.jpg 400w, https:\/\/beebipai.ee\/wp-content\/uploads\/2022\/05\/Neobulle-orgaaniline-venituarme-parandav-oli2-e1653636454945-300x219.jpg 300w, https:\/\/beebipai.ee\/wp-content\/uploads\/2022\/05\/Neobulle-orgaaniline-venituarme-parandav-oli2-e1653636454945-16x12.jpg 16w\" sizes=\"(max-width: 400px) 100vw, 400px\" \/>\t\t\t\t\t\t\t\t\t\t\t\t\t\t\t<\/div>\n\t\t\t\t<\/div>\n\t\t\t\t\t<\/div>\n\t\t<\/div>\n\t\t\t\t\t<\/div>\n\t\t<\/section>\n\t\t\t\t<section class=\"elementor-section elementor-top-section elementor-element elementor-element-43280ed elementor-section-boxed elementor-section-height-default elementor-section-height-default\" data-id=\"43280ed\" data-element_type=\"section\" data-e-type=\"section\">\n\t\t\t\t\t\t<div class=\"elementor-container elementor-column-gap-default\">\n\t\t\t\t\t<div class=\"elementor-column elementor-col-50 elementor-top-column elementor-element elementor-element-f80bf49\" data-id=\"f80bf49\" data-element_type=\"column\" data-e-type=\"column\">\n\t\t\t<div class=\"elementor-widget-wrap elementor-element-populated\">\n\t\t\t\t\t\t<div class=\"elementor-element elementor-element-2697fe6 elementor-widget elementor-widget-text-editor\" data-id=\"2697fe6\" data-element_type=\"widget\" data-e-type=\"widget\" data-widget_type=\"text-editor.default\">\n\t\t\t\t<div class=\"elementor-widget-container\">\n\t\t\t\t\t\t\t\t\t<p>It is very difficult to do anything about stretch marks that have already appeared. There are very few effective methods for their complete removal.\u00a0<\/p><p>It is important to start treating stretch marks as soon as possible. Ideally, when they are still dark. The aim of the treatment is to stimulate the synthesis of collagen in the dermis, which helps restore the broken skin structure and improves the aesthetic appearance of the skin. Broadly speaking, stretch mark healing options can be divided into two groups. Topical oils and creams, which, when absorbed into the skin, help restore torn areas and various procedures such as chemical exfoliation, laser treatment, dermal plastic surgery.<\/p><p>Neobulle stretch mark healing oil is easily absorbed into the skin and intensively improves the skin structure. Contains 6 organic vegetable oils that restore the scar area, harmonize the skin structure and soften the skin.\u00a0<\/p><p>Regular use of oil is very important for the effectiveness of skin restoration and repair. Roll the required amount of oil on the stretch marks 3 times a day. Massage in circular motions until the oil is completely absorbed.\u00a0<\/p>\t\t\t\t\t\t\t\t<\/div>\n\t\t\t\t<\/div>\n\t\t\t\t<div class=\"elementor-element elementor-element-dbe5d53 elementor-icon-list--layout-traditional elementor-list-item-link-full_width elementor-widget elementor-widget-icon-list\" data-id=\"dbe5d53\" data-element_type=\"widget\" data-e-type=\"widget\" data-widget_type=\"icon-list.default\">\n\t\t\t\t<div class=\"elementor-widget-container\">\n\t\t\t\t\t\t\t<ul class=\"elementor-icon-list-items\">\n\t\t\t\t\t\t\t<li class=\"elementor-icon-list-item\">\n\t\t\t\t\t\t\t\t\t\t\t<span class=\"elementor-icon-list-icon\">\n\t\t\t\t\t\t\t<i aria-hidden=\"true\" class=\"fas fa-check\"><\/i>\t\t\t\t\t\t<\/span>\n\t\t\t\t\t\t\t\t\t\t<span class=\"elementor-icon-list-text\">Anti-stretch mark organic rosehip oil - with exceptional healing, restorative and softening properties<\/span>\n\t\t\t\t\t\t\t\t\t<\/li>\n\t\t\t\t\t\t\t\t<li class=\"elementor-icon-list-item\">\n\t\t\t\t\t\t\t\t\t\t\t<span class=\"elementor-icon-list-icon\">\n\t\t\t\t\t\t\t<i aria-hidden=\"true\" class=\"fas fa-check\"><\/i>\t\t\t\t\t\t<\/span>\n\t\t\t\t\t\t\t\t\t\t<span class=\"elementor-icon-list-text\">100% organic avocado oil promotes cell regeneration, restores skin elasticity<\/span>\n\t\t\t\t\t\t\t\t\t<\/li>\n\t\t\t\t\t\t\t\t<li class=\"elementor-icon-list-item\">\n\t\t\t\t\t\t\t\t\t\t\t<span class=\"elementor-icon-list-icon\">\n\t\t\t\t\t\t\t<i aria-hidden=\"true\" class=\"fas fa-check\"><\/i>\t\t\t\t\t\t<\/span>\n\t\t\t\t\t\t\t\t\t\t<span class=\"elementor-icon-list-text\">Organic Damascus rose oil - tones and restores skin structure<\/span>\n\t\t\t\t\t\t\t\t\t<\/li>\n\t\t\t\t\t\t\t\t<li class=\"elementor-icon-list-item\">\n\t\t\t\t\t\t\t\t\t\t\t<span class=\"elementor-icon-list-icon\">\n\t\t\t\t\t\t\t<i aria-hidden=\"true\" class=\"fas fa-check\"><\/i>\t\t\t\t\t\t<\/span>\n\t\t\t\t\t\t\t\t\t\t<span class=\"elementor-icon-list-text\">Organic lavender oil - soothes and heals<\/span>\n\t\t\t\t\t\t\t\t\t<\/li>\n\t\t\t\t\t\t\t\t<li class=\"elementor-icon-list-item\">\n\t\t\t\t\t\t\t\t\t\t\t<span class=\"elementor-icon-list-icon\">\n\t\t\t\t\t\t\t<i aria-hidden=\"true\" class=\"fas fa-check\"><\/i>\t\t\t\t\t\t<\/span>\n\t\t\t\t\t\t\t\t\t\t<span class=\"elementor-icon-list-text\">Organic Cucoo gold - promotes the healing of both recent and older stretch marks<\/span>\n\t\t\t\t\t\t\t\t\t<\/li>\n\t\t\t\t\t\t\t\t<li class=\"elementor-icon-list-item\">\n\t\t\t\t\t\t\t\t\t\t\t<span class=\"elementor-icon-list-icon\">\n\t\t\t\t\t\t\t<i aria-hidden=\"true\" class=\"fas fa-check\"><\/i>\t\t\t\t\t\t<\/span>\n\t\t\t\t\t\t\t\t\t\t<span class=\"elementor-icon-list-text\">Organic Rosemary - promotes blood circulation, promotes skin cell renewal<\/span>\n\t\t\t\t\t\t\t\t\t<\/li>\n\t\t\t\t\t\t<\/ul>\n\t\t\t\t\t\t<\/div>\n\t\t\t\t<\/div>\n\t\t\t\t\t<\/div>\n\t\t<\/div>\n\t\t\t\t<div class=\"elementor-column elementor-col-50 elementor-top-column elementor-element elementor-element-f0c4e29\" data-id=\"f0c4e29\" data-element_type=\"column\" data-e-type=\"column\">\n\t\t\t<div class=\"elementor-widget-wrap elementor-element-populated\">\n\t\t\t\t\t\t<div class=\"elementor-element elementor-element-8624e23 elementor-widget elementor-widget-image\" data-id=\"8624e23\" data-element_type=\"widget\" data-e-type=\"widget\" data-widget_type=\"image.default\">\n\t\t\t\t<div class=\"elementor-widget-container\">\n\t\t\t\t\t\t\t\t\t\t\t\t\t\t\t<img decoding=\"async\" width=\"731\" height=\"1024\" src=\"https:\/\/beebipai.ee\/wp-content\/uploads\/2022\/05\/Neobulle-orgaaniline-venitusarme-parandav-oli1-731x1024.webp\" class=\"attachment-large size-large wp-image-3738\" alt=\"\" srcset=\"https:\/\/beebipai.ee\/wp-content\/uploads\/2022\/05\/Neobulle-orgaaniline-venitusarme-parandav-oli1-731x1024.webp 731w, https:\/\/beebipai.ee\/wp-content\/uploads\/2022\/05\/Neobulle-orgaaniline-venitusarme-parandav-oli1-e1653651244133-214x300.webp 214w, https:\/\/beebipai.ee\/wp-content\/uploads\/2022\/05\/Neobulle-orgaaniline-venitusarme-parandav-oli1-768x1075.webp 768w, https:\/\/beebipai.ee\/wp-content\/uploads\/2022\/05\/Neobulle-orgaaniline-venitusarme-parandav-oli1-e1653651244133-9x12.webp 9w, https:\/\/beebipai.ee\/wp-content\/uploads\/2022\/05\/Neobulle-orgaaniline-venitusarme-parandav-oli1-600x840.webp 600w, https:\/\/beebipai.ee\/wp-content\/uploads\/2022\/05\/Neobulle-orgaaniline-venitusarme-parandav-oli1-e1653651244133.webp 400w\" sizes=\"(max-width: 731px) 100vw, 731px\" \/>\t\t\t\t\t\t\t\t\t\t\t\t\t\t\t<\/div>\n\t\t\t\t<\/div>\n\t\t\t\t\t<\/div>\n\t\t<\/div>\n\t\t\t\t\t<\/div>\n\t\t<\/section>\n\t\t\t\t<\/div>","protected":false},"excerpt":{"rendered":"<p>Neobulle Organic Stretch Mark Recovery Oil is based on six organic plant oils with regenerative properties. Restores and improves the structure and appearance of damaged skin. Intensive and effective care.<\/p>\n<p>100% of the assembly parts come from organic farming<\/p>\n<p>Made in France<\/p>","protected":false},"featured_media":3737,"template":"","meta":{"_monsterinsights_skip_tracking":false,"_monsterinsights_sitenote_active":false,"_monsterinsights_sitenote_note":"","_monsterinsights_sitenote_category":0,"site-sidebar-layout":"no-sidebar","site-content-layout":"page-builder","ast-site-content-layout":"default","site-content-style":"default","site-sidebar-style":"default","ast-global-header-display":"","ast-banner-title-visibility":"","ast-main-header-display":"","ast-hfb-above-header-display":"","ast-hfb-below-header-display":"","ast-hfb-mobile-header-display":"","site-post-title":"disabled","ast-breadcrumbs-content":"","ast-featured-img":"disabled","footer-sml-layout":"","ast-disable-related-posts":"","theme-transparent-header-meta":"default","adv-header-id-meta":"","stick-header-meta":"","header-above-stick-meta":"","header-main-stick-meta":"","header-below-stick-meta":"","astra-migrate-meta-layouts":"default","ast-page-background-enabled":"default","ast-page-background-meta":{"desktop":{"background-color":"","background-image":"","background-repeat":"repeat","background-position":"center center","background-size":"auto","background-attachment":"scroll","background-type":"","background-media":"","overlay-type":"","overlay-color":"","overlay-opacity":"","overlay-gradient":""},"tablet":{"background-color":"","background-image":"","background-repeat":"repeat","background-position":"center center","background-size":"auto","background-attachment":"scroll","background-type":"","background-media":"","overlay-type":"","overlay-color":"","overlay-opacity":"","overlay-gradient":""},"mobile":{"background-color":"","background-image":"","background-repeat":"repeat","background-position":"center center","background-size":"auto","background-attachment":"scroll","background-type":"","background-media":"","overlay-type":"","overlay-color":"","overlay-opacity":"","overlay-gradient":""}},"ast-content-background-meta":{"desktop":{"background-color":"var(--ast-global-color-5)","background-image":"","background-repeat":"repeat","background-position":"center center","background-size":"auto","background-attachment":"scroll","background-type":"","background-media":"","overlay-type":"","overlay-color":"","overlay-opacity":"","overlay-gradient":""},"tablet":{"background-color":"var(--ast-global-color-5)","background-image":"","background-repeat":"repeat","background-position":"center center","background-size":"auto","background-attachment":"scroll","background-type":"","background-media":"","overlay-type":"","overlay-color":"","overlay-opacity":"","overlay-gradient":""},"mobile":{"background-color":"var(--ast-global-color-5)","background-image":"","background-repeat":"repeat","background-position":"center center","background-size":"auto","background-attachment":"scroll","background-type":"","background-media":"","overlay-type":"","overlay-color":"","overlay-opacity":"","overlay-gradient":""}}},"product_brand":[],"product_cat":[22,100,113],"product_tag":[],"class_list":{"0":"post-3735","1":"product","2":"type-product","3":"status-publish","4":"has-post-thumbnail","6":"product_cat-emale","7":"product_cat-hooldus-emale","8":"product_cat-kehakreemid-ja-kehaolid","9":"desktop-align-left","10":"tablet-align-left","11":"mobile-align-left","13":"first","14":"instock","15":"taxable","16":"shipping-taxable","17":"purchasable","18":"product-type-simple"},"yoast_head":"<!-- This site is optimized with the Yoast SEO plugin v27.5 - https:\/\/yoast.com\/product\/yoast-seo-wordpress\/ -->\n<title>Neobulle orgaaniline venitusarme parandav \u00f5li, 9ml - Beebipai<\/title>\n<meta name=\"description\" content=\"Neobulle orgaaniline venitusarme parandav \u00f5li muudab venitusarmid v\u00e4hem n\u00e4htavaks. Vaata toodet Neobulle orgaaniline venitusarme parandav \u00f5li!\" \/>\n<meta name=\"robots\" content=\"index, follow, max-snippet:-1, max-image-preview:large, max-video-preview:-1\" \/>\n<link rel=\"canonical\" href=\"https:\/\/beebipai.ee\/en\/product\/neobulle-orgaaniline-venitusarme-parandav-oli-9ml\/\" \/>\n<meta property=\"og:locale\" content=\"en_US\" \/>\n<meta property=\"og:type\" content=\"article\" \/>\n<meta property=\"og:title\" content=\"Neobulle orgaaniline venitusarme parandav \u00f5li, 9ml - Beebipai\" \/>\n<meta property=\"og:description\" content=\"Neobulle orgaaniline venitusarme parandav \u00f5li muudab venitusarmid v\u00e4hem n\u00e4htavaks. Vaata toodet Neobulle orgaaniline venitusarme parandav \u00f5li!\" \/>\n<meta property=\"og:url\" content=\"https:\/\/beebipai.ee\/en\/product\/neobulle-orgaaniline-venitusarme-parandav-oli-9ml\/\" \/>\n<meta property=\"og:site_name\" content=\"Beebipai\" \/>\n<meta property=\"article:modified_time\" content=\"2022-10-01T09:49:46+00:00\" \/>\n<meta property=\"og:image\" content=\"https:\/\/beebipai.ee\/wp-content\/uploads\/2022\/05\/Neobulle-orgaaniline-venitusarme-parandav-oli.jpg\" \/>\n\t<meta property=\"og:image:width\" content=\"674\" \/>\n\t<meta property=\"og:image:height\" content=\"800\" \/>\n\t<meta property=\"og:image:type\" content=\"image\/jpeg\" \/>\n<meta name=\"twitter:card\" content=\"summary_large_image\" \/>\n<meta name=\"twitter:label1\" content=\"Est. reading time\" \/>\n\t<meta name=\"twitter:data1\" content=\"3 minutes\" \/>\n<script type=\"application\/ld+json\" class=\"yoast-schema-graph\">{\"@context\":\"https:\\\/\\\/schema.org\",\"@graph\":[{\"@type\":\"WebPage\",\"@id\":\"https:\\\/\\\/beebipai.ee\\\/ru\\\/product\\\/neobulle-orgaaniline-venitusarme-parandav-oli-9ml\\\/\",\"url\":\"https:\\\/\\\/beebipai.ee\\\/ru\\\/product\\\/neobulle-orgaaniline-venitusarme-parandav-oli-9ml\\\/\",\"name\":\"Neobulle orgaaniline venitusarme parandav \u00f5li, 9ml - Beebipai\",\"isPartOf\":{\"@id\":\"https:\\\/\\\/beebipai.ee\\\/en\\\/#website\"},\"primaryImageOfPage\":{\"@id\":\"https:\\\/\\\/beebipai.ee\\\/ru\\\/product\\\/neobulle-orgaaniline-venitusarme-parandav-oli-9ml\\\/#primaryimage\"},\"image\":{\"@id\":\"https:\\\/\\\/beebipai.ee\\\/ru\\\/product\\\/neobulle-orgaaniline-venitusarme-parandav-oli-9ml\\\/#primaryimage\"},\"thumbnailUrl\":\"https:\\\/\\\/beebipai.ee\\\/wp-content\\\/uploads\\\/2022\\\/05\\\/Neobulle-orgaaniline-venitusarme-parandav-oli.jpg\",\"datePublished\":\"2022-05-27T07:25:21+00:00\",\"dateModified\":\"2022-10-01T09:49:46+00:00\",\"description\":\"Neobulle orgaaniline venitusarme parandav \u00f5li muudab venitusarmid v\u00e4hem n\u00e4htavaks. Vaata toodet Neobulle orgaaniline venitusarme parandav \u00f5li!\",\"breadcrumb\":{\"@id\":\"https:\\\/\\\/beebipai.ee\\\/ru\\\/product\\\/neobulle-orgaaniline-venitusarme-parandav-oli-9ml\\\/#breadcrumb\"},\"inLanguage\":\"en-US\",\"potentialAction\":[{\"@type\":\"ReadAction\",\"target\":[\"https:\\\/\\\/beebipai.ee\\\/ru\\\/product\\\/neobulle-orgaaniline-venitusarme-parandav-oli-9ml\\\/\"]}]},{\"@type\":\"ImageObject\",\"inLanguage\":\"en-US\",\"@id\":\"https:\\\/\\\/beebipai.ee\\\/ru\\\/product\\\/neobulle-orgaaniline-venitusarme-parandav-oli-9ml\\\/#primaryimage\",\"url\":\"https:\\\/\\\/beebipai.ee\\\/wp-content\\\/uploads\\\/2022\\\/05\\\/Neobulle-orgaaniline-venitusarme-parandav-oli.jpg\",\"contentUrl\":\"https:\\\/\\\/beebipai.ee\\\/wp-content\\\/uploads\\\/2022\\\/05\\\/Neobulle-orgaaniline-venitusarme-parandav-oli.jpg\",\"width\":674,\"height\":800},{\"@type\":\"BreadcrumbList\",\"@id\":\"https:\\\/\\\/beebipai.ee\\\/ru\\\/product\\\/neobulle-orgaaniline-venitusarme-parandav-oli-9ml\\\/#breadcrumb\",\"itemListElement\":[{\"@type\":\"ListItem\",\"position\":1,\"name\":\"Home\",\"item\":\"https:\\\/\\\/beebipai.ee\\\/\"},{\"@type\":\"ListItem\",\"position\":2,\"name\":\"Pood\",\"item\":\"https:\\\/\\\/beebipai.ee\\\/store\\\/\"},{\"@type\":\"ListItem\",\"position\":3,\"name\":\"Neobulle orgaaniline venitusarme parandav \u00f5li, 9ml\"}]},{\"@type\":\"WebSite\",\"@id\":\"https:\\\/\\\/beebipai.ee\\\/en\\\/#website\",\"url\":\"https:\\\/\\\/beebipai.ee\\\/en\\\/\",\"name\":\"Beebipai\",\"description\":\"Rasedate ja beebide veebipood\",\"potentialAction\":[{\"@type\":\"SearchAction\",\"target\":{\"@type\":\"EntryPoint\",\"urlTemplate\":\"https:\\\/\\\/beebipai.ee\\\/en\\\/?s={search_term_string}\"},\"query-input\":{\"@type\":\"PropertyValueSpecification\",\"valueRequired\":true,\"valueName\":\"search_term_string\"}}],\"inLanguage\":\"en-US\"}]}<\/script>\n<!-- \/ Yoast SEO plugin. -->","yoast_head_json":{"title":"Neobulle orgaaniline venitusarme parandav \u00f5li, 9ml - Beebipai","description":"Neobulle orgaaniline venitusarme parandav \u00f5li muudab venitusarmid v\u00e4hem n\u00e4htavaks. Vaata toodet Neobulle orgaaniline venitusarme parandav \u00f5li!","robots":{"index":"index","follow":"follow","max-snippet":"max-snippet:-1","max-image-preview":"max-image-preview:large","max-video-preview":"max-video-preview:-1"},"canonical":"https:\/\/beebipai.ee\/en\/product\/neobulle-orgaaniline-venitusarme-parandav-oli-9ml\/","og_locale":"en_US","og_type":"article","og_title":"Neobulle orgaaniline venitusarme parandav \u00f5li, 9ml - Beebipai","og_description":"Neobulle orgaaniline venitusarme parandav \u00f5li muudab venitusarmid v\u00e4hem n\u00e4htavaks. Vaata toodet Neobulle orgaaniline venitusarme parandav \u00f5li!","og_url":"https:\/\/beebipai.ee\/en\/product\/neobulle-orgaaniline-venitusarme-parandav-oli-9ml\/","og_site_name":"Beebipai","article_modified_time":"2022-10-01T09:49:46+00:00","og_image":[{"width":674,"height":800,"url":"https:\/\/beebipai.ee\/wp-content\/uploads\/2022\/05\/Neobulle-orgaaniline-venitusarme-parandav-oli.jpg","type":"image\/jpeg"}],"twitter_card":"summary_large_image","twitter_misc":{"Est. reading time":"3 minutes"},"schema":{"@context":"https:\/\/schema.org","@graph":[{"@type":"WebPage","@id":"https:\/\/beebipai.ee\/ru\/product\/neobulle-orgaaniline-venitusarme-parandav-oli-9ml\/","url":"https:\/\/beebipai.ee\/ru\/product\/neobulle-orgaaniline-venitusarme-parandav-oli-9ml\/","name":"Neobulle orgaaniline venitusarme parandav \u00f5li, 9ml - Beebipai","isPartOf":{"@id":"https:\/\/beebipai.ee\/en\/#website"},"primaryImageOfPage":{"@id":"https:\/\/beebipai.ee\/ru\/product\/neobulle-orgaaniline-venitusarme-parandav-oli-9ml\/#primaryimage"},"image":{"@id":"https:\/\/beebipai.ee\/ru\/product\/neobulle-orgaaniline-venitusarme-parandav-oli-9ml\/#primaryimage"},"thumbnailUrl":"https:\/\/beebipai.ee\/wp-content\/uploads\/2022\/05\/Neobulle-orgaaniline-venitusarme-parandav-oli.jpg","datePublished":"2022-05-27T07:25:21+00:00","dateModified":"2022-10-01T09:49:46+00:00","description":"Neobulle orgaaniline venitusarme parandav \u00f5li muudab venitusarmid v\u00e4hem n\u00e4htavaks. Vaata toodet Neobulle orgaaniline venitusarme parandav \u00f5li!","breadcrumb":{"@id":"https:\/\/beebipai.ee\/ru\/product\/neobulle-orgaaniline-venitusarme-parandav-oli-9ml\/#breadcrumb"},"inLanguage":"en-US","potentialAction":[{"@type":"ReadAction","target":["https:\/\/beebipai.ee\/ru\/product\/neobulle-orgaaniline-venitusarme-parandav-oli-9ml\/"]}]},{"@type":"ImageObject","inLanguage":"en-US","@id":"https:\/\/beebipai.ee\/ru\/product\/neobulle-orgaaniline-venitusarme-parandav-oli-9ml\/#primaryimage","url":"https:\/\/beebipai.ee\/wp-content\/uploads\/2022\/05\/Neobulle-orgaaniline-venitusarme-parandav-oli.jpg","contentUrl":"https:\/\/beebipai.ee\/wp-content\/uploads\/2022\/05\/Neobulle-orgaaniline-venitusarme-parandav-oli.jpg","width":674,"height":800},{"@type":"BreadcrumbList","@id":"https:\/\/beebipai.ee\/ru\/product\/neobulle-orgaaniline-venitusarme-parandav-oli-9ml\/#breadcrumb","itemListElement":[{"@type":"ListItem","position":1,"name":"Home","item":"https:\/\/beebipai.ee\/"},{"@type":"ListItem","position":2,"name":"Pood","item":"https:\/\/beebipai.ee\/store\/"},{"@type":"ListItem","position":3,"name":"Neobulle orgaaniline venitusarme parandav \u00f5li, 9ml"}]},{"@type":"WebSite","@id":"https:\/\/beebipai.ee\/en\/#website","url":"https:\/\/beebipai.ee\/en\/","name":"Beebipai","description":"Rasedate ja beebide veebipood","potentialAction":[{"@type":"SearchAction","target":{"@type":"EntryPoint","urlTemplate":"https:\/\/beebipai.ee\/en\/?s={search_term_string}"},"query-input":{"@type":"PropertyValueSpecification","valueRequired":true,"valueName":"search_term_string"}}],"inLanguage":"en-US"}]}},"_links":{"self":[{"href":"https:\/\/beebipai.ee\/en\/wp-json\/wp\/v2\/product\/3735","targetHints":{"allow":["GET"]}}],"collection":[{"href":"https:\/\/beebipai.ee\/en\/wp-json\/wp\/v2\/product"}],"about":[{"href":"https:\/\/beebipai.ee\/en\/wp-json\/wp\/v2\/types\/product"}],"version-history":[{"count":5,"href":"https:\/\/beebipai.ee\/en\/wp-json\/wp\/v2\/product\/3735\/revisions"}],"predecessor-version":[{"id":6859,"href":"https:\/\/beebipai.ee\/en\/wp-json\/wp\/v2\/product\/3735\/revisions\/6859"}],"wp:featuredmedia":[{"embeddable":true,"href":"https:\/\/beebipai.ee\/en\/wp-json\/wp\/v2\/media\/3737"}],"wp:attachment":[{"href":"https:\/\/beebipai.ee\/en\/wp-json\/wp\/v2\/media?parent=3735"}],"wp:term":[{"taxonomy":"product_brand","embeddable":true,"href":"https:\/\/beebipai.ee\/en\/wp-json\/wp\/v2\/product_brand?post=3735"},{"taxonomy":"product_cat","embeddable":true,"href":"https:\/\/beebipai.ee\/en\/wp-json\/wp\/v2\/product_cat?post=3735"},{"taxonomy":"product_tag","embeddable":true,"href":"https:\/\/beebipai.ee\/en\/wp-json\/wp\/v2\/product_tag?post=3735"}],"curies":[{"name":"wp","href":"https:\/\/api.w.org\/{rel}","templated":true}]}}