{"id":3669,"date":"2022-05-24T23:54:37","date_gmt":"2022-05-24T20:54:37","guid":{"rendered":"https:\/\/beebipai.ee\/?post_type=product&#038;p=3669"},"modified":"2023-09-10T19:21:57","modified_gmt":"2023-09-10T16:21:57","slug":"neobulle-orgaaniline-rinnanibusid-rahustav-oli-50-ml","status":"publish","type":"product","link":"https:\/\/beebipai.ee\/en\/product\/neobulle-orgaaniline-rinnanibusid-rahustav-oli-50-ml\/","title":{"rendered":"Neobulle organic nipple soothing oil, 50 ml"},"content":{"rendered":"<div data-elementor-type=\"wp-post\" data-elementor-id=\"3669\" class=\"elementor elementor-3669\">\n\t\t\t\t\t\t<section class=\"elementor-section elementor-top-section elementor-element elementor-element-baaaa33 elementor-section-boxed elementor-section-height-default elementor-section-height-default\" data-id=\"baaaa33\" data-element_type=\"section\" data-e-type=\"section\">\n\t\t\t\t\t\t<div class=\"elementor-container elementor-column-gap-default\">\n\t\t\t\t\t<div class=\"elementor-column elementor-col-50 elementor-top-column elementor-element elementor-element-7e06266\" data-id=\"7e06266\" data-element_type=\"column\" data-e-type=\"column\">\n\t\t\t<div class=\"elementor-widget-wrap elementor-element-populated\">\n\t\t\t\t\t\t<div class=\"elementor-element elementor-element-f9b368e elementor-widget elementor-widget-heading\" data-id=\"f9b368e\" data-element_type=\"widget\" data-e-type=\"widget\" data-widget_type=\"heading.default\">\n\t\t\t\t<div class=\"elementor-widget-container\">\n\t\t\t\t\t<h2 class=\"elementor-heading-title elementor-size-default\">Neobulle organic nipple soothing oil<\/h2>\t\t\t\t<\/div>\n\t\t\t\t<\/div>\n\t\t\t\t<div class=\"elementor-element elementor-element-1a830f9 elementor-widget elementor-widget-text-editor\" data-id=\"1a830f9\" data-element_type=\"widget\" data-e-type=\"widget\" data-widget_type=\"text-editor.default\">\n\t\t\t\t<div class=\"elementor-widget-container\">\n\t\t\t\t\t\t\t\t\t<p>Breast milk is the best, most natural and healthiest choice for your child. The World Health Organization recommends exclusively breastfeeding a child for the first 6 months of life and continuing to breastfeed in the future in parallel with complementary feeding<\/p><p>In addition to the many beneficial properties of breast milk, breastfeeding creates a special closeness between mother and child. These moments between you and your baby are unique.<\/p><p>Breastfeeding also helps the baby maintain its body temperature, provides skin-to-skin contact and closeness. Provides care and security for the baby.\u00a0<\/p><p>However, at the beginning of breastfeeding, there can be setbacks, which are often not taken into account and sometimes they can reduce the desire to continue breastfeeding.<\/p><p>In most cases, by the second day, the nipples have become very sensitive, and initially it tends to get worse and worse. This does not always mean that you are feeding the baby incorrectly or that the baby's sucking technique is wrong. Breastfeeding is a new burden for the breast, which is why the nipples initially become tender.\u00a0<\/p><p>Also, the nipples may start to redden more intensely, break, or develop fissures. All this causes pain to a woman, and it is simple and easy when thoughts of giving up come to mind.<\/p><p>Know that it is possible to relieve nipple sensitivity and help yourself and your baby. After the first week of the baby's life, the breast also starts to get used to the new load and the sensitivity slowly disappears.<\/p>\t\t\t\t\t\t\t\t<\/div>\n\t\t\t\t<\/div>\n\t\t\t\t\t<\/div>\n\t\t<\/div>\n\t\t\t\t<div class=\"elementor-column elementor-col-50 elementor-top-column elementor-element elementor-element-e738524\" data-id=\"e738524\" data-element_type=\"column\" data-e-type=\"column\">\n\t\t\t<div class=\"elementor-widget-wrap elementor-element-populated\">\n\t\t\t\t\t\t<div class=\"elementor-element elementor-element-50ac2f2 elementor-widget elementor-widget-image\" data-id=\"50ac2f2\" data-element_type=\"widget\" data-e-type=\"widget\" data-widget_type=\"image.default\">\n\t\t\t\t<div class=\"elementor-widget-container\">\n\t\t\t\t\t\t\t\t\t\t\t\t\t\t\t<img fetchpriority=\"high\" decoding=\"async\" width=\"681\" height=\"1024\" src=\"https:\/\/beebipai.ee\/wp-content\/uploads\/2022\/05\/Neobulle-rinnanibuoli5-1-681x1024.jpg\" class=\"attachment-large size-large wp-image-3676\" alt=\"\" srcset=\"https:\/\/beebipai.ee\/wp-content\/uploads\/2022\/05\/Neobulle-rinnanibuoli5-1-681x1024.jpg 681w, https:\/\/beebipai.ee\/wp-content\/uploads\/2022\/05\/Neobulle-rinnanibuoli5-1-e1653461246724-199x300.jpg 199w, https:\/\/beebipai.ee\/wp-content\/uploads\/2022\/05\/Neobulle-rinnanibuoli5-1-e1653461246724-8x12.jpg 8w, https:\/\/beebipai.ee\/wp-content\/uploads\/2022\/05\/Neobulle-rinnanibuoli5-1-600x903.jpg 600w, https:\/\/beebipai.ee\/wp-content\/uploads\/2022\/05\/Neobulle-rinnanibuoli5-1-e1653461246724.jpg 400w\" sizes=\"(max-width: 681px) 100vw, 681px\" \/>\t\t\t\t\t\t\t\t\t\t\t\t\t\t\t<\/div>\n\t\t\t\t<\/div>\n\t\t\t\t\t<\/div>\n\t\t<\/div>\n\t\t\t\t\t<\/div>\n\t\t<\/section>\n\t\t\t\t<section class=\"elementor-section elementor-top-section elementor-element elementor-element-57ab4b1 elementor-section-boxed elementor-section-height-default elementor-section-height-default\" data-id=\"57ab4b1\" data-element_type=\"section\" data-e-type=\"section\">\n\t\t\t\t\t\t<div class=\"elementor-container elementor-column-gap-default\">\n\t\t\t\t\t<div class=\"elementor-column elementor-col-50 elementor-top-column elementor-element elementor-element-cf89f50\" data-id=\"cf89f50\" data-element_type=\"column\" data-e-type=\"column\">\n\t\t\t<div class=\"elementor-widget-wrap elementor-element-populated\">\n\t\t\t\t\t\t<div class=\"elementor-element elementor-element-8ee1557 elementor-widget elementor-widget-image\" data-id=\"8ee1557\" data-element_type=\"widget\" data-e-type=\"widget\" data-widget_type=\"image.default\">\n\t\t\t\t<div class=\"elementor-widget-container\">\n\t\t\t\t\t\t\t\t\t\t\t\t\t\t\t<img decoding=\"async\" width=\"400\" height=\"400\" src=\"https:\/\/beebipai.ee\/wp-content\/uploads\/2022\/05\/Neobulle-rindasid-rahustav-oli1-e1653461888942.webp\" class=\"attachment-large size-large wp-image-3673\" alt=\"\" srcset=\"https:\/\/beebipai.ee\/wp-content\/uploads\/2022\/05\/Neobulle-rindasid-rahustav-oli1-e1653461888942.webp 400w, https:\/\/beebipai.ee\/wp-content\/uploads\/2022\/05\/Neobulle-rindasid-rahustav-oli1-e1653461888942-300x300.webp 300w, https:\/\/beebipai.ee\/wp-content\/uploads\/2022\/05\/Neobulle-rindasid-rahustav-oli1-e1653461888942-150x150.webp 150w, https:\/\/beebipai.ee\/wp-content\/uploads\/2022\/05\/Neobulle-rindasid-rahustav-oli1-e1653461888942-12x12.webp 12w, https:\/\/beebipai.ee\/wp-content\/uploads\/2022\/05\/Neobulle-rindasid-rahustav-oli1-e1653461888942-100x100.webp 100w\" sizes=\"(max-width: 400px) 100vw, 400px\" \/>\t\t\t\t\t\t\t\t\t\t\t\t\t\t\t<\/div>\n\t\t\t\t<\/div>\n\t\t\t\t\t<\/div>\n\t\t<\/div>\n\t\t\t\t<div class=\"elementor-column elementor-col-50 elementor-top-column elementor-element elementor-element-82a16e3\" data-id=\"82a16e3\" data-element_type=\"column\" data-e-type=\"column\">\n\t\t\t<div class=\"elementor-widget-wrap elementor-element-populated\">\n\t\t\t\t\t\t<div class=\"elementor-element elementor-element-656cbfa elementor-widget elementor-widget-text-editor\" data-id=\"656cbfa\" data-element_type=\"widget\" data-e-type=\"widget\" data-widget_type=\"text-editor.default\">\n\t\t\t\t<div class=\"elementor-widget-container\">\n\t\t\t\t\t\t\t\t\t<p>Neobulle Soothing Nipple Oil has a triple effect. The oil soothes, supports and protects delicate and sensitive nipples. The liquid and delicate massage oil is easy to apply. The warming effect of the oil promotes lactation and makes milk more easily available to the baby. Soothes and nourishes the thin skin of the nipple area.\u00a0<\/p><p>The oil does not contain essential oils and is fragrance free.\u00a0<\/p><p>Apply the oil to the breasts between feedings. Washing the breast before feeding is not necessary<\/p>\t\t\t\t\t\t\t\t<\/div>\n\t\t\t\t<\/div>\n\t\t\t\t\t<\/div>\n\t\t<\/div>\n\t\t\t\t\t<\/div>\n\t\t<\/section>\n\t\t\t\t<section class=\"elementor-section elementor-top-section elementor-element elementor-element-8001898 elementor-section-boxed elementor-section-height-default elementor-section-height-default\" data-id=\"8001898\" data-element_type=\"section\" data-e-type=\"section\">\n\t\t\t\t\t\t<div class=\"elementor-container elementor-column-gap-default\">\n\t\t\t\t\t<div class=\"elementor-column elementor-col-50 elementor-top-column elementor-element elementor-element-f83fe70\" data-id=\"f83fe70\" data-element_type=\"column\" data-e-type=\"column\">\n\t\t\t<div class=\"elementor-widget-wrap elementor-element-populated\">\n\t\t\t\t\t\t<div class=\"elementor-element elementor-element-ffeb754 elementor-widget elementor-widget-text-editor\" data-id=\"ffeb754\" data-element_type=\"widget\" data-e-type=\"widget\" data-widget_type=\"text-editor.default\">\n\t\t\t\t<div class=\"elementor-widget-container\">\n\t\t\t\t\t\t\t\t\t<p>Don't forget to take care of breastfeeding as easily as possible.<\/p><p>The breast does not need special preparation for breastfeeding. The chest is always clean and ready. Certainly, nipples should not be treated with disinfectants such as brilliant green.<\/p><p>The breast can be offered cool after breastfeeding and warm before breastfeeding. This reduces the discomfort associated with engorgement and promotes milk flow.<\/p><p>Drink enough, 1.5-2 liters of liquid is needed so that lactation can also take place without problems.<\/p><p>If the baby eats enough at the breast (min. 8 meals a day), wakes up in time to eat, weight gain is normal, urinates, then the breastfed child regulates its own eating times. There is also no need to milk the breasts in this case. The baby also regulates the amount of milk he needs.<\/p><p>Use a supportive bra to support breasts that have become heavier from milk. The bra could be made of skin-friendly material and it must not squeeze anywhere.<\/p>\t\t\t\t\t\t\t\t<\/div>\n\t\t\t\t<\/div>\n\t\t\t\t\t<\/div>\n\t\t<\/div>\n\t\t\t\t<div class=\"elementor-column elementor-col-50 elementor-top-column elementor-element elementor-element-3637169\" data-id=\"3637169\" data-element_type=\"column\" data-e-type=\"column\">\n\t\t\t<div class=\"elementor-widget-wrap elementor-element-populated\">\n\t\t\t\t\t\t<div class=\"elementor-element elementor-element-35eb7e1 elementor-widget elementor-widget-image\" data-id=\"35eb7e1\" data-element_type=\"widget\" data-e-type=\"widget\" data-widget_type=\"image.default\">\n\t\t\t\t<div class=\"elementor-widget-container\">\n\t\t\t\t\t\t\t\t\t\t\t\t\t\t\t<img decoding=\"async\" width=\"390\" height=\"565\" src=\"https:\/\/beebipai.ee\/wp-content\/uploads\/2022\/05\/Neobulle-rahustav-rinnaoli2.jpg\" class=\"attachment-large size-large wp-image-3671\" alt=\"\" srcset=\"https:\/\/beebipai.ee\/wp-content\/uploads\/2022\/05\/Neobulle-rahustav-rinnaoli2.jpg 390w, https:\/\/beebipai.ee\/wp-content\/uploads\/2022\/05\/Neobulle-rahustav-rinnaoli2-207x300.jpg 207w, https:\/\/beebipai.ee\/wp-content\/uploads\/2022\/05\/Neobulle-rahustav-rinnaoli2-8x12.jpg 8w\" sizes=\"(max-width: 390px) 100vw, 390px\" \/>\t\t\t\t\t\t\t\t\t\t\t\t\t\t\t<\/div>\n\t\t\t\t<\/div>\n\t\t\t\t\t<\/div>\n\t\t<\/div>\n\t\t\t\t\t<\/div>\n\t\t<\/section>\n\t\t\t\t<\/div>","protected":false},"excerpt":{"rendered":"<p>Neobulle nipple soothing oil is an excellent helper for breastfeeding mothers. By alleviating nipple sensitivity and soothing the nipples, it supports and encourages continued breastfeeding. The warming effect of the oil promotes milk flow, which makes milk more easily available to the baby.<\/p>\n<p>100% of the assembly parts come from organic farming<\/p>\n<p>Made in France<\/p>","protected":false},"featured_media":5868,"template":"","meta":{"_monsterinsights_skip_tracking":false,"_monsterinsights_sitenote_active":false,"_monsterinsights_sitenote_note":"","_monsterinsights_sitenote_category":0,"site-sidebar-layout":"no-sidebar","site-content-layout":"page-builder","ast-site-content-layout":"full-width-container","site-content-style":"unboxed","site-sidebar-style":"unboxed","ast-global-header-display":"","ast-banner-title-visibility":"","ast-main-header-display":"","ast-hfb-above-header-display":"","ast-hfb-below-header-display":"","ast-hfb-mobile-header-display":"","site-post-title":"disabled","ast-breadcrumbs-content":"","ast-featured-img":"disabled","footer-sml-layout":"","ast-disable-related-posts":"","theme-transparent-header-meta":"default","adv-header-id-meta":"","stick-header-meta":"","header-above-stick-meta":"","header-main-stick-meta":"","header-below-stick-meta":"","astra-migrate-meta-layouts":"set","ast-page-background-enabled":"default","ast-page-background-meta":{"desktop":{"background-color":"","background-image":"","background-repeat":"repeat","background-position":"center center","background-size":"auto","background-attachment":"scroll","background-type":"","background-media":"","overlay-type":"","overlay-color":"","overlay-opacity":"","overlay-gradient":""},"tablet":{"background-color":"","background-image":"","background-repeat":"repeat","background-position":"center center","background-size":"auto","background-attachment":"scroll","background-type":"","background-media":"","overlay-type":"","overlay-color":"","overlay-opacity":"","overlay-gradient":""},"mobile":{"background-color":"","background-image":"","background-repeat":"repeat","background-position":"center center","background-size":"auto","background-attachment":"scroll","background-type":"","background-media":"","overlay-type":"","overlay-color":"","overlay-opacity":"","overlay-gradient":""}},"ast-content-background-meta":{"desktop":{"background-color":"var(--ast-global-color-5)","background-image":"","background-repeat":"repeat","background-position":"center center","background-size":"auto","background-attachment":"scroll","background-type":"","background-media":"","overlay-type":"","overlay-color":"","overlay-opacity":"","overlay-gradient":""},"tablet":{"background-color":"var(--ast-global-color-5)","background-image":"","background-repeat":"repeat","background-position":"center center","background-size":"auto","background-attachment":"scroll","background-type":"","background-media":"","overlay-type":"","overlay-color":"","overlay-opacity":"","overlay-gradient":""},"mobile":{"background-color":"var(--ast-global-color-5)","background-image":"","background-repeat":"repeat","background-position":"center center","background-size":"auto","background-attachment":"scroll","background-type":"","background-media":"","overlay-type":"","overlay-color":"","overlay-opacity":"","overlay-gradient":""}}},"product_brand":[],"product_cat":[22,103],"product_tag":[],"class_list":{"0":"post-3669","1":"product","2":"type-product","3":"status-publish","4":"has-post-thumbnail","6":"product_cat-emale","7":"product_cat-imetamine","8":"desktop-align-left","9":"tablet-align-left","10":"mobile-align-left","12":"first","13":"instock","14":"taxable","15":"shipping-taxable","16":"purchasable","17":"product-type-simple"},"yoast_head":"<!-- This site is optimized with the Yoast SEO plugin v27.3 - https:\/\/yoast.com\/product\/yoast-seo-wordpress\/ -->\n<title>Neobulle orgaaniline rinnanibusid rahustav \u00f5li, 50 ml - Beebipai<\/title>\n<meta name=\"description\" content=\"Neobulle orgaaniline rinnanibusid rahustav \u00f5li leevendab kiiresti rinnanibude valulikkuse. Vaata toodet Neobulle orgaaniline rinnanibusid rahustav \u00f5li!\" \/>\n<meta name=\"robots\" content=\"index, follow, max-snippet:-1, max-image-preview:large, max-video-preview:-1\" \/>\n<link rel=\"canonical\" href=\"https:\/\/beebipai.ee\/en\/product\/neobulle-orgaaniline-rinnanibusid-rahustav-oli-50-ml\/\" \/>\n<meta property=\"og:locale\" content=\"en_US\" \/>\n<meta property=\"og:type\" content=\"article\" \/>\n<meta property=\"og:title\" content=\"Neobulle orgaaniline rinnanibusid rahustav \u00f5li, 50 ml - Beebipai\" \/>\n<meta property=\"og:description\" content=\"Neobulle orgaaniline rinnanibusid rahustav \u00f5li leevendab kiiresti rinnanibude valulikkuse. Vaata toodet Neobulle orgaaniline rinnanibusid rahustav \u00f5li!\" \/>\n<meta property=\"og:url\" content=\"https:\/\/beebipai.ee\/en\/product\/neobulle-orgaaniline-rinnanibusid-rahustav-oli-50-ml\/\" \/>\n<meta property=\"og:site_name\" content=\"Beebipai\" \/>\n<meta property=\"article:modified_time\" content=\"2023-09-10T16:21:57+00:00\" \/>\n<meta property=\"og:image\" content=\"https:\/\/beebipai.ee\/wp-content\/uploads\/2022\/05\/neobulle-rinnanibusid-rahustav-oli-e1660720965528.jpg\" \/>\n\t<meta property=\"og:image:width\" content=\"700\" \/>\n\t<meta property=\"og:image:height\" content=\"559\" \/>\n\t<meta property=\"og:image:type\" content=\"image\/jpeg\" \/>\n<meta name=\"twitter:card\" content=\"summary_large_image\" \/>\n<meta name=\"twitter:label1\" content=\"Est. reading time\" \/>\n\t<meta name=\"twitter:data1\" content=\"3 minutes\" \/>\n<script type=\"application\/ld+json\" class=\"yoast-schema-graph\">{\"@context\":\"https:\\\/\\\/schema.org\",\"@graph\":[{\"@type\":\"WebPage\",\"@id\":\"https:\\\/\\\/beebipai.ee\\\/product\\\/neobulle-orgaaniline-rinnanibusid-rahustav-oli-50-ml\\\/\",\"url\":\"https:\\\/\\\/beebipai.ee\\\/product\\\/neobulle-orgaaniline-rinnanibusid-rahustav-oli-50-ml\\\/\",\"name\":\"Neobulle orgaaniline rinnanibusid rahustav \u00f5li, 50 ml - Beebipai\",\"isPartOf\":{\"@id\":\"https:\\\/\\\/beebipai.ee\\\/en\\\/#website\"},\"primaryImageOfPage\":{\"@id\":\"https:\\\/\\\/beebipai.ee\\\/product\\\/neobulle-orgaaniline-rinnanibusid-rahustav-oli-50-ml\\\/#primaryimage\"},\"image\":{\"@id\":\"https:\\\/\\\/beebipai.ee\\\/product\\\/neobulle-orgaaniline-rinnanibusid-rahustav-oli-50-ml\\\/#primaryimage\"},\"thumbnailUrl\":\"https:\\\/\\\/beebipai.ee\\\/wp-content\\\/uploads\\\/2022\\\/05\\\/neobulle-rinnanibusid-rahustav-oli-e1660720965528.jpg\",\"datePublished\":\"2022-05-24T20:54:37+00:00\",\"dateModified\":\"2023-09-10T16:21:57+00:00\",\"description\":\"Neobulle orgaaniline rinnanibusid rahustav \u00f5li leevendab kiiresti rinnanibude valulikkuse. Vaata toodet Neobulle orgaaniline rinnanibusid rahustav \u00f5li!\",\"breadcrumb\":{\"@id\":\"https:\\\/\\\/beebipai.ee\\\/product\\\/neobulle-orgaaniline-rinnanibusid-rahustav-oli-50-ml\\\/#breadcrumb\"},\"inLanguage\":\"en-US\",\"potentialAction\":[{\"@type\":\"ReadAction\",\"target\":[\"https:\\\/\\\/beebipai.ee\\\/product\\\/neobulle-orgaaniline-rinnanibusid-rahustav-oli-50-ml\\\/\"]}]},{\"@type\":\"ImageObject\",\"inLanguage\":\"en-US\",\"@id\":\"https:\\\/\\\/beebipai.ee\\\/product\\\/neobulle-orgaaniline-rinnanibusid-rahustav-oli-50-ml\\\/#primaryimage\",\"url\":\"https:\\\/\\\/beebipai.ee\\\/wp-content\\\/uploads\\\/2022\\\/05\\\/neobulle-rinnanibusid-rahustav-oli-e1660720965528.jpg\",\"contentUrl\":\"https:\\\/\\\/beebipai.ee\\\/wp-content\\\/uploads\\\/2022\\\/05\\\/neobulle-rinnanibusid-rahustav-oli-e1660720965528.jpg\",\"width\":700,\"height\":559},{\"@type\":\"BreadcrumbList\",\"@id\":\"https:\\\/\\\/beebipai.ee\\\/product\\\/neobulle-orgaaniline-rinnanibusid-rahustav-oli-50-ml\\\/#breadcrumb\",\"itemListElement\":[{\"@type\":\"ListItem\",\"position\":1,\"name\":\"Home\",\"item\":\"https:\\\/\\\/beebipai.ee\\\/\"},{\"@type\":\"ListItem\",\"position\":2,\"name\":\"Pood\",\"item\":\"https:\\\/\\\/beebipai.ee\\\/store\\\/\"},{\"@type\":\"ListItem\",\"position\":3,\"name\":\"Neobulle orgaaniline rinnanibusid rahustav \u00f5li, 50 ml\"}]},{\"@type\":\"WebSite\",\"@id\":\"https:\\\/\\\/beebipai.ee\\\/en\\\/#website\",\"url\":\"https:\\\/\\\/beebipai.ee\\\/en\\\/\",\"name\":\"Beebipai\",\"description\":\"Rasedate ja beebide veebipood\",\"potentialAction\":[{\"@type\":\"SearchAction\",\"target\":{\"@type\":\"EntryPoint\",\"urlTemplate\":\"https:\\\/\\\/beebipai.ee\\\/en\\\/?s={search_term_string}\"},\"query-input\":{\"@type\":\"PropertyValueSpecification\",\"valueRequired\":true,\"valueName\":\"search_term_string\"}}],\"inLanguage\":\"en-US\"}]}<\/script>\n<!-- \/ Yoast SEO plugin. -->","yoast_head_json":{"title":"Neobulle orgaaniline rinnanibusid rahustav \u00f5li, 50 ml - Beebipai","description":"Neobulle orgaaniline rinnanibusid rahustav \u00f5li leevendab kiiresti rinnanibude valulikkuse. Vaata toodet Neobulle orgaaniline rinnanibusid rahustav \u00f5li!","robots":{"index":"index","follow":"follow","max-snippet":"max-snippet:-1","max-image-preview":"max-image-preview:large","max-video-preview":"max-video-preview:-1"},"canonical":"https:\/\/beebipai.ee\/en\/product\/neobulle-orgaaniline-rinnanibusid-rahustav-oli-50-ml\/","og_locale":"en_US","og_type":"article","og_title":"Neobulle orgaaniline rinnanibusid rahustav \u00f5li, 50 ml - Beebipai","og_description":"Neobulle orgaaniline rinnanibusid rahustav \u00f5li leevendab kiiresti rinnanibude valulikkuse. Vaata toodet Neobulle orgaaniline rinnanibusid rahustav \u00f5li!","og_url":"https:\/\/beebipai.ee\/en\/product\/neobulle-orgaaniline-rinnanibusid-rahustav-oli-50-ml\/","og_site_name":"Beebipai","article_modified_time":"2023-09-10T16:21:57+00:00","og_image":[{"width":700,"height":559,"url":"https:\/\/beebipai.ee\/wp-content\/uploads\/2022\/05\/neobulle-rinnanibusid-rahustav-oli-e1660720965528.jpg","type":"image\/jpeg"}],"twitter_card":"summary_large_image","twitter_misc":{"Est. reading time":"3 minutes"},"schema":{"@context":"https:\/\/schema.org","@graph":[{"@type":"WebPage","@id":"https:\/\/beebipai.ee\/product\/neobulle-orgaaniline-rinnanibusid-rahustav-oli-50-ml\/","url":"https:\/\/beebipai.ee\/product\/neobulle-orgaaniline-rinnanibusid-rahustav-oli-50-ml\/","name":"Neobulle orgaaniline rinnanibusid rahustav \u00f5li, 50 ml - Beebipai","isPartOf":{"@id":"https:\/\/beebipai.ee\/en\/#website"},"primaryImageOfPage":{"@id":"https:\/\/beebipai.ee\/product\/neobulle-orgaaniline-rinnanibusid-rahustav-oli-50-ml\/#primaryimage"},"image":{"@id":"https:\/\/beebipai.ee\/product\/neobulle-orgaaniline-rinnanibusid-rahustav-oli-50-ml\/#primaryimage"},"thumbnailUrl":"https:\/\/beebipai.ee\/wp-content\/uploads\/2022\/05\/neobulle-rinnanibusid-rahustav-oli-e1660720965528.jpg","datePublished":"2022-05-24T20:54:37+00:00","dateModified":"2023-09-10T16:21:57+00:00","description":"Neobulle orgaaniline rinnanibusid rahustav \u00f5li leevendab kiiresti rinnanibude valulikkuse. Vaata toodet Neobulle orgaaniline rinnanibusid rahustav \u00f5li!","breadcrumb":{"@id":"https:\/\/beebipai.ee\/product\/neobulle-orgaaniline-rinnanibusid-rahustav-oli-50-ml\/#breadcrumb"},"inLanguage":"en-US","potentialAction":[{"@type":"ReadAction","target":["https:\/\/beebipai.ee\/product\/neobulle-orgaaniline-rinnanibusid-rahustav-oli-50-ml\/"]}]},{"@type":"ImageObject","inLanguage":"en-US","@id":"https:\/\/beebipai.ee\/product\/neobulle-orgaaniline-rinnanibusid-rahustav-oli-50-ml\/#primaryimage","url":"https:\/\/beebipai.ee\/wp-content\/uploads\/2022\/05\/neobulle-rinnanibusid-rahustav-oli-e1660720965528.jpg","contentUrl":"https:\/\/beebipai.ee\/wp-content\/uploads\/2022\/05\/neobulle-rinnanibusid-rahustav-oli-e1660720965528.jpg","width":700,"height":559},{"@type":"BreadcrumbList","@id":"https:\/\/beebipai.ee\/product\/neobulle-orgaaniline-rinnanibusid-rahustav-oli-50-ml\/#breadcrumb","itemListElement":[{"@type":"ListItem","position":1,"name":"Home","item":"https:\/\/beebipai.ee\/"},{"@type":"ListItem","position":2,"name":"Pood","item":"https:\/\/beebipai.ee\/store\/"},{"@type":"ListItem","position":3,"name":"Neobulle orgaaniline rinnanibusid rahustav \u00f5li, 50 ml"}]},{"@type":"WebSite","@id":"https:\/\/beebipai.ee\/en\/#website","url":"https:\/\/beebipai.ee\/en\/","name":"Beebipai","description":"Rasedate ja beebide veebipood","potentialAction":[{"@type":"SearchAction","target":{"@type":"EntryPoint","urlTemplate":"https:\/\/beebipai.ee\/en\/?s={search_term_string}"},"query-input":{"@type":"PropertyValueSpecification","valueRequired":true,"valueName":"search_term_string"}}],"inLanguage":"en-US"}]}},"_links":{"self":[{"href":"https:\/\/beebipai.ee\/en\/wp-json\/wp\/v2\/product\/3669","targetHints":{"allow":["GET"]}}],"collection":[{"href":"https:\/\/beebipai.ee\/en\/wp-json\/wp\/v2\/product"}],"about":[{"href":"https:\/\/beebipai.ee\/en\/wp-json\/wp\/v2\/types\/product"}],"version-history":[{"count":5,"href":"https:\/\/beebipai.ee\/en\/wp-json\/wp\/v2\/product\/3669\/revisions"}],"predecessor-version":[{"id":5457,"href":"https:\/\/beebipai.ee\/en\/wp-json\/wp\/v2\/product\/3669\/revisions\/5457"}],"wp:featuredmedia":[{"embeddable":true,"href":"https:\/\/beebipai.ee\/en\/wp-json\/wp\/v2\/media\/5868"}],"wp:attachment":[{"href":"https:\/\/beebipai.ee\/en\/wp-json\/wp\/v2\/media?parent=3669"}],"wp:term":[{"taxonomy":"product_brand","embeddable":true,"href":"https:\/\/beebipai.ee\/en\/wp-json\/wp\/v2\/product_brand?post=3669"},{"taxonomy":"product_cat","embeddable":true,"href":"https:\/\/beebipai.ee\/en\/wp-json\/wp\/v2\/product_cat?post=3669"},{"taxonomy":"product_tag","embeddable":true,"href":"https:\/\/beebipai.ee\/en\/wp-json\/wp\/v2\/product_tag?post=3669"}],"curies":[{"name":"wp","href":"https:\/\/api.w.org\/{rel}","templated":true}]}}