{"id":3596,"date":"2022-05-24T11:29:52","date_gmt":"2022-05-24T08:29:52","guid":{"rendered":"https:\/\/beebipai.ee\/?post_type=product&#038;p=3596"},"modified":"2022-08-06T00:26:15","modified_gmt":"2022-08-05T21:26:15","slug":"neobulle-orgaaniline-oli-hammastele-10-ml","status":"publish","type":"product","link":"https:\/\/beebipai.ee\/en\/product\/neobulle-orgaaniline-oli-hammastele-10-ml\/","title":{"rendered":"Neobulle organic oil to teeth, 10 ml"},"content":{"rendered":"<div data-elementor-type=\"wp-post\" data-elementor-id=\"3596\" class=\"elementor elementor-3596\">\n\t\t\t\t\t\t<section class=\"elementor-section elementor-top-section elementor-element elementor-element-c0b9510 elementor-section-boxed elementor-section-height-default elementor-section-height-default\" data-id=\"c0b9510\" data-element_type=\"section\" data-e-type=\"section\">\n\t\t\t\t\t\t<div class=\"elementor-container elementor-column-gap-default\">\n\t\t\t\t\t<div class=\"elementor-column elementor-col-50 elementor-top-column elementor-element elementor-element-d141340\" data-id=\"d141340\" data-element_type=\"column\" data-e-type=\"column\">\n\t\t\t<div class=\"elementor-widget-wrap elementor-element-populated\">\n\t\t\t\t\t\t<div class=\"elementor-element elementor-element-7e51134 elementor-widget elementor-widget-heading\" data-id=\"7e51134\" data-element_type=\"widget\" data-e-type=\"widget\" data-widget_type=\"heading.default\">\n\t\t\t\t<div class=\"elementor-widget-container\">\n\t\t\t\t\t<h2 class=\"elementor-heading-title elementor-size-default\">Neobulle organic oil to teeth<\/h2>\t\t\t\t<\/div>\n\t\t\t\t<\/div>\n\t\t\t\t<div class=\"elementor-element elementor-element-1101394 elementor-widget elementor-widget-text-editor\" data-id=\"1101394\" data-element_type=\"widget\" data-e-type=\"widget\" data-widget_type=\"text-editor.default\">\n\t\t\t\t<div class=\"elementor-widget-container\">\n\t\t\t\t\t\t\t\t\t<p>Who wouldn't like a toothless smile?<\/p><p>In fact, at the time of birth, the baby's milk teeth are hidden inside the gums. Milk teeth are already formed in the fetus. The permanent teeth, on the other hand, begin to form when the child is one year old.<\/p><p>Milk teeth play an important role in eating, keeping permanent teeth, and speech development.<\/p><p>The cutting of milk teeth starts most when the baby is 6 months old. The imminent saliva flow is indicated by the imminent tooth cutting. The child tries to put everything in the mouth and chew. In this way, he tries to relieve the awkward feeling in his mouth.<\/p><p>Tooth cutting is often accompanied by tingling and pain. A little pound and swelling go above the tooth that is a clutched tooth and the child does not often touch it. Fever may also occur. In most cases, the baby is also restless at that time, cries more, can refuse breast and\/or bottle, and needs more intimacy and security.<\/p>\t\t\t\t\t\t\t\t<\/div>\n\t\t\t\t<\/div>\n\t\t\t\t\t<\/div>\n\t\t<\/div>\n\t\t\t\t<div class=\"elementor-column elementor-col-50 elementor-top-column elementor-element elementor-element-5942a49\" data-id=\"5942a49\" data-element_type=\"column\" data-e-type=\"column\">\n\t\t\t<div class=\"elementor-widget-wrap elementor-element-populated\">\n\t\t\t\t\t\t<div class=\"elementor-element elementor-element-81583e1 elementor-widget elementor-widget-image\" data-id=\"81583e1\" data-element_type=\"widget\" data-e-type=\"widget\" data-widget_type=\"image.default\">\n\t\t\t\t<div class=\"elementor-widget-container\">\n\t\t\t\t\t\t\t\t\t\t\t\t\t\t\t<img fetchpriority=\"high\" decoding=\"async\" width=\"1024\" height=\"683\" src=\"https:\/\/beebipai.ee\/wp-content\/uploads\/2022\/05\/Neobulle-orgaaniline-oli-hammastele5-1024x683.webp\" class=\"attachment-large size-large wp-image-3602\" alt=\"\" srcset=\"https:\/\/beebipai.ee\/wp-content\/uploads\/2022\/05\/Neobulle-orgaaniline-oli-hammastele5-1024x683.webp 1024w, https:\/\/beebipai.ee\/wp-content\/uploads\/2022\/05\/Neobulle-orgaaniline-oli-hammastele5-e1653381117622-300x200.webp 300w, https:\/\/beebipai.ee\/wp-content\/uploads\/2022\/05\/Neobulle-orgaaniline-oli-hammastele5-768x512.webp 768w, https:\/\/beebipai.ee\/wp-content\/uploads\/2022\/05\/Neobulle-orgaaniline-oli-hammastele5-1536x1025.webp 1536w, https:\/\/beebipai.ee\/wp-content\/uploads\/2022\/05\/Neobulle-orgaaniline-oli-hammastele5-e1653381117622-18x12.webp 18w, https:\/\/beebipai.ee\/wp-content\/uploads\/2022\/05\/Neobulle-orgaaniline-oli-hammastele5-600x400.webp 600w, https:\/\/beebipai.ee\/wp-content\/uploads\/2022\/05\/Neobulle-orgaaniline-oli-hammastele5-e1653381117622.webp 400w\" sizes=\"(max-width: 1024px) 100vw, 1024px\" \/>\t\t\t\t\t\t\t\t\t\t\t\t\t\t\t<\/div>\n\t\t\t\t<\/div>\n\t\t\t\t\t<\/div>\n\t\t<\/div>\n\t\t\t\t\t<\/div>\n\t\t<\/section>\n\t\t\t\t<section class=\"elementor-section elementor-top-section elementor-element elementor-element-4af7ab8 elementor-section-boxed elementor-section-height-default elementor-section-height-default\" data-id=\"4af7ab8\" data-element_type=\"section\" data-e-type=\"section\">\n\t\t\t\t\t\t<div class=\"elementor-container elementor-column-gap-default\">\n\t\t\t\t\t<div class=\"elementor-column elementor-col-50 elementor-top-column elementor-element elementor-element-fbdfd9f\" data-id=\"fbdfd9f\" data-element_type=\"column\" data-e-type=\"column\">\n\t\t\t<div class=\"elementor-widget-wrap elementor-element-populated\">\n\t\t\t\t\t\t<div class=\"elementor-element elementor-element-3454a18 elementor-widget elementor-widget-image\" data-id=\"3454a18\" data-element_type=\"widget\" data-e-type=\"widget\" data-widget_type=\"image.default\">\n\t\t\t\t<div class=\"elementor-widget-container\">\n\t\t\t\t\t\t\t\t\t\t\t\t\t\t\t<img decoding=\"async\" width=\"1024\" height=\"1024\" src=\"https:\/\/beebipai.ee\/wp-content\/uploads\/2022\/05\/Neobulle-orgaaniline-oli-hammastele4-1024x1024.webp\" class=\"attachment-large size-large wp-image-3601\" alt=\"\" srcset=\"https:\/\/beebipai.ee\/wp-content\/uploads\/2022\/05\/Neobulle-orgaaniline-oli-hammastele4-1024x1024.webp 1024w, https:\/\/beebipai.ee\/wp-content\/uploads\/2022\/05\/Neobulle-orgaaniline-oli-hammastele4-e1653382177957-300x300.webp 300w, https:\/\/beebipai.ee\/wp-content\/uploads\/2022\/05\/Neobulle-orgaaniline-oli-hammastele4-e1653382177957-150x150.webp 150w, https:\/\/beebipai.ee\/wp-content\/uploads\/2022\/05\/Neobulle-orgaaniline-oli-hammastele4-768x768.webp 768w, https:\/\/beebipai.ee\/wp-content\/uploads\/2022\/05\/Neobulle-orgaaniline-oli-hammastele4-e1653382177957-12x12.webp 12w, https:\/\/beebipai.ee\/wp-content\/uploads\/2022\/05\/Neobulle-orgaaniline-oli-hammastele4-600x600.webp 600w, https:\/\/beebipai.ee\/wp-content\/uploads\/2022\/05\/Neobulle-orgaaniline-oli-hammastele4-e1653382177957-100x100.webp 100w, https:\/\/beebipai.ee\/wp-content\/uploads\/2022\/05\/Neobulle-orgaaniline-oli-hammastele4-e1653382177957.webp 400w\" sizes=\"(max-width: 1024px) 100vw, 1024px\" \/>\t\t\t\t\t\t\t\t\t\t\t\t\t\t\t<\/div>\n\t\t\t\t<\/div>\n\t\t\t\t\t<\/div>\n\t\t<\/div>\n\t\t\t\t<div class=\"elementor-column elementor-col-50 elementor-top-column elementor-element elementor-element-fedf5e9\" data-id=\"fedf5e9\" data-element_type=\"column\" data-e-type=\"column\">\n\t\t\t<div class=\"elementor-widget-wrap elementor-element-populated\">\n\t\t\t\t\t\t<div class=\"elementor-element elementor-element-cf0272c elementor-widget elementor-widget-text-editor\" data-id=\"cf0272c\" data-element_type=\"widget\" data-e-type=\"widget\" data-widget_type=\"text-editor.default\">\n\t\t\t\t<div class=\"elementor-widget-container\">\n\t\t\t\t\t\t\t\t\t<p>As the first tooth, the two lower incisors intersect around 6 months. The two upper ones follow this soon. The intersection occurs - after the next three years of the next three years, all 20 teeth are nicely in the mouth.\u00a0<\/p><p>Don't worry if your baby doesn't have any teeth in his 6th month of life. The time and speed of the tooth cut is very individual, as is all other stages of the child's development. There are babies who have appeared in their mouths in the 3rd month of life and there are also those who have the first teeth greeting the first year of life.<\/p><p>You could consult a doctor if your child has no teeth yet on the first birthday.<\/p>\t\t\t\t\t\t\t\t<\/div>\n\t\t\t\t<\/div>\n\t\t\t\t\t<\/div>\n\t\t<\/div>\n\t\t\t\t\t<\/div>\n\t\t<\/section>\n\t\t\t\t<section class=\"elementor-section elementor-top-section elementor-element elementor-element-dca07f9 elementor-section-boxed elementor-section-height-default elementor-section-height-default\" data-id=\"dca07f9\" data-element_type=\"section\" data-e-type=\"section\">\n\t\t\t\t\t\t<div class=\"elementor-container elementor-column-gap-default\">\n\t\t\t\t\t<div class=\"elementor-column elementor-col-50 elementor-top-column elementor-element elementor-element-cf44e85\" data-id=\"cf44e85\" data-element_type=\"column\" data-e-type=\"column\">\n\t\t\t<div class=\"elementor-widget-wrap elementor-element-populated\">\n\t\t\t\t\t\t<div class=\"elementor-element elementor-element-612d4b2 elementor-widget elementor-widget-text-editor\" data-id=\"612d4b2\" data-element_type=\"widget\" data-e-type=\"widget\" data-widget_type=\"text-editor.default\">\n\t\t\t\t<div class=\"elementor-widget-container\">\n\t\t\t\t\t\t\t\t\t<p>The natural and gentle oil of the Neobulle during the bite of the oil helps to relieve the pain and the feeling of tingling in the baby's mouth very effectively.\u00a0<\/p><p>Vegetable oils in tooth oil are all organic origin. A well -functioning combination of St. John's wort, lavender, olive, calendula, chamomile, rosemary and cuckoo gold helps the baby's gums to soften and soothe. An indispensable assistant for parents for a slightly more restful period of life<\/p><p>Gently mass the baby with one drop of oil 3 times a day. Suitable for daily use from the age of 3 months of child.\u00a0<\/p>\t\t\t\t\t\t\t\t<\/div>\n\t\t\t\t<\/div>\n\t\t\t\t\t<\/div>\n\t\t<\/div>\n\t\t\t\t<div class=\"elementor-column elementor-col-50 elementor-top-column elementor-element elementor-element-6106aae\" data-id=\"6106aae\" data-element_type=\"column\" data-e-type=\"column\">\n\t\t\t<div class=\"elementor-widget-wrap elementor-element-populated\">\n\t\t\t\t\t\t<div class=\"elementor-element elementor-element-8d1f2b9 elementor-widget elementor-widget-image\" data-id=\"8d1f2b9\" data-element_type=\"widget\" data-e-type=\"widget\" data-widget_type=\"image.default\">\n\t\t\t\t<div class=\"elementor-widget-container\">\n\t\t\t\t\t\t\t\t\t\t\t\t\t\t\t<img decoding=\"async\" width=\"400\" height=\"234\" src=\"https:\/\/beebipai.ee\/wp-content\/uploads\/2022\/05\/Neobulle-orgaaniline-oli-hammastele2-e1653382825875.jpg\" class=\"attachment-large size-large wp-image-3599\" alt=\"\" srcset=\"https:\/\/beebipai.ee\/wp-content\/uploads\/2022\/05\/Neobulle-orgaaniline-oli-hammastele2-e1653382825875.jpg 400w, https:\/\/beebipai.ee\/wp-content\/uploads\/2022\/05\/Neobulle-orgaaniline-oli-hammastele2-e1653382825875-300x176.jpg 300w, https:\/\/beebipai.ee\/wp-content\/uploads\/2022\/05\/Neobulle-orgaaniline-oli-hammastele2-e1653382825875-18x12.jpg 18w\" sizes=\"(max-width: 400px) 100vw, 400px\" \/>\t\t\t\t\t\t\t\t\t\t\t\t\t\t\t<\/div>\n\t\t\t\t<\/div>\n\t\t\t\t\t<\/div>\n\t\t<\/div>\n\t\t\t\t\t<\/div>\n\t\t<\/section>\n\t\t\t\t<\/div>","protected":false},"excerpt":{"rendered":"<p>Neobulle organic tooth cutting oil soothes and softens the gums during teeth cutting. The delicate and natural product gives efficiency a combination of vegetable and pain -relieving vegetable oils. Suitable for use from the age of 3 months.<\/p>\n<p>100% of the assembly parts come from organic farming<\/p>\n<p>Made in France<\/p>","protected":false},"featured_media":5622,"template":"","meta":{"_monsterinsights_skip_tracking":false,"_monsterinsights_sitenote_active":false,"_monsterinsights_sitenote_note":"","_monsterinsights_sitenote_category":0,"site-sidebar-layout":"no-sidebar","site-content-layout":"page-builder","ast-site-content-layout":"default","site-content-style":"default","site-sidebar-style":"default","ast-global-header-display":"","ast-banner-title-visibility":"","ast-main-header-display":"","ast-hfb-above-header-display":"","ast-hfb-below-header-display":"","ast-hfb-mobile-header-display":"","site-post-title":"disabled","ast-breadcrumbs-content":"","ast-featured-img":"disabled","footer-sml-layout":"","ast-disable-related-posts":"","theme-transparent-header-meta":"default","adv-header-id-meta":"","stick-header-meta":"","header-above-stick-meta":"","header-main-stick-meta":"","header-below-stick-meta":"","astra-migrate-meta-layouts":"default","ast-page-background-enabled":"default","ast-page-background-meta":{"desktop":{"background-color":"","background-image":"","background-repeat":"repeat","background-position":"center center","background-size":"auto","background-attachment":"scroll","background-type":"","background-media":"","overlay-type":"","overlay-color":"","overlay-opacity":"","overlay-gradient":""},"tablet":{"background-color":"","background-image":"","background-repeat":"repeat","background-position":"center center","background-size":"auto","background-attachment":"scroll","background-type":"","background-media":"","overlay-type":"","overlay-color":"","overlay-opacity":"","overlay-gradient":""},"mobile":{"background-color":"","background-image":"","background-repeat":"repeat","background-position":"center center","background-size":"auto","background-attachment":"scroll","background-type":"","background-media":"","overlay-type":"","overlay-color":"","overlay-opacity":"","overlay-gradient":""}},"ast-content-background-meta":{"desktop":{"background-color":"var(--ast-global-color-5)","background-image":"","background-repeat":"repeat","background-position":"center center","background-size":"auto","background-attachment":"scroll","background-type":"","background-media":"","overlay-type":"","overlay-color":"","overlay-opacity":"","overlay-gradient":""},"tablet":{"background-color":"var(--ast-global-color-5)","background-image":"","background-repeat":"repeat","background-position":"center center","background-size":"auto","background-attachment":"scroll","background-type":"","background-media":"","overlay-type":"","overlay-color":"","overlay-opacity":"","overlay-gradient":""},"mobile":{"background-color":"var(--ast-global-color-5)","background-image":"","background-repeat":"repeat","background-position":"center center","background-size":"auto","background-attachment":"scroll","background-type":"","background-media":"","overlay-type":"","overlay-color":"","overlay-opacity":"","overlay-gradient":""}}},"product_brand":[],"product_cat":[23,135],"product_tag":[],"class_list":{"0":"post-3596","1":"product","2":"type-product","3":"status-publish","4":"has-post-thumbnail","6":"product_cat-beebile","7":"product_cat-tervisemurede-leevend","8":"desktop-align-left","9":"tablet-align-left","10":"mobile-align-left","12":"first","13":"instock","14":"taxable","15":"shipping-taxable","16":"purchasable","17":"product-type-simple"},"yoast_head":"<!-- This site is optimized with the Yoast SEO plugin v27.4 - https:\/\/yoast.com\/product\/yoast-seo-wordpress\/ -->\n<title>Neobulle orgaaniline \u00f5li hammastele, 10 ml - Beebipai<\/title>\n<meta name=\"description\" content=\"Neobulle orgaaniline \u00f5li hammastele on valu leevendevaks vahendiks beebi hammaste l\u00f5ikumise ajal. Vaata toodet Neobulle orgaaniline \u00f5li hammastele!\" \/>\n<meta name=\"robots\" content=\"index, follow, max-snippet:-1, max-image-preview:large, max-video-preview:-1\" \/>\n<link rel=\"canonical\" href=\"https:\/\/beebipai.ee\/en\/product\/neobulle-orgaaniline-oli-hammastele-10-ml\/\" \/>\n<meta property=\"og:locale\" content=\"en_US\" \/>\n<meta property=\"og:type\" content=\"article\" \/>\n<meta property=\"og:title\" content=\"Neobulle orgaaniline \u00f5li hammastele, 10 ml - Beebipai\" \/>\n<meta property=\"og:description\" content=\"Neobulle orgaaniline \u00f5li hammastele on valu leevendevaks vahendiks beebi hammaste l\u00f5ikumise ajal. Vaata toodet Neobulle orgaaniline \u00f5li hammastele!\" \/>\n<meta property=\"og:url\" content=\"https:\/\/beebipai.ee\/en\/product\/neobulle-orgaaniline-oli-hammastele-10-ml\/\" \/>\n<meta property=\"og:site_name\" content=\"Beebipai\" \/>\n<meta property=\"article:modified_time\" content=\"2022-08-05T21:26:15+00:00\" \/>\n<meta property=\"og:image\" content=\"https:\/\/beebipai.ee\/wp-content\/uploads\/2022\/05\/IMG-8583-scaled.jpg\" \/>\n\t<meta property=\"og:image:width\" content=\"2560\" \/>\n\t<meta property=\"og:image:height\" content=\"1613\" \/>\n\t<meta property=\"og:image:type\" content=\"image\/jpeg\" \/>\n<meta name=\"twitter:card\" content=\"summary_large_image\" \/>\n<meta name=\"twitter:label1\" content=\"Est. reading time\" \/>\n\t<meta name=\"twitter:data1\" content=\"3 minutes\" \/>\n<script type=\"application\/ld+json\" class=\"yoast-schema-graph\">{\"@context\":\"https:\\\/\\\/schema.org\",\"@graph\":[{\"@type\":\"WebPage\",\"@id\":\"https:\\\/\\\/beebipai.ee\\\/lv\\\/product\\\/neobulle-orgaaniline-oli-hammastele-10-ml\\\/\",\"url\":\"https:\\\/\\\/beebipai.ee\\\/lv\\\/product\\\/neobulle-orgaaniline-oli-hammastele-10-ml\\\/\",\"name\":\"Neobulle orgaaniline \u00f5li hammastele, 10 ml - Beebipai\",\"isPartOf\":{\"@id\":\"https:\\\/\\\/beebipai.ee\\\/en\\\/#website\"},\"primaryImageOfPage\":{\"@id\":\"https:\\\/\\\/beebipai.ee\\\/lv\\\/product\\\/neobulle-orgaaniline-oli-hammastele-10-ml\\\/#primaryimage\"},\"image\":{\"@id\":\"https:\\\/\\\/beebipai.ee\\\/lv\\\/product\\\/neobulle-orgaaniline-oli-hammastele-10-ml\\\/#primaryimage\"},\"thumbnailUrl\":\"https:\\\/\\\/beebipai.ee\\\/wp-content\\\/uploads\\\/2022\\\/05\\\/IMG-8583-scaled.jpg\",\"datePublished\":\"2022-05-24T08:29:52+00:00\",\"dateModified\":\"2022-08-05T21:26:15+00:00\",\"description\":\"Neobulle orgaaniline \u00f5li hammastele on valu leevendevaks vahendiks beebi hammaste l\u00f5ikumise ajal. Vaata toodet Neobulle orgaaniline \u00f5li hammastele!\",\"breadcrumb\":{\"@id\":\"https:\\\/\\\/beebipai.ee\\\/lv\\\/product\\\/neobulle-orgaaniline-oli-hammastele-10-ml\\\/#breadcrumb\"},\"inLanguage\":\"en-US\",\"potentialAction\":[{\"@type\":\"ReadAction\",\"target\":[\"https:\\\/\\\/beebipai.ee\\\/lv\\\/product\\\/neobulle-orgaaniline-oli-hammastele-10-ml\\\/\"]}]},{\"@type\":\"ImageObject\",\"inLanguage\":\"en-US\",\"@id\":\"https:\\\/\\\/beebipai.ee\\\/lv\\\/product\\\/neobulle-orgaaniline-oli-hammastele-10-ml\\\/#primaryimage\",\"url\":\"https:\\\/\\\/beebipai.ee\\\/wp-content\\\/uploads\\\/2022\\\/05\\\/IMG-8583-scaled.jpg\",\"contentUrl\":\"https:\\\/\\\/beebipai.ee\\\/wp-content\\\/uploads\\\/2022\\\/05\\\/IMG-8583-scaled.jpg\",\"width\":2560,\"height\":1613},{\"@type\":\"BreadcrumbList\",\"@id\":\"https:\\\/\\\/beebipai.ee\\\/lv\\\/product\\\/neobulle-orgaaniline-oli-hammastele-10-ml\\\/#breadcrumb\",\"itemListElement\":[{\"@type\":\"ListItem\",\"position\":1,\"name\":\"Home\",\"item\":\"https:\\\/\\\/beebipai.ee\\\/\"},{\"@type\":\"ListItem\",\"position\":2,\"name\":\"Pood\",\"item\":\"https:\\\/\\\/beebipai.ee\\\/store\\\/\"},{\"@type\":\"ListItem\",\"position\":3,\"name\":\"Neobulle orgaaniline \u00f5li hammastele, 10 ml\"}]},{\"@type\":\"WebSite\",\"@id\":\"https:\\\/\\\/beebipai.ee\\\/en\\\/#website\",\"url\":\"https:\\\/\\\/beebipai.ee\\\/en\\\/\",\"name\":\"Beebipai\",\"description\":\"Rasedate ja beebide veebipood\",\"potentialAction\":[{\"@type\":\"SearchAction\",\"target\":{\"@type\":\"EntryPoint\",\"urlTemplate\":\"https:\\\/\\\/beebipai.ee\\\/en\\\/?s={search_term_string}\"},\"query-input\":{\"@type\":\"PropertyValueSpecification\",\"valueRequired\":true,\"valueName\":\"search_term_string\"}}],\"inLanguage\":\"en-US\"}]}<\/script>\n<!-- \/ Yoast SEO plugin. -->","yoast_head_json":{"title":"Neobulle orgaaniline \u00f5li hammastele, 10 ml - Beebipai","description":"Neobulle orgaaniline \u00f5li hammastele on valu leevendevaks vahendiks beebi hammaste l\u00f5ikumise ajal. Vaata toodet Neobulle orgaaniline \u00f5li hammastele!","robots":{"index":"index","follow":"follow","max-snippet":"max-snippet:-1","max-image-preview":"max-image-preview:large","max-video-preview":"max-video-preview:-1"},"canonical":"https:\/\/beebipai.ee\/en\/product\/neobulle-orgaaniline-oli-hammastele-10-ml\/","og_locale":"en_US","og_type":"article","og_title":"Neobulle orgaaniline \u00f5li hammastele, 10 ml - Beebipai","og_description":"Neobulle orgaaniline \u00f5li hammastele on valu leevendevaks vahendiks beebi hammaste l\u00f5ikumise ajal. Vaata toodet Neobulle orgaaniline \u00f5li hammastele!","og_url":"https:\/\/beebipai.ee\/en\/product\/neobulle-orgaaniline-oli-hammastele-10-ml\/","og_site_name":"Beebipai","article_modified_time":"2022-08-05T21:26:15+00:00","og_image":[{"width":2560,"height":1613,"url":"https:\/\/beebipai.ee\/wp-content\/uploads\/2022\/05\/IMG-8583-scaled.jpg","type":"image\/jpeg"}],"twitter_card":"summary_large_image","twitter_misc":{"Est. reading time":"3 minutes"},"schema":{"@context":"https:\/\/schema.org","@graph":[{"@type":"WebPage","@id":"https:\/\/beebipai.ee\/lv\/product\/neobulle-orgaaniline-oli-hammastele-10-ml\/","url":"https:\/\/beebipai.ee\/lv\/product\/neobulle-orgaaniline-oli-hammastele-10-ml\/","name":"Neobulle orgaaniline \u00f5li hammastele, 10 ml - Beebipai","isPartOf":{"@id":"https:\/\/beebipai.ee\/en\/#website"},"primaryImageOfPage":{"@id":"https:\/\/beebipai.ee\/lv\/product\/neobulle-orgaaniline-oli-hammastele-10-ml\/#primaryimage"},"image":{"@id":"https:\/\/beebipai.ee\/lv\/product\/neobulle-orgaaniline-oli-hammastele-10-ml\/#primaryimage"},"thumbnailUrl":"https:\/\/beebipai.ee\/wp-content\/uploads\/2022\/05\/IMG-8583-scaled.jpg","datePublished":"2022-05-24T08:29:52+00:00","dateModified":"2022-08-05T21:26:15+00:00","description":"Neobulle orgaaniline \u00f5li hammastele on valu leevendevaks vahendiks beebi hammaste l\u00f5ikumise ajal. Vaata toodet Neobulle orgaaniline \u00f5li hammastele!","breadcrumb":{"@id":"https:\/\/beebipai.ee\/lv\/product\/neobulle-orgaaniline-oli-hammastele-10-ml\/#breadcrumb"},"inLanguage":"en-US","potentialAction":[{"@type":"ReadAction","target":["https:\/\/beebipai.ee\/lv\/product\/neobulle-orgaaniline-oli-hammastele-10-ml\/"]}]},{"@type":"ImageObject","inLanguage":"en-US","@id":"https:\/\/beebipai.ee\/lv\/product\/neobulle-orgaaniline-oli-hammastele-10-ml\/#primaryimage","url":"https:\/\/beebipai.ee\/wp-content\/uploads\/2022\/05\/IMG-8583-scaled.jpg","contentUrl":"https:\/\/beebipai.ee\/wp-content\/uploads\/2022\/05\/IMG-8583-scaled.jpg","width":2560,"height":1613},{"@type":"BreadcrumbList","@id":"https:\/\/beebipai.ee\/lv\/product\/neobulle-orgaaniline-oli-hammastele-10-ml\/#breadcrumb","itemListElement":[{"@type":"ListItem","position":1,"name":"Home","item":"https:\/\/beebipai.ee\/"},{"@type":"ListItem","position":2,"name":"Pood","item":"https:\/\/beebipai.ee\/store\/"},{"@type":"ListItem","position":3,"name":"Neobulle orgaaniline \u00f5li hammastele, 10 ml"}]},{"@type":"WebSite","@id":"https:\/\/beebipai.ee\/en\/#website","url":"https:\/\/beebipai.ee\/en\/","name":"Beebipai","description":"Rasedate ja beebide veebipood","potentialAction":[{"@type":"SearchAction","target":{"@type":"EntryPoint","urlTemplate":"https:\/\/beebipai.ee\/en\/?s={search_term_string}"},"query-input":{"@type":"PropertyValueSpecification","valueRequired":true,"valueName":"search_term_string"}}],"inLanguage":"en-US"}]}},"_links":{"self":[{"href":"https:\/\/beebipai.ee\/en\/wp-json\/wp\/v2\/product\/3596","targetHints":{"allow":["GET"]}}],"collection":[{"href":"https:\/\/beebipai.ee\/en\/wp-json\/wp\/v2\/product"}],"about":[{"href":"https:\/\/beebipai.ee\/en\/wp-json\/wp\/v2\/types\/product"}],"version-history":[{"count":5,"href":"https:\/\/beebipai.ee\/en\/wp-json\/wp\/v2\/product\/3596\/revisions"}],"predecessor-version":[{"id":5361,"href":"https:\/\/beebipai.ee\/en\/wp-json\/wp\/v2\/product\/3596\/revisions\/5361"}],"wp:featuredmedia":[{"embeddable":true,"href":"https:\/\/beebipai.ee\/en\/wp-json\/wp\/v2\/media\/5622"}],"wp:attachment":[{"href":"https:\/\/beebipai.ee\/en\/wp-json\/wp\/v2\/media?parent=3596"}],"wp:term":[{"taxonomy":"product_brand","embeddable":true,"href":"https:\/\/beebipai.ee\/en\/wp-json\/wp\/v2\/product_brand?post=3596"},{"taxonomy":"product_cat","embeddable":true,"href":"https:\/\/beebipai.ee\/en\/wp-json\/wp\/v2\/product_cat?post=3596"},{"taxonomy":"product_tag","embeddable":true,"href":"https:\/\/beebipai.ee\/en\/wp-json\/wp\/v2\/product_tag?post=3596"}],"curies":[{"name":"wp","href":"https:\/\/api.w.org\/{rel}","templated":true}]}}