{"id":11738,"date":"2024-11-10T22:09:18","date_gmt":"2024-11-10T20:09:18","guid":{"rendered":"https:\/\/beebipai.ee\/?post_type=product&#038;p=11738"},"modified":"2026-02-11T12:47:28","modified_gmt":"2026-02-11T10:47:28","slug":"faith-in-nature-juuksemaks-draakoniviljaga-300ml","status":"publish","type":"product","link":"https:\/\/beebipai.ee\/en\/product\/faith-in-nature-juuksemaks-draakoniviljaga-300ml\/","title":{"rendered":"Faith in Nature juuksemask draakoniviljaga, 300ml"},"content":{"rendered":"<div data-elementor-type=\"wp-post\" data-elementor-id=\"11738\" class=\"elementor elementor-11738\">\n\t\t\t\t\t\t<section class=\"elementor-section elementor-top-section elementor-element elementor-element-99d69ef elementor-section-boxed elementor-section-height-default elementor-section-height-default\" data-id=\"99d69ef\" data-element_type=\"section\" data-e-type=\"section\">\n\t\t\t\t\t\t<div class=\"elementor-container elementor-column-gap-default\">\n\t\t\t\t\t<div class=\"elementor-column elementor-col-50 elementor-top-column elementor-element elementor-element-3f283cc\" data-id=\"3f283cc\" data-element_type=\"column\" data-e-type=\"column\">\n\t\t\t<div class=\"elementor-widget-wrap elementor-element-populated\">\n\t\t\t\t\t\t<div class=\"elementor-element elementor-element-552d0f0 elementor-widget elementor-widget-heading\" data-id=\"552d0f0\" data-element_type=\"widget\" data-e-type=\"widget\" data-widget_type=\"heading.default\">\n\t\t\t\t<div class=\"elementor-widget-container\">\n\t\t\t\t\t<h2 class=\"elementor-heading-title elementor-size-default\">Faith in Nature juuksemask draakoniviljaga<\/h2>\t\t\t\t<\/div>\n\t\t\t\t<\/div>\n\t\t\t\t<div class=\"elementor-element elementor-element-59ea8c2 elementor-widget elementor-widget-text-editor\" data-id=\"59ea8c2\" data-element_type=\"widget\" data-e-type=\"widget\" data-widget_type=\"text-editor.default\">\n\t\t\t\t<div class=\"elementor-widget-container\">\n\t\t\t\t\t\t\t\t\t<p>Faith in Nature juuksemask toidab juuksed \u00f5rnalt ja loomulikult. Elavdab juukseid t\u00e4ies pikkuses. Antioks\u00fcdantide, vitamiinide ja mineraalide rikas draakonivili niisutab ja toidab juukseid. Juuksed n\u00e4evad v\u00e4lja eluterved ja l\u00e4ikivad. Juuksemask teeb juuksed kergesti kammitavaks ja j\u00e4tab juustele m\u00f5nusa v\u00e4rske puuviljase l\u00f5hna.<\/p><p>Kanna juuksemask r\u00e4tikuivadesse juustesse. Jaota \u00fchtlaselt, p\u00f6\u00f6ra eriti t\u00e4helepanu juuste otstele ning lase toimida 5 &#8211; 20 minutit. Loputa juuksemask korralikult juustest v\u00e4lja.\u00a0 Parima tulemuse saavutamiseks kasuta koos Faith in Nature looduslikku draakonivilja ekstrakti sisaldava \u0161ampooniga ja palsamiga.\u00a0 Silma sattumisel loputa koheselt puhta veega.\u00a0<\/p><p>Toode ei sisalada parabeene ega SLS \u00fchendeid. Juuksemaski l\u00f5hn tuleb 100% looduslikest l\u00f5hnaainetest. Toode sobib veganitele<\/p><p>Product packaging is made of recycled materials as a contribution to the ecological footprint.<\/p>\t\t\t\t\t\t\t\t<\/div>\n\t\t\t\t<\/div>\n\t\t\t\t\t<\/div>\n\t\t<\/div>\n\t\t\t\t<div class=\"elementor-column elementor-col-50 elementor-top-column elementor-element elementor-element-1ccc7d4\" data-id=\"1ccc7d4\" data-element_type=\"column\" data-e-type=\"column\">\n\t\t\t<div class=\"elementor-widget-wrap elementor-element-populated\">\n\t\t\t\t\t\t<div class=\"elementor-element elementor-element-28ef8cc elementor-widget elementor-widget-image\" data-id=\"28ef8cc\" data-element_type=\"widget\" data-e-type=\"widget\" data-widget_type=\"image.default\">\n\t\t\t\t<div class=\"elementor-widget-container\">\n\t\t\t\t\t\t\t\t\t\t\t\t\t\t\t<img fetchpriority=\"high\" decoding=\"async\" width=\"1024\" height=\"1024\" src=\"https:\/\/beebipai.ee\/wp-content\/uploads\/2024\/11\/Faith-in-nature-juuksemaks-draakoniviljaga-1024x1024.webp\" class=\"attachment-large size-large wp-image-11739\" alt=\"\" srcset=\"https:\/\/beebipai.ee\/wp-content\/uploads\/2024\/11\/Faith-in-nature-juuksemaks-draakoniviljaga-1024x1024.webp 1024w, https:\/\/beebipai.ee\/wp-content\/uploads\/2024\/11\/Faith-in-nature-juuksemaks-draakoniviljaga-300x300.webp 300w, https:\/\/beebipai.ee\/wp-content\/uploads\/2024\/11\/Faith-in-nature-juuksemaks-draakoniviljaga-150x150.webp 150w, https:\/\/beebipai.ee\/wp-content\/uploads\/2024\/11\/Faith-in-nature-juuksemaks-draakoniviljaga-768x768.webp 768w, https:\/\/beebipai.ee\/wp-content\/uploads\/2024\/11\/Faith-in-nature-juuksemaks-draakoniviljaga-1536x1536.webp 1536w, https:\/\/beebipai.ee\/wp-content\/uploads\/2024\/11\/Faith-in-nature-juuksemaks-draakoniviljaga-12x12.webp 12w, https:\/\/beebipai.ee\/wp-content\/uploads\/2024\/11\/Faith-in-nature-juuksemaks-draakoniviljaga-600x600.webp 600w, https:\/\/beebipai.ee\/wp-content\/uploads\/2024\/11\/Faith-in-nature-juuksemaks-draakoniviljaga-100x100.webp 100w, https:\/\/beebipai.ee\/wp-content\/uploads\/2024\/11\/Faith-in-nature-juuksemaks-draakoniviljaga-e1731269531165.webp 500w\" sizes=\"(max-width: 1024px) 100vw, 1024px\" \/>\t\t\t\t\t\t\t\t\t\t\t\t\t\t\t<\/div>\n\t\t\t\t<\/div>\n\t\t\t\t\t<\/div>\n\t\t<\/div>\n\t\t\t\t\t<\/div>\n\t\t<\/section>\n\t\t\t\t<\/div>","protected":false},"excerpt":{"rendered":"<p>Faith in Nature looduslik juuksemask draakonivilja ekstraktiga on ideaalne niisutamaks ja toitmaks k\u00f5iki juukset\u00fc\u00fcpe.\u00a0 Draakonivilja aroom j\u00e4tab juuksed suurep\u00e4raselt l\u00f5hnavaks.<\/p>\n<p>Suitable for everyday use from the age of 3, as well as during pregnancy and lactation.<\/p>\n<p>99% of the ingredients are natural, 100% biodegradable<\/p>\n<p>Produced In England<\/p>","protected":false},"featured_media":11740,"template":"","meta":{"_monsterinsights_skip_tracking":false,"_monsterinsights_sitenote_active":false,"_monsterinsights_sitenote_note":"","_monsterinsights_sitenote_category":0,"site-sidebar-layout":"no-sidebar","site-content-layout":"page-builder","ast-site-content-layout":"full-width-container","site-content-style":"default","site-sidebar-style":"default","ast-global-header-display":"","ast-banner-title-visibility":"","ast-main-header-display":"","ast-hfb-above-header-display":"","ast-hfb-below-header-display":"","ast-hfb-mobile-header-display":"","site-post-title":"disabled","ast-breadcrumbs-content":"","ast-featured-img":"disabled","footer-sml-layout":"","ast-disable-related-posts":"","theme-transparent-header-meta":"default","adv-header-id-meta":"","stick-header-meta":"","header-above-stick-meta":"","header-main-stick-meta":"","header-below-stick-meta":"","astra-migrate-meta-layouts":"set","ast-page-background-enabled":"default","ast-page-background-meta":{"desktop":{"background-color":"","background-image":"","background-repeat":"repeat","background-position":"center center","background-size":"auto","background-attachment":"scroll","background-type":"","background-media":"","overlay-type":"","overlay-color":"","overlay-opacity":"","overlay-gradient":""},"tablet":{"background-color":"","background-image":"","background-repeat":"repeat","background-position":"center center","background-size":"auto","background-attachment":"scroll","background-type":"","background-media":"","overlay-type":"","overlay-color":"","overlay-opacity":"","overlay-gradient":""},"mobile":{"background-color":"","background-image":"","background-repeat":"repeat","background-position":"center center","background-size":"auto","background-attachment":"scroll","background-type":"","background-media":"","overlay-type":"","overlay-color":"","overlay-opacity":"","overlay-gradient":""}},"ast-content-background-meta":{"desktop":{"background-color":"var(--ast-global-color-5)","background-image":"","background-repeat":"repeat","background-position":"center center","background-size":"auto","background-attachment":"scroll","background-type":"","background-media":"","overlay-type":"","overlay-color":"","overlay-opacity":"","overlay-gradient":""},"tablet":{"background-color":"var(--ast-global-color-5)","background-image":"","background-repeat":"repeat","background-position":"center center","background-size":"auto","background-attachment":"scroll","background-type":"","background-media":"","overlay-type":"","overlay-color":"","overlay-opacity":"","overlay-gradient":""},"mobile":{"background-color":"var(--ast-global-color-5)","background-image":"","background-repeat":"repeat","background-position":"center center","background-size":"auto","background-attachment":"scroll","background-type":"","background-media":"","overlay-type":"","overlay-color":"","overlay-opacity":"","overlay-gradient":""}}},"product_brand":[],"product_cat":[112,22,100],"product_tag":[],"class_list":{"0":"post-11738","1":"product","2":"type-product","3":"status-publish","4":"has-post-thumbnail","6":"product_cat-dusigeelid-sampoonid-palsamid","7":"product_cat-emale","8":"product_cat-hooldus-emale","9":"desktop-align-left","10":"tablet-align-left","11":"mobile-align-left","13":"first","14":"instock","15":"sale","16":"taxable","17":"shipping-taxable","18":"purchasable","19":"product-type-simple"},"yoast_head":"<!-- This site is optimized with the Yoast SEO plugin v27.3 - https:\/\/yoast.com\/product\/yoast-seo-wordpress\/ -->\n<title>Faith in Nature juuksemask draakoniviljaga, 300ml - Beebipai<\/title>\n<meta name=\"description\" content=\"Faith in Nature juuksemask draakoniviljaga elavdab kahjustunud juukseid kogupikkuses. Vaata toodet Faith in Nature juuksemask draakoniviljaga!\" \/>\n<meta name=\"robots\" content=\"index, follow, max-snippet:-1, max-image-preview:large, max-video-preview:-1\" \/>\n<link rel=\"canonical\" href=\"https:\/\/beebipai.ee\/en\/product\/faith-in-nature-juuksemaks-draakoniviljaga-300ml\/\" \/>\n<meta property=\"og:locale\" content=\"en_US\" \/>\n<meta property=\"og:type\" content=\"article\" \/>\n<meta property=\"og:title\" content=\"Faith in Nature juuksemask draakoniviljaga, 300ml - Beebipai\" \/>\n<meta property=\"og:description\" content=\"Faith in Nature juuksemask draakoniviljaga elavdab kahjustunud juukseid kogupikkuses. Vaata toodet Faith in Nature juuksemask draakoniviljaga!\" \/>\n<meta property=\"og:url\" content=\"https:\/\/beebipai.ee\/en\/product\/faith-in-nature-juuksemaks-draakoniviljaga-300ml\/\" \/>\n<meta property=\"og:site_name\" content=\"Beebipai\" \/>\n<meta property=\"article:modified_time\" content=\"2026-02-11T10:47:28+00:00\" \/>\n<meta property=\"og:image\" content=\"https:\/\/beebipai.ee\/wp-content\/uploads\/2024\/11\/Faith-in-nature-juuksemask-draakoniviljaga-e1731269342737.webp\" \/>\n\t<meta property=\"og:image:width\" content=\"500\" \/>\n\t<meta property=\"og:image:height\" content=\"467\" \/>\n\t<meta property=\"og:image:type\" content=\"image\/webp\" \/>\n<meta name=\"twitter:card\" content=\"summary_large_image\" \/>\n<meta name=\"twitter:label1\" content=\"Est. reading time\" \/>\n\t<meta name=\"twitter:data1\" content=\"1 minute\" \/>\n<script type=\"application\/ld+json\" class=\"yoast-schema-graph\">{\"@context\":\"https:\\\/\\\/schema.org\",\"@graph\":[{\"@type\":\"WebPage\",\"@id\":\"https:\\\/\\\/beebipai.ee\\\/product\\\/faith-in-nature-juuksemaks-draakoniviljaga-300ml\\\/\",\"url\":\"https:\\\/\\\/beebipai.ee\\\/product\\\/faith-in-nature-juuksemaks-draakoniviljaga-300ml\\\/\",\"name\":\"Faith in Nature juuksemask draakoniviljaga, 300ml - Beebipai\",\"isPartOf\":{\"@id\":\"https:\\\/\\\/beebipai.ee\\\/en\\\/#website\"},\"primaryImageOfPage\":{\"@id\":\"https:\\\/\\\/beebipai.ee\\\/product\\\/faith-in-nature-juuksemaks-draakoniviljaga-300ml\\\/#primaryimage\"},\"image\":{\"@id\":\"https:\\\/\\\/beebipai.ee\\\/product\\\/faith-in-nature-juuksemaks-draakoniviljaga-300ml\\\/#primaryimage\"},\"thumbnailUrl\":\"https:\\\/\\\/beebipai.ee\\\/wp-content\\\/uploads\\\/2024\\\/11\\\/Faith-in-nature-juuksemask-draakoniviljaga-e1731269342737.webp\",\"datePublished\":\"2024-11-10T20:09:18+00:00\",\"dateModified\":\"2026-02-11T10:47:28+00:00\",\"description\":\"Faith in Nature juuksemask draakoniviljaga elavdab kahjustunud juukseid kogupikkuses. Vaata toodet Faith in Nature juuksemask draakoniviljaga!\",\"breadcrumb\":{\"@id\":\"https:\\\/\\\/beebipai.ee\\\/product\\\/faith-in-nature-juuksemaks-draakoniviljaga-300ml\\\/#breadcrumb\"},\"inLanguage\":\"en-US\",\"potentialAction\":[{\"@type\":\"ReadAction\",\"target\":[\"https:\\\/\\\/beebipai.ee\\\/product\\\/faith-in-nature-juuksemaks-draakoniviljaga-300ml\\\/\"]}]},{\"@type\":\"ImageObject\",\"inLanguage\":\"en-US\",\"@id\":\"https:\\\/\\\/beebipai.ee\\\/product\\\/faith-in-nature-juuksemaks-draakoniviljaga-300ml\\\/#primaryimage\",\"url\":\"https:\\\/\\\/beebipai.ee\\\/wp-content\\\/uploads\\\/2024\\\/11\\\/Faith-in-nature-juuksemask-draakoniviljaga-e1731269342737.webp\",\"contentUrl\":\"https:\\\/\\\/beebipai.ee\\\/wp-content\\\/uploads\\\/2024\\\/11\\\/Faith-in-nature-juuksemask-draakoniviljaga-e1731269342737.webp\",\"width\":500,\"height\":467},{\"@type\":\"BreadcrumbList\",\"@id\":\"https:\\\/\\\/beebipai.ee\\\/product\\\/faith-in-nature-juuksemaks-draakoniviljaga-300ml\\\/#breadcrumb\",\"itemListElement\":[{\"@type\":\"ListItem\",\"position\":1,\"name\":\"Home\",\"item\":\"https:\\\/\\\/beebipai.ee\\\/\"},{\"@type\":\"ListItem\",\"position\":2,\"name\":\"Pood\",\"item\":\"https:\\\/\\\/beebipai.ee\\\/store\\\/\"},{\"@type\":\"ListItem\",\"position\":3,\"name\":\"Faith in Nature juuksemask draakoniviljaga, 300ml\"}]},{\"@type\":\"WebSite\",\"@id\":\"https:\\\/\\\/beebipai.ee\\\/en\\\/#website\",\"url\":\"https:\\\/\\\/beebipai.ee\\\/en\\\/\",\"name\":\"Beebipai\",\"description\":\"Rasedate ja beebide veebipood\",\"potentialAction\":[{\"@type\":\"SearchAction\",\"target\":{\"@type\":\"EntryPoint\",\"urlTemplate\":\"https:\\\/\\\/beebipai.ee\\\/en\\\/?s={search_term_string}\"},\"query-input\":{\"@type\":\"PropertyValueSpecification\",\"valueRequired\":true,\"valueName\":\"search_term_string\"}}],\"inLanguage\":\"en-US\"}]}<\/script>\n<!-- \/ Yoast SEO plugin. -->","yoast_head_json":{"title":"Faith in Nature juuksemask draakoniviljaga, 300ml - Beebipai","description":"Faith in Nature juuksemask draakoniviljaga elavdab kahjustunud juukseid kogupikkuses. Vaata toodet Faith in Nature juuksemask draakoniviljaga!","robots":{"index":"index","follow":"follow","max-snippet":"max-snippet:-1","max-image-preview":"max-image-preview:large","max-video-preview":"max-video-preview:-1"},"canonical":"https:\/\/beebipai.ee\/en\/product\/faith-in-nature-juuksemaks-draakoniviljaga-300ml\/","og_locale":"en_US","og_type":"article","og_title":"Faith in Nature juuksemask draakoniviljaga, 300ml - Beebipai","og_description":"Faith in Nature juuksemask draakoniviljaga elavdab kahjustunud juukseid kogupikkuses. Vaata toodet Faith in Nature juuksemask draakoniviljaga!","og_url":"https:\/\/beebipai.ee\/en\/product\/faith-in-nature-juuksemaks-draakoniviljaga-300ml\/","og_site_name":"Beebipai","article_modified_time":"2026-02-11T10:47:28+00:00","og_image":[{"width":500,"height":467,"url":"https:\/\/beebipai.ee\/wp-content\/uploads\/2024\/11\/Faith-in-nature-juuksemask-draakoniviljaga-e1731269342737.webp","type":"image\/webp"}],"twitter_card":"summary_large_image","twitter_misc":{"Est. reading time":"1 minute"},"schema":{"@context":"https:\/\/schema.org","@graph":[{"@type":"WebPage","@id":"https:\/\/beebipai.ee\/product\/faith-in-nature-juuksemaks-draakoniviljaga-300ml\/","url":"https:\/\/beebipai.ee\/product\/faith-in-nature-juuksemaks-draakoniviljaga-300ml\/","name":"Faith in Nature juuksemask draakoniviljaga, 300ml - Beebipai","isPartOf":{"@id":"https:\/\/beebipai.ee\/en\/#website"},"primaryImageOfPage":{"@id":"https:\/\/beebipai.ee\/product\/faith-in-nature-juuksemaks-draakoniviljaga-300ml\/#primaryimage"},"image":{"@id":"https:\/\/beebipai.ee\/product\/faith-in-nature-juuksemaks-draakoniviljaga-300ml\/#primaryimage"},"thumbnailUrl":"https:\/\/beebipai.ee\/wp-content\/uploads\/2024\/11\/Faith-in-nature-juuksemask-draakoniviljaga-e1731269342737.webp","datePublished":"2024-11-10T20:09:18+00:00","dateModified":"2026-02-11T10:47:28+00:00","description":"Faith in Nature juuksemask draakoniviljaga elavdab kahjustunud juukseid kogupikkuses. Vaata toodet Faith in Nature juuksemask draakoniviljaga!","breadcrumb":{"@id":"https:\/\/beebipai.ee\/product\/faith-in-nature-juuksemaks-draakoniviljaga-300ml\/#breadcrumb"},"inLanguage":"en-US","potentialAction":[{"@type":"ReadAction","target":["https:\/\/beebipai.ee\/product\/faith-in-nature-juuksemaks-draakoniviljaga-300ml\/"]}]},{"@type":"ImageObject","inLanguage":"en-US","@id":"https:\/\/beebipai.ee\/product\/faith-in-nature-juuksemaks-draakoniviljaga-300ml\/#primaryimage","url":"https:\/\/beebipai.ee\/wp-content\/uploads\/2024\/11\/Faith-in-nature-juuksemask-draakoniviljaga-e1731269342737.webp","contentUrl":"https:\/\/beebipai.ee\/wp-content\/uploads\/2024\/11\/Faith-in-nature-juuksemask-draakoniviljaga-e1731269342737.webp","width":500,"height":467},{"@type":"BreadcrumbList","@id":"https:\/\/beebipai.ee\/product\/faith-in-nature-juuksemaks-draakoniviljaga-300ml\/#breadcrumb","itemListElement":[{"@type":"ListItem","position":1,"name":"Home","item":"https:\/\/beebipai.ee\/"},{"@type":"ListItem","position":2,"name":"Pood","item":"https:\/\/beebipai.ee\/store\/"},{"@type":"ListItem","position":3,"name":"Faith in Nature juuksemask draakoniviljaga, 300ml"}]},{"@type":"WebSite","@id":"https:\/\/beebipai.ee\/en\/#website","url":"https:\/\/beebipai.ee\/en\/","name":"Beebipai","description":"Rasedate ja beebide veebipood","potentialAction":[{"@type":"SearchAction","target":{"@type":"EntryPoint","urlTemplate":"https:\/\/beebipai.ee\/en\/?s={search_term_string}"},"query-input":{"@type":"PropertyValueSpecification","valueRequired":true,"valueName":"search_term_string"}}],"inLanguage":"en-US"}]}},"_links":{"self":[{"href":"https:\/\/beebipai.ee\/en\/wp-json\/wp\/v2\/product\/11738","targetHints":{"allow":["GET"]}}],"collection":[{"href":"https:\/\/beebipai.ee\/en\/wp-json\/wp\/v2\/product"}],"about":[{"href":"https:\/\/beebipai.ee\/en\/wp-json\/wp\/v2\/types\/product"}],"version-history":[{"count":5,"href":"https:\/\/beebipai.ee\/en\/wp-json\/wp\/v2\/product\/11738\/revisions"}],"predecessor-version":[{"id":13434,"href":"https:\/\/beebipai.ee\/en\/wp-json\/wp\/v2\/product\/11738\/revisions\/13434"}],"wp:featuredmedia":[{"embeddable":true,"href":"https:\/\/beebipai.ee\/en\/wp-json\/wp\/v2\/media\/11740"}],"wp:attachment":[{"href":"https:\/\/beebipai.ee\/en\/wp-json\/wp\/v2\/media?parent=11738"}],"wp:term":[{"taxonomy":"product_brand","embeddable":true,"href":"https:\/\/beebipai.ee\/en\/wp-json\/wp\/v2\/product_brand?post=11738"},{"taxonomy":"product_cat","embeddable":true,"href":"https:\/\/beebipai.ee\/en\/wp-json\/wp\/v2\/product_cat?post=11738"},{"taxonomy":"product_tag","embeddable":true,"href":"https:\/\/beebipai.ee\/en\/wp-json\/wp\/v2\/product_tag?post=11738"}],"curies":[{"name":"wp","href":"https:\/\/api.w.org\/{rel}","templated":true}]}}