{"id":11704,"date":"2024-11-10T00:42:26","date_gmt":"2024-11-09T22:42:26","guid":{"rendered":"https:\/\/beebipai.ee\/?post_type=product&#038;p=11704"},"modified":"2025-09-06T10:36:20","modified_gmt":"2025-09-06T07:36:20","slug":"kikkaboo-beebitarvete-kott-cerise-hall","status":"publish","type":"product","link":"https:\/\/beebipai.ee\/en\/product\/kikkaboo-beebitarvete-kott-cerise-hall\/","title":{"rendered":"Kikkaboo beebitarvete kott Cerise, hall"},"content":{"rendered":"<div data-elementor-type=\"wp-post\" data-elementor-id=\"11704\" class=\"elementor elementor-11704\">\n\t\t\t\t\t\t<section class=\"elementor-section elementor-top-section elementor-element elementor-element-431c86e elementor-section-boxed elementor-section-height-default elementor-section-height-default\" data-id=\"431c86e\" data-element_type=\"section\" data-e-type=\"section\">\n\t\t\t\t\t\t<div class=\"elementor-container elementor-column-gap-default\">\n\t\t\t\t\t<div class=\"elementor-column elementor-col-50 elementor-top-column elementor-element elementor-element-80131a1\" data-id=\"80131a1\" data-element_type=\"column\" data-e-type=\"column\">\n\t\t\t<div class=\"elementor-widget-wrap elementor-element-populated\">\n\t\t\t\t\t\t<div class=\"elementor-element elementor-element-dca0e59 elementor-widget elementor-widget-heading\" data-id=\"dca0e59\" data-element_type=\"widget\" data-e-type=\"widget\" data-widget_type=\"heading.default\">\n\t\t\t\t<div class=\"elementor-widget-container\">\n\t\t\t\t\t<h2 class=\"elementor-heading-title elementor-size-default\">Kikkaboo mama bag Cerise<\/h2>\t\t\t\t<\/div>\n\t\t\t\t<\/div>\n\t\t\t\t<div class=\"elementor-element elementor-element-c9777e6 elementor-widget elementor-widget-text-editor\" data-id=\"c9777e6\" data-element_type=\"widget\" data-e-type=\"widget\" data-widget_type=\"text-editor.default\">\n\t\t\t\t<div class=\"elementor-widget-container\">\n\t\t\t\t\t\t\t\t\t<p>The stylish design and soft leather PU material bag for baby supplies is suitable for use as both a backpack and a handbag. Fits the necessary things nicely for both baby and mother. A diaper tray is included for more convenient dressing of the baby.<\/p><p>Wide opening on the main pocket for easier and faster access. The main pocket can be fixed with a magnet and a roll top. A zippered opening on the back allows quick access to the bottom of the main drawer. Easily mounted on the handle of the stroller with clips. Elastic strap length adjuster.\u00a0<\/p><p>Different compartments for clothes and diapers and waterproof pockets for wet or leaky items. 2 thermal containers to keep milk, water, juice at a stable temperature for hours. Side pocket for things you need quickly.<\/p>\t\t\t\t\t\t\t\t<\/div>\n\t\t\t\t<\/div>\n\t\t\t\t\t<\/div>\n\t\t<\/div>\n\t\t\t\t<div class=\"elementor-column elementor-col-50 elementor-top-column elementor-element elementor-element-02384b1\" data-id=\"02384b1\" data-element_type=\"column\" data-e-type=\"column\">\n\t\t\t<div class=\"elementor-widget-wrap elementor-element-populated\">\n\t\t\t\t\t\t<div class=\"elementor-element elementor-element-23d79f5 elementor-widget elementor-widget-image\" data-id=\"23d79f5\" data-element_type=\"widget\" data-e-type=\"widget\" data-widget_type=\"image.default\">\n\t\t\t\t<div class=\"elementor-widget-container\">\n\t\t\t\t\t\t\t\t\t\t\t\t\t\t\t<img fetchpriority=\"high\" decoding=\"async\" width=\"520\" height=\"520\" src=\"https:\/\/beebipai.ee\/wp-content\/uploads\/2024\/06\/Kikkaboo-beebitarvete-kott-Cerise.webp\" class=\"attachment-large size-large wp-image-11699\" alt=\"\" srcset=\"https:\/\/beebipai.ee\/wp-content\/uploads\/2024\/06\/Kikkaboo-beebitarvete-kott-Cerise.webp 520w, https:\/\/beebipai.ee\/wp-content\/uploads\/2024\/06\/Kikkaboo-beebitarvete-kott-Cerise-300x300.webp 300w, https:\/\/beebipai.ee\/wp-content\/uploads\/2024\/06\/Kikkaboo-beebitarvete-kott-Cerise-150x150.webp 150w, https:\/\/beebipai.ee\/wp-content\/uploads\/2024\/06\/Kikkaboo-beebitarvete-kott-Cerise-12x12.webp 12w, https:\/\/beebipai.ee\/wp-content\/uploads\/2024\/06\/Kikkaboo-beebitarvete-kott-Cerise-100x100.webp 100w\" sizes=\"(max-width: 520px) 100vw, 520px\" \/>\t\t\t\t\t\t\t\t\t\t\t\t\t\t\t<\/div>\n\t\t\t\t<\/div>\n\t\t\t\t\t<\/div>\n\t\t<\/div>\n\t\t\t\t\t<\/div>\n\t\t<\/section>\n\t\t\t\t<\/div>","protected":false},"excerpt":{"rendered":"<p>Kikkaboo beebitarvete kott Cerise on mugav, praktiline ja stiilne. Multifunktsionaalne kott \u00fchendab ilusa v\u00e4limuse praktilisusega, tagades et k\u00f5ik vajalikud asjad oleksid k\u00e4eulatuses.\u00a0 Kotti mahutad k\u00f5ik vajalikud asjad nii endale kui ka beebile. Hooldusvahenditest s\u00f6\u00f6gitarveteni.<\/p>","protected":false},"featured_media":10945,"template":"","meta":{"_monsterinsights_skip_tracking":false,"_monsterinsights_sitenote_active":false,"_monsterinsights_sitenote_note":"","_monsterinsights_sitenote_category":0,"site-sidebar-layout":"no-sidebar","site-content-layout":"page-builder","ast-site-content-layout":"full-width-container","site-content-style":"default","site-sidebar-style":"default","ast-global-header-display":"","ast-banner-title-visibility":"","ast-main-header-display":"","ast-hfb-above-header-display":"","ast-hfb-below-header-display":"","ast-hfb-mobile-header-display":"","site-post-title":"disabled","ast-breadcrumbs-content":"","ast-featured-img":"disabled","footer-sml-layout":"","ast-disable-related-posts":"","theme-transparent-header-meta":"default","adv-header-id-meta":"","stick-header-meta":"","header-above-stick-meta":"","header-main-stick-meta":"","header-below-stick-meta":"","astra-migrate-meta-layouts":"set","ast-page-background-enabled":"default","ast-page-background-meta":{"desktop":{"background-color":"","background-image":"","background-repeat":"repeat","background-position":"center center","background-size":"auto","background-attachment":"scroll","background-type":"","background-media":"","overlay-type":"","overlay-color":"","overlay-opacity":"","overlay-gradient":""},"tablet":{"background-color":"","background-image":"","background-repeat":"repeat","background-position":"center center","background-size":"auto","background-attachment":"scroll","background-type":"","background-media":"","overlay-type":"","overlay-color":"","overlay-opacity":"","overlay-gradient":""},"mobile":{"background-color":"","background-image":"","background-repeat":"repeat","background-position":"center center","background-size":"auto","background-attachment":"scroll","background-type":"","background-media":"","overlay-type":"","overlay-color":"","overlay-opacity":"","overlay-gradient":""}},"ast-content-background-meta":{"desktop":{"background-color":"var(--ast-global-color-5)","background-image":"","background-repeat":"repeat","background-position":"center center","background-size":"auto","background-attachment":"scroll","background-type":"","background-media":"","overlay-type":"","overlay-color":"","overlay-opacity":"","overlay-gradient":""},"tablet":{"background-color":"var(--ast-global-color-5)","background-image":"","background-repeat":"repeat","background-position":"center center","background-size":"auto","background-attachment":"scroll","background-type":"","background-media":"","overlay-type":"","overlay-color":"","overlay-opacity":"","overlay-gradient":""},"mobile":{"background-color":"var(--ast-global-color-5)","background-image":"","background-repeat":"repeat","background-position":"center center","background-size":"auto","background-attachment":"scroll","background-type":"","background-media":"","overlay-type":"","overlay-color":"","overlay-opacity":"","overlay-gradient":""}}},"product_brand":[],"product_cat":[157,22],"product_tag":[],"class_list":{"0":"post-11704","1":"product","2":"type-product","3":"status-publish","4":"has-post-thumbnail","6":"product_cat-beebitarvete-kotid","7":"product_cat-emale","8":"desktop-align-left","9":"tablet-align-left","10":"mobile-align-left","12":"first","13":"instock","14":"taxable","15":"shipping-taxable","16":"purchasable","17":"product-type-simple"},"yoast_head":"<!-- This site is optimized with the Yoast SEO plugin v27.3 - https:\/\/yoast.com\/product\/yoast-seo-wordpress\/ -->\n<title>Kikkaboo beebitarvete kott Cerise, hall - Beebipai<\/title>\n<meta name=\"description\" content=\"Kikkaboo beebitarvete kott Cerise mahutab k\u00f5ik vajalikud asjad emale ja beebile. Vaata toodet Kikkaboo beebitarvete kott Cerise!\" \/>\n<meta name=\"robots\" content=\"index, follow, max-snippet:-1, max-image-preview:large, max-video-preview:-1\" \/>\n<link rel=\"canonical\" href=\"https:\/\/beebipai.ee\/en\/product\/kikkaboo-beebitarvete-kott-cerise-hall\/\" \/>\n<meta property=\"og:locale\" content=\"en_US\" \/>\n<meta property=\"og:type\" content=\"article\" \/>\n<meta property=\"og:title\" content=\"Kikkaboo beebitarvete kott Cerise, hall - Beebipai\" \/>\n<meta property=\"og:description\" content=\"Kikkaboo beebitarvete kott Cerise mahutab k\u00f5ik vajalikud asjad emale ja beebile. Vaata toodet Kikkaboo beebitarvete kott Cerise!\" \/>\n<meta property=\"og:url\" content=\"https:\/\/beebipai.ee\/en\/product\/kikkaboo-beebitarvete-kott-cerise-hall\/\" \/>\n<meta property=\"og:site_name\" content=\"Beebipai\" \/>\n<meta property=\"article:modified_time\" content=\"2025-09-06T07:36:20+00:00\" \/>\n<meta property=\"og:image\" content=\"https:\/\/beebipai.ee\/wp-content\/uploads\/2024\/06\/Kikkaboo-beebitarvete-kott-10.jpg\" \/>\n\t<meta property=\"og:image:width\" content=\"522\" \/>\n\t<meta property=\"og:image:height\" content=\"522\" \/>\n\t<meta property=\"og:image:type\" content=\"image\/jpeg\" \/>\n<meta name=\"twitter:card\" content=\"summary_large_image\" \/>\n<meta name=\"twitter:label1\" content=\"Est. reading time\" \/>\n\t<meta name=\"twitter:data1\" content=\"1 minute\" \/>\n<script type=\"application\/ld+json\" class=\"yoast-schema-graph\">{\"@context\":\"https:\\\/\\\/schema.org\",\"@graph\":[{\"@type\":\"WebPage\",\"@id\":\"https:\\\/\\\/beebipai.ee\\\/product\\\/kikkaboo-beebitarvete-kott-cerise-hall\\\/\",\"url\":\"https:\\\/\\\/beebipai.ee\\\/product\\\/kikkaboo-beebitarvete-kott-cerise-hall\\\/\",\"name\":\"Kikkaboo beebitarvete kott Cerise, hall - Beebipai\",\"isPartOf\":{\"@id\":\"https:\\\/\\\/beebipai.ee\\\/en\\\/#website\"},\"primaryImageOfPage\":{\"@id\":\"https:\\\/\\\/beebipai.ee\\\/product\\\/kikkaboo-beebitarvete-kott-cerise-hall\\\/#primaryimage\"},\"image\":{\"@id\":\"https:\\\/\\\/beebipai.ee\\\/product\\\/kikkaboo-beebitarvete-kott-cerise-hall\\\/#primaryimage\"},\"thumbnailUrl\":\"https:\\\/\\\/beebipai.ee\\\/wp-content\\\/uploads\\\/2024\\\/06\\\/Kikkaboo-beebitarvete-kott-10.jpg\",\"datePublished\":\"2024-11-09T22:42:26+00:00\",\"dateModified\":\"2025-09-06T07:36:20+00:00\",\"description\":\"Kikkaboo beebitarvete kott Cerise mahutab k\u00f5ik vajalikud asjad emale ja beebile. Vaata toodet Kikkaboo beebitarvete kott Cerise!\",\"breadcrumb\":{\"@id\":\"https:\\\/\\\/beebipai.ee\\\/product\\\/kikkaboo-beebitarvete-kott-cerise-hall\\\/#breadcrumb\"},\"inLanguage\":\"en-US\",\"potentialAction\":[{\"@type\":\"ReadAction\",\"target\":[\"https:\\\/\\\/beebipai.ee\\\/product\\\/kikkaboo-beebitarvete-kott-cerise-hall\\\/\"]}]},{\"@type\":\"ImageObject\",\"inLanguage\":\"en-US\",\"@id\":\"https:\\\/\\\/beebipai.ee\\\/product\\\/kikkaboo-beebitarvete-kott-cerise-hall\\\/#primaryimage\",\"url\":\"https:\\\/\\\/beebipai.ee\\\/wp-content\\\/uploads\\\/2024\\\/06\\\/Kikkaboo-beebitarvete-kott-10.jpg\",\"contentUrl\":\"https:\\\/\\\/beebipai.ee\\\/wp-content\\\/uploads\\\/2024\\\/06\\\/Kikkaboo-beebitarvete-kott-10.jpg\",\"width\":522,\"height\":522},{\"@type\":\"BreadcrumbList\",\"@id\":\"https:\\\/\\\/beebipai.ee\\\/product\\\/kikkaboo-beebitarvete-kott-cerise-hall\\\/#breadcrumb\",\"itemListElement\":[{\"@type\":\"ListItem\",\"position\":1,\"name\":\"Home\",\"item\":\"https:\\\/\\\/beebipai.ee\\\/\"},{\"@type\":\"ListItem\",\"position\":2,\"name\":\"Pood\",\"item\":\"https:\\\/\\\/beebipai.ee\\\/store\\\/\"},{\"@type\":\"ListItem\",\"position\":3,\"name\":\"Kikkaboo beebitarvete kott Cerise, hall\"}]},{\"@type\":\"WebSite\",\"@id\":\"https:\\\/\\\/beebipai.ee\\\/en\\\/#website\",\"url\":\"https:\\\/\\\/beebipai.ee\\\/en\\\/\",\"name\":\"Beebipai\",\"description\":\"Rasedate ja beebide veebipood\",\"potentialAction\":[{\"@type\":\"SearchAction\",\"target\":{\"@type\":\"EntryPoint\",\"urlTemplate\":\"https:\\\/\\\/beebipai.ee\\\/en\\\/?s={search_term_string}\"},\"query-input\":{\"@type\":\"PropertyValueSpecification\",\"valueRequired\":true,\"valueName\":\"search_term_string\"}}],\"inLanguage\":\"en-US\"}]}<\/script>\n<!-- \/ Yoast SEO plugin. -->","yoast_head_json":{"title":"Kikkaboo beebitarvete kott Cerise, hall - Beebipai","description":"Kikkaboo beebitarvete kott Cerise mahutab k\u00f5ik vajalikud asjad emale ja beebile. Vaata toodet Kikkaboo beebitarvete kott Cerise!","robots":{"index":"index","follow":"follow","max-snippet":"max-snippet:-1","max-image-preview":"max-image-preview:large","max-video-preview":"max-video-preview:-1"},"canonical":"https:\/\/beebipai.ee\/en\/product\/kikkaboo-beebitarvete-kott-cerise-hall\/","og_locale":"en_US","og_type":"article","og_title":"Kikkaboo beebitarvete kott Cerise, hall - Beebipai","og_description":"Kikkaboo beebitarvete kott Cerise mahutab k\u00f5ik vajalikud asjad emale ja beebile. Vaata toodet Kikkaboo beebitarvete kott Cerise!","og_url":"https:\/\/beebipai.ee\/en\/product\/kikkaboo-beebitarvete-kott-cerise-hall\/","og_site_name":"Beebipai","article_modified_time":"2025-09-06T07:36:20+00:00","og_image":[{"width":522,"height":522,"url":"https:\/\/beebipai.ee\/wp-content\/uploads\/2024\/06\/Kikkaboo-beebitarvete-kott-10.jpg","type":"image\/jpeg"}],"twitter_card":"summary_large_image","twitter_misc":{"Est. reading time":"1 minute"},"schema":{"@context":"https:\/\/schema.org","@graph":[{"@type":"WebPage","@id":"https:\/\/beebipai.ee\/product\/kikkaboo-beebitarvete-kott-cerise-hall\/","url":"https:\/\/beebipai.ee\/product\/kikkaboo-beebitarvete-kott-cerise-hall\/","name":"Kikkaboo beebitarvete kott Cerise, hall - Beebipai","isPartOf":{"@id":"https:\/\/beebipai.ee\/en\/#website"},"primaryImageOfPage":{"@id":"https:\/\/beebipai.ee\/product\/kikkaboo-beebitarvete-kott-cerise-hall\/#primaryimage"},"image":{"@id":"https:\/\/beebipai.ee\/product\/kikkaboo-beebitarvete-kott-cerise-hall\/#primaryimage"},"thumbnailUrl":"https:\/\/beebipai.ee\/wp-content\/uploads\/2024\/06\/Kikkaboo-beebitarvete-kott-10.jpg","datePublished":"2024-11-09T22:42:26+00:00","dateModified":"2025-09-06T07:36:20+00:00","description":"Kikkaboo beebitarvete kott Cerise mahutab k\u00f5ik vajalikud asjad emale ja beebile. Vaata toodet Kikkaboo beebitarvete kott Cerise!","breadcrumb":{"@id":"https:\/\/beebipai.ee\/product\/kikkaboo-beebitarvete-kott-cerise-hall\/#breadcrumb"},"inLanguage":"en-US","potentialAction":[{"@type":"ReadAction","target":["https:\/\/beebipai.ee\/product\/kikkaboo-beebitarvete-kott-cerise-hall\/"]}]},{"@type":"ImageObject","inLanguage":"en-US","@id":"https:\/\/beebipai.ee\/product\/kikkaboo-beebitarvete-kott-cerise-hall\/#primaryimage","url":"https:\/\/beebipai.ee\/wp-content\/uploads\/2024\/06\/Kikkaboo-beebitarvete-kott-10.jpg","contentUrl":"https:\/\/beebipai.ee\/wp-content\/uploads\/2024\/06\/Kikkaboo-beebitarvete-kott-10.jpg","width":522,"height":522},{"@type":"BreadcrumbList","@id":"https:\/\/beebipai.ee\/product\/kikkaboo-beebitarvete-kott-cerise-hall\/#breadcrumb","itemListElement":[{"@type":"ListItem","position":1,"name":"Home","item":"https:\/\/beebipai.ee\/"},{"@type":"ListItem","position":2,"name":"Pood","item":"https:\/\/beebipai.ee\/store\/"},{"@type":"ListItem","position":3,"name":"Kikkaboo beebitarvete kott Cerise, hall"}]},{"@type":"WebSite","@id":"https:\/\/beebipai.ee\/en\/#website","url":"https:\/\/beebipai.ee\/en\/","name":"Beebipai","description":"Rasedate ja beebide veebipood","potentialAction":[{"@type":"SearchAction","target":{"@type":"EntryPoint","urlTemplate":"https:\/\/beebipai.ee\/en\/?s={search_term_string}"},"query-input":{"@type":"PropertyValueSpecification","valueRequired":true,"valueName":"search_term_string"}}],"inLanguage":"en-US"}]}},"_links":{"self":[{"href":"https:\/\/beebipai.ee\/en\/wp-json\/wp\/v2\/product\/11704","targetHints":{"allow":["GET"]}}],"collection":[{"href":"https:\/\/beebipai.ee\/en\/wp-json\/wp\/v2\/product"}],"about":[{"href":"https:\/\/beebipai.ee\/en\/wp-json\/wp\/v2\/types\/product"}],"version-history":[{"count":5,"href":"https:\/\/beebipai.ee\/en\/wp-json\/wp\/v2\/product\/11704\/revisions"}],"predecessor-version":[{"id":11712,"href":"https:\/\/beebipai.ee\/en\/wp-json\/wp\/v2\/product\/11704\/revisions\/11712"}],"wp:featuredmedia":[{"embeddable":true,"href":"https:\/\/beebipai.ee\/en\/wp-json\/wp\/v2\/media\/10945"}],"wp:attachment":[{"href":"https:\/\/beebipai.ee\/en\/wp-json\/wp\/v2\/media?parent=11704"}],"wp:term":[{"taxonomy":"product_brand","embeddable":true,"href":"https:\/\/beebipai.ee\/en\/wp-json\/wp\/v2\/product_brand?post=11704"},{"taxonomy":"product_cat","embeddable":true,"href":"https:\/\/beebipai.ee\/en\/wp-json\/wp\/v2\/product_cat?post=11704"},{"taxonomy":"product_tag","embeddable":true,"href":"https:\/\/beebipai.ee\/en\/wp-json\/wp\/v2\/product_tag?post=11704"}],"curies":[{"name":"wp","href":"https:\/\/api.w.org\/{rel}","templated":true}]}}