{"id":10429,"date":"2024-03-30T13:19:06","date_gmt":"2024-03-30T11:19:06","guid":{"rendered":"https:\/\/www.beebipai.ee\/?post_type=product&#038;p=10429"},"modified":"2024-03-30T13:40:34","modified_gmt":"2024-03-30T11:40:34","slug":"neobulle-kahekihiline-musliinlina-120x120cm","status":"publish","type":"product","link":"https:\/\/beebipai.ee\/en\/product\/neobulle-kahekihiline-musliinlina-120x120cm\/","title":{"rendered":"Neobulle kahekihiline musliinlina 120x120cm"},"content":{"rendered":"<div data-elementor-type=\"wp-post\" data-elementor-id=\"10429\" class=\"elementor elementor-10429\">\n\t\t\t\t\t\t<section class=\"elementor-section elementor-top-section elementor-element elementor-element-07fbc85 elementor-section-boxed elementor-section-height-default elementor-section-height-default\" data-id=\"07fbc85\" data-element_type=\"section\" data-e-type=\"section\">\n\t\t\t\t\t\t<div class=\"elementor-container elementor-column-gap-default\">\n\t\t\t\t\t<div class=\"elementor-column elementor-col-50 elementor-top-column elementor-element elementor-element-9f3f190\" data-id=\"9f3f190\" data-element_type=\"column\" data-e-type=\"column\">\n\t\t\t<div class=\"elementor-widget-wrap elementor-element-populated\">\n\t\t\t\t\t\t<div class=\"elementor-element elementor-element-3f818e7 elementor-widget elementor-widget-heading\" data-id=\"3f818e7\" data-element_type=\"widget\" data-e-type=\"widget\" data-widget_type=\"heading.default\">\n\t\t\t\t<div class=\"elementor-widget-container\">\n\t\t\t\t\t<h2 class=\"elementor-heading-title elementor-size-default\">Neobulle kahekihiline musliinlina<\/h2>\t\t\t\t<\/div>\n\t\t\t\t<\/div>\n\t\t\t\t<div class=\"elementor-element elementor-element-8d2b411 elementor-widget elementor-widget-text-editor\" data-id=\"8d2b411\" data-element_type=\"widget\" data-e-type=\"widget\" data-widget_type=\"text-editor.default\">\n\t\t\t\t<div class=\"elementor-widget-container\">\n\t\t\t\t\t\t\t\t\t<p>Neobulle musliinlina \u00fchendab endas lihtsuse ja mitmek\u00fclgsuse. Valmistatuna sertifitseeritud orgaanilisest puuvillakrepist, on ta pehme, kerge ja \u00f5huline.\u00a0<\/p><p>Ideaalne kasutada beebi m\u00e4hkimiseks, kuivatamiseks ning imetamiselt. Suurep\u00e4rane kerge tekina. Mahedas ning tagasihoidikus naturaalse valge v\u00e4rvitoonis.\u00a0<\/p><p>Enne esimest kasutamist l\u00e4bi pesta, et saavutada musliinlina pehmus.\u00a0 Sobib masinapesu 30 kraadi juures, trummelkuivatus ja triikimine.\u00a0<\/p><pre id=\"tw-target-text\" class=\"tw-data-text tw-text-large tw-ta\" dir=\"ltr\" data-placeholder=\"T\u00f5lge\" aria-label=\"T\u00f5lgitud tekst\" data-ved=\"2ahUKEwjCtPXY05uFAxW9CBAIHf4OCpgQ3ewLegQIERAU\">\u00a0<\/pre>\t\t\t\t\t\t\t\t<\/div>\n\t\t\t\t<\/div>\n\t\t\t\t\t<\/div>\n\t\t<\/div>\n\t\t\t\t<div class=\"elementor-column elementor-col-50 elementor-top-column elementor-element elementor-element-a1d2e65\" data-id=\"a1d2e65\" data-element_type=\"column\" data-e-type=\"column\">\n\t\t\t<div class=\"elementor-widget-wrap elementor-element-populated\">\n\t\t\t\t\t\t<div class=\"elementor-element elementor-element-bc17944 elementor-widget elementor-widget-image\" data-id=\"bc17944\" data-element_type=\"widget\" data-e-type=\"widget\" data-widget_type=\"image.default\">\n\t\t\t\t<div class=\"elementor-widget-container\">\n\t\t\t\t\t\t\t\t\t\t\t\t\t\t\t<img fetchpriority=\"high\" decoding=\"async\" width=\"768\" height=\"768\" src=\"https:\/\/beebipai.ee\/wp-content\/uploads\/2024\/03\/Neobulle-musliinlina-2-768x768.jpg\" class=\"attachment-medium_large size-medium_large wp-image-10431\" alt=\"\" srcset=\"https:\/\/beebipai.ee\/wp-content\/uploads\/2024\/03\/Neobulle-musliinlina-2-768x768.jpg 768w, https:\/\/beebipai.ee\/wp-content\/uploads\/2024\/03\/Neobulle-musliinlina-2-300x300.jpg 300w, https:\/\/beebipai.ee\/wp-content\/uploads\/2024\/03\/Neobulle-musliinlina-2-150x150.jpg 150w, https:\/\/beebipai.ee\/wp-content\/uploads\/2024\/03\/Neobulle-musliinlina-2-12x12.jpg 12w, https:\/\/beebipai.ee\/wp-content\/uploads\/2024\/03\/Neobulle-musliinlina-2-600x600.jpg 600w, https:\/\/beebipai.ee\/wp-content\/uploads\/2024\/03\/Neobulle-musliinlina-2-100x100.jpg 100w, https:\/\/beebipai.ee\/wp-content\/uploads\/2024\/03\/Neobulle-musliinlina-2-e1711797424988.jpg 500w\" sizes=\"(max-width: 768px) 100vw, 768px\" \/>\t\t\t\t\t\t\t\t\t\t\t\t\t\t\t<\/div>\n\t\t\t\t<\/div>\n\t\t\t\t\t<\/div>\n\t\t<\/div>\n\t\t\t\t\t<\/div>\n\t\t<\/section>\n\t\t\t\t<\/div>","protected":false},"excerpt":{"rendered":"<p>Neobulle kahekihiline musliinlina on pehme ja \u00f5huline. Ideaalne kasutada lapse m\u00e4hkimiseks, kuivatamiseks, imetamisel ja kerge tekina.<\/p>\n<p>Valmistatud 100% sertifitseeritud orgaanilisest puuvillast.<\/p>","protected":false},"featured_media":10434,"template":"","meta":{"_monsterinsights_skip_tracking":false,"_monsterinsights_sitenote_active":false,"_monsterinsights_sitenote_note":"","_monsterinsights_sitenote_category":0,"site-sidebar-layout":"no-sidebar","site-content-layout":"page-builder","ast-site-content-layout":"full-width-container","site-content-style":"default","site-sidebar-style":"default","ast-global-header-display":"","ast-banner-title-visibility":"","ast-main-header-display":"","ast-hfb-above-header-display":"","ast-hfb-below-header-display":"","ast-hfb-mobile-header-display":"","site-post-title":"disabled","ast-breadcrumbs-content":"","ast-featured-img":"disabled","footer-sml-layout":"","ast-disable-related-posts":"","theme-transparent-header-meta":"default","adv-header-id-meta":"","stick-header-meta":"","header-above-stick-meta":"","header-main-stick-meta":"","header-below-stick-meta":"","astra-migrate-meta-layouts":"set","ast-page-background-enabled":"default","ast-page-background-meta":{"desktop":{"background-color":"","background-image":"","background-repeat":"repeat","background-position":"center center","background-size":"auto","background-attachment":"scroll","background-type":"","background-media":"","overlay-type":"","overlay-color":"","overlay-opacity":"","overlay-gradient":""},"tablet":{"background-color":"","background-image":"","background-repeat":"repeat","background-position":"center center","background-size":"auto","background-attachment":"scroll","background-type":"","background-media":"","overlay-type":"","overlay-color":"","overlay-opacity":"","overlay-gradient":""},"mobile":{"background-color":"","background-image":"","background-repeat":"repeat","background-position":"center center","background-size":"auto","background-attachment":"scroll","background-type":"","background-media":"","overlay-type":"","overlay-color":"","overlay-opacity":"","overlay-gradient":""}},"ast-content-background-meta":{"desktop":{"background-color":"var(--ast-global-color-5)","background-image":"","background-repeat":"repeat","background-position":"center center","background-size":"auto","background-attachment":"scroll","background-type":"","background-media":"","overlay-type":"","overlay-color":"","overlay-opacity":"","overlay-gradient":""},"tablet":{"background-color":"var(--ast-global-color-5)","background-image":"","background-repeat":"repeat","background-position":"center center","background-size":"auto","background-attachment":"scroll","background-type":"","background-media":"","overlay-type":"","overlay-color":"","overlay-opacity":"","overlay-gradient":""},"mobile":{"background-color":"var(--ast-global-color-5)","background-image":"","background-repeat":"repeat","background-position":"center center","background-size":"auto","background-attachment":"scroll","background-type":"","background-media":"","overlay-type":"","overlay-color":"","overlay-opacity":"","overlay-gradient":""}}},"product_brand":[],"product_cat":[23,22,146,103],"product_tag":[],"class_list":{"0":"post-10429","1":"product","2":"type-product","3":"status-publish","4":"has-post-thumbnail","6":"product_cat-beebile","7":"product_cat-emale","8":"product_cat-magamiseks","9":"product_cat-imetamine","10":"desktop-align-left","11":"tablet-align-left","12":"mobile-align-left","14":"first","15":"instock","16":"taxable","17":"shipping-taxable","18":"purchasable","19":"product-type-simple"},"yoast_head":"<!-- This site is optimized with the Yoast SEO plugin v27.3 - https:\/\/yoast.com\/product\/yoast-seo-wordpress\/ -->\n<title>Neobulle kahekihiline musliinlina 120x120cm - Beebipai<\/title>\n<meta name=\"description\" content=\"Neobulle kahekihiline musliinlina on ideaalne beebi kuivatamiseks, m\u00e4hkimiseks ja kerge tekina. Vaata toodet Neobulle kahekihiline musliinlina!\" \/>\n<meta name=\"robots\" content=\"index, follow, max-snippet:-1, max-image-preview:large, max-video-preview:-1\" \/>\n<link rel=\"canonical\" href=\"https:\/\/beebipai.ee\/en\/product\/neobulle-kahekihiline-musliinlina-120x120cm\/\" \/>\n<meta property=\"og:locale\" content=\"en_US\" \/>\n<meta property=\"og:type\" content=\"article\" \/>\n<meta property=\"og:title\" content=\"Neobulle kahekihiline musliinlina 120x120cm - Beebipai\" \/>\n<meta property=\"og:description\" content=\"Neobulle kahekihiline musliinlina on ideaalne beebi kuivatamiseks, m\u00e4hkimiseks ja kerge tekina. Vaata toodet Neobulle kahekihiline musliinlina!\" \/>\n<meta property=\"og:url\" content=\"https:\/\/beebipai.ee\/en\/product\/neobulle-kahekihiline-musliinlina-120x120cm\/\" \/>\n<meta property=\"og:site_name\" content=\"Beebipai\" \/>\n<meta property=\"article:modified_time\" content=\"2024-03-30T11:40:34+00:00\" \/>\n<meta property=\"og:image\" content=\"https:\/\/beebipai.ee\/wp-content\/uploads\/2024\/03\/Neobulle-musliinlina-e1711797374135.jpg\" \/>\n\t<meta property=\"og:image:width\" content=\"500\" \/>\n\t<meta property=\"og:image:height\" content=\"500\" \/>\n\t<meta property=\"og:image:type\" content=\"image\/jpeg\" \/>\n<meta name=\"twitter:card\" content=\"summary_large_image\" \/>\n<script type=\"application\/ld+json\" class=\"yoast-schema-graph\">{\"@context\":\"https:\\\/\\\/schema.org\",\"@graph\":[{\"@type\":\"WebPage\",\"@id\":\"https:\\\/\\\/beebipai.ee\\\/product\\\/neobulle-kahekihiline-musliinlina-120x120cm\\\/\",\"url\":\"https:\\\/\\\/beebipai.ee\\\/product\\\/neobulle-kahekihiline-musliinlina-120x120cm\\\/\",\"name\":\"Neobulle kahekihiline musliinlina 120x120cm - Beebipai\",\"isPartOf\":{\"@id\":\"https:\\\/\\\/beebipai.ee\\\/en\\\/#website\"},\"primaryImageOfPage\":{\"@id\":\"https:\\\/\\\/beebipai.ee\\\/product\\\/neobulle-kahekihiline-musliinlina-120x120cm\\\/#primaryimage\"},\"image\":{\"@id\":\"https:\\\/\\\/beebipai.ee\\\/product\\\/neobulle-kahekihiline-musliinlina-120x120cm\\\/#primaryimage\"},\"thumbnailUrl\":\"https:\\\/\\\/beebipai.ee\\\/wp-content\\\/uploads\\\/2024\\\/03\\\/Neobulle-musliinlina-e1711797374135.jpg\",\"datePublished\":\"2024-03-30T11:19:06+00:00\",\"dateModified\":\"2024-03-30T11:40:34+00:00\",\"description\":\"Neobulle kahekihiline musliinlina on ideaalne beebi kuivatamiseks, m\u00e4hkimiseks ja kerge tekina. Vaata toodet Neobulle kahekihiline musliinlina!\",\"breadcrumb\":{\"@id\":\"https:\\\/\\\/beebipai.ee\\\/product\\\/neobulle-kahekihiline-musliinlina-120x120cm\\\/#breadcrumb\"},\"inLanguage\":\"en-US\",\"potentialAction\":[{\"@type\":\"ReadAction\",\"target\":[\"https:\\\/\\\/beebipai.ee\\\/product\\\/neobulle-kahekihiline-musliinlina-120x120cm\\\/\"]}]},{\"@type\":\"ImageObject\",\"inLanguage\":\"en-US\",\"@id\":\"https:\\\/\\\/beebipai.ee\\\/product\\\/neobulle-kahekihiline-musliinlina-120x120cm\\\/#primaryimage\",\"url\":\"https:\\\/\\\/beebipai.ee\\\/wp-content\\\/uploads\\\/2024\\\/03\\\/Neobulle-musliinlina-e1711797374135.jpg\",\"contentUrl\":\"https:\\\/\\\/beebipai.ee\\\/wp-content\\\/uploads\\\/2024\\\/03\\\/Neobulle-musliinlina-e1711797374135.jpg\",\"width\":500,\"height\":500},{\"@type\":\"BreadcrumbList\",\"@id\":\"https:\\\/\\\/beebipai.ee\\\/product\\\/neobulle-kahekihiline-musliinlina-120x120cm\\\/#breadcrumb\",\"itemListElement\":[{\"@type\":\"ListItem\",\"position\":1,\"name\":\"Home\",\"item\":\"https:\\\/\\\/beebipai.ee\\\/\"},{\"@type\":\"ListItem\",\"position\":2,\"name\":\"Pood\",\"item\":\"https:\\\/\\\/beebipai.ee\\\/store\\\/\"},{\"@type\":\"ListItem\",\"position\":3,\"name\":\"Neobulle kahekihiline musliinlina 120x120cm\"}]},{\"@type\":\"WebSite\",\"@id\":\"https:\\\/\\\/beebipai.ee\\\/en\\\/#website\",\"url\":\"https:\\\/\\\/beebipai.ee\\\/en\\\/\",\"name\":\"Beebipai\",\"description\":\"Rasedate ja beebide veebipood\",\"potentialAction\":[{\"@type\":\"SearchAction\",\"target\":{\"@type\":\"EntryPoint\",\"urlTemplate\":\"https:\\\/\\\/beebipai.ee\\\/en\\\/?s={search_term_string}\"},\"query-input\":{\"@type\":\"PropertyValueSpecification\",\"valueRequired\":true,\"valueName\":\"search_term_string\"}}],\"inLanguage\":\"en-US\"}]}<\/script>\n<!-- \/ Yoast SEO plugin. -->","yoast_head_json":{"title":"Neobulle kahekihiline musliinlina 120x120cm - Beebipai","description":"Neobulle kahekihiline musliinlina on ideaalne beebi kuivatamiseks, m\u00e4hkimiseks ja kerge tekina. Vaata toodet Neobulle kahekihiline musliinlina!","robots":{"index":"index","follow":"follow","max-snippet":"max-snippet:-1","max-image-preview":"max-image-preview:large","max-video-preview":"max-video-preview:-1"},"canonical":"https:\/\/beebipai.ee\/en\/product\/neobulle-kahekihiline-musliinlina-120x120cm\/","og_locale":"en_US","og_type":"article","og_title":"Neobulle kahekihiline musliinlina 120x120cm - Beebipai","og_description":"Neobulle kahekihiline musliinlina on ideaalne beebi kuivatamiseks, m\u00e4hkimiseks ja kerge tekina. Vaata toodet Neobulle kahekihiline musliinlina!","og_url":"https:\/\/beebipai.ee\/en\/product\/neobulle-kahekihiline-musliinlina-120x120cm\/","og_site_name":"Beebipai","article_modified_time":"2024-03-30T11:40:34+00:00","og_image":[{"width":500,"height":500,"url":"https:\/\/beebipai.ee\/wp-content\/uploads\/2024\/03\/Neobulle-musliinlina-e1711797374135.jpg","type":"image\/jpeg"}],"twitter_card":"summary_large_image","schema":{"@context":"https:\/\/schema.org","@graph":[{"@type":"WebPage","@id":"https:\/\/beebipai.ee\/product\/neobulle-kahekihiline-musliinlina-120x120cm\/","url":"https:\/\/beebipai.ee\/product\/neobulle-kahekihiline-musliinlina-120x120cm\/","name":"Neobulle kahekihiline musliinlina 120x120cm - Beebipai","isPartOf":{"@id":"https:\/\/beebipai.ee\/en\/#website"},"primaryImageOfPage":{"@id":"https:\/\/beebipai.ee\/product\/neobulle-kahekihiline-musliinlina-120x120cm\/#primaryimage"},"image":{"@id":"https:\/\/beebipai.ee\/product\/neobulle-kahekihiline-musliinlina-120x120cm\/#primaryimage"},"thumbnailUrl":"https:\/\/beebipai.ee\/wp-content\/uploads\/2024\/03\/Neobulle-musliinlina-e1711797374135.jpg","datePublished":"2024-03-30T11:19:06+00:00","dateModified":"2024-03-30T11:40:34+00:00","description":"Neobulle kahekihiline musliinlina on ideaalne beebi kuivatamiseks, m\u00e4hkimiseks ja kerge tekina. Vaata toodet Neobulle kahekihiline musliinlina!","breadcrumb":{"@id":"https:\/\/beebipai.ee\/product\/neobulle-kahekihiline-musliinlina-120x120cm\/#breadcrumb"},"inLanguage":"en-US","potentialAction":[{"@type":"ReadAction","target":["https:\/\/beebipai.ee\/product\/neobulle-kahekihiline-musliinlina-120x120cm\/"]}]},{"@type":"ImageObject","inLanguage":"en-US","@id":"https:\/\/beebipai.ee\/product\/neobulle-kahekihiline-musliinlina-120x120cm\/#primaryimage","url":"https:\/\/beebipai.ee\/wp-content\/uploads\/2024\/03\/Neobulle-musliinlina-e1711797374135.jpg","contentUrl":"https:\/\/beebipai.ee\/wp-content\/uploads\/2024\/03\/Neobulle-musliinlina-e1711797374135.jpg","width":500,"height":500},{"@type":"BreadcrumbList","@id":"https:\/\/beebipai.ee\/product\/neobulle-kahekihiline-musliinlina-120x120cm\/#breadcrumb","itemListElement":[{"@type":"ListItem","position":1,"name":"Home","item":"https:\/\/beebipai.ee\/"},{"@type":"ListItem","position":2,"name":"Pood","item":"https:\/\/beebipai.ee\/store\/"},{"@type":"ListItem","position":3,"name":"Neobulle kahekihiline musliinlina 120x120cm"}]},{"@type":"WebSite","@id":"https:\/\/beebipai.ee\/en\/#website","url":"https:\/\/beebipai.ee\/en\/","name":"Beebipai","description":"Rasedate ja beebide veebipood","potentialAction":[{"@type":"SearchAction","target":{"@type":"EntryPoint","urlTemplate":"https:\/\/beebipai.ee\/en\/?s={search_term_string}"},"query-input":{"@type":"PropertyValueSpecification","valueRequired":true,"valueName":"search_term_string"}}],"inLanguage":"en-US"}]}},"_links":{"self":[{"href":"https:\/\/beebipai.ee\/en\/wp-json\/wp\/v2\/product\/10429","targetHints":{"allow":["GET"]}}],"collection":[{"href":"https:\/\/beebipai.ee\/en\/wp-json\/wp\/v2\/product"}],"about":[{"href":"https:\/\/beebipai.ee\/en\/wp-json\/wp\/v2\/types\/product"}],"version-history":[{"count":4,"href":"https:\/\/beebipai.ee\/en\/wp-json\/wp\/v2\/product\/10429\/revisions"}],"predecessor-version":[{"id":10440,"href":"https:\/\/beebipai.ee\/en\/wp-json\/wp\/v2\/product\/10429\/revisions\/10440"}],"wp:featuredmedia":[{"embeddable":true,"href":"https:\/\/beebipai.ee\/en\/wp-json\/wp\/v2\/media\/10434"}],"wp:attachment":[{"href":"https:\/\/beebipai.ee\/en\/wp-json\/wp\/v2\/media?parent=10429"}],"wp:term":[{"taxonomy":"product_brand","embeddable":true,"href":"https:\/\/beebipai.ee\/en\/wp-json\/wp\/v2\/product_brand?post=10429"},{"taxonomy":"product_cat","embeddable":true,"href":"https:\/\/beebipai.ee\/en\/wp-json\/wp\/v2\/product_cat?post=10429"},{"taxonomy":"product_tag","embeddable":true,"href":"https:\/\/beebipai.ee\/en\/wp-json\/wp\/v2\/product_tag?post=10429"}],"curies":[{"name":"wp","href":"https:\/\/api.w.org\/{rel}","templated":true}]}}